{"id":9587,"date":"2023-06-11T15:10:31","date_gmt":"2023-06-11T15:10:31","guid":{"rendered":"https:\/\/rc-chemlab.net\/?post_type=product&#038;p=9587"},"modified":"2024-04-16T02:28:24","modified_gmt":"2024-04-16T02:28:24","slug":"1cp-lsd-kaufen","status":"publish","type":"product","link":"https:\/\/rc-chemlab.net\/zh\/product\/1cp-lsd-kaufen\/","title":{"rendered":"1cP-LSD 100MCG"},"content":{"rendered":"<h1><span class=\"___SText_mzmpq-ko_\" data-ui-name=\"Link.Text\">\u8d2d\u4e70 1cP LSD<\/span><\/h1>\n<h2>1cP-LSD \u6027\u80fd<\/h2>\n<p>\u540c\u4e49\u8bcd\uff1a <a href=\"https:\/\/en.wikipedia.org\/wiki\/N1-Methyl-lysergic_acid_diethylamide\">N1-(\u73af\u4e19\u57fa\u7532\u9170\u57fa)\u9ea6\u89d2\u9170\u4e8c\u4e59\u80fa<\/a><br \/>\n\u5316\u5b66\u6587\u6458\u793e\u7f16\u53f7\uff1a\u4e0d\u9002\u7528<br \/>\n\u5206\u5b50\u5f0fC24H29N3O2 - HCL<br \/>\n\u5206\u5b50\u8d28\u91cf\uff1a 391.515 \u514b\/\u6469\u5c14<br \/>\n\u7eaf\u5ea6\uff1a98%<\/p>\n<h2>\u5371\u9669\u8b66\u544a<\/h2>\n<p>1cP-LSD \u53ef\u523a\u6fc0\u547c\u5438\u9053<br \/>\n1cP-LSD \u53ef\u80fd\u4f1a\u523a\u6fc0\u773c\u775b<br \/>\n\u7981\u6b62\u5411\u73af\u5883\u4e2d\u91ca\u653e RC\u3002<\/p>\n<p>1cP-LSD \u5165\u773c\uff1a\u7528\u6c34\u5f7b\u5e95\u51b2\u6d17\u773c\u775b\u4e94\u5206\u949f\u3002\u5c3d\u53ef\u80fd\u6458\u6389\u9690\u5f62\u773c\u955c\u3002<\/p>\n<p>1cP-LSD \u5982\u76ae\u80a4\u6cbe\u67d3\uff1a\u7528\u80a5\u7682\u548c\u6c34\u6e05\u6d17\u76ae\u80a4\u3002<\/p>\n<p>\u5438\u5165 1cP-LSD \u540e\uff1a\u5c06\u53d7\u5bb3\u8005\u8f6c\u79fb\u5230\u7a7a\u6c14\u65b0\u9c9c\u5904\uff0c\u5e76\u4fdd\u6301\u547c\u5438\u8212\u9002\u7684\u59ff\u52bf\u3002<\/p>\n<p>\u8fd9\u4e9b\u4ea7\u54c1\u4ec5\u4f9b\u7814\u7a76\u4e4b\u7528\uff0c\u4e0d\u53ef\u4f9b\u4eba\u7c7b\u98df\u7528\uff01\u5982\u9700\u4e86\u89e3\u66f4\u591a\u4fe1\u606f\uff0c\u8bf7\u8054\u7cfb <a href=\"https:\/\/rc-chemlab.net\/zh\/kontakt\/\">\u8054\u7cfb\u6211\u4eec<\/a> \u4e0a\u3002<\/p>","protected":false},"excerpt":{"rendered":"<p>1cP LSD kaufen 1cP-LSD Eigenschaften Synonym: N1-(Cyclopropylmethanoyl)-Lysergs\u00e4urediethylamid CAS-Nummer: entf\u00e4llt Formel: C24H29N3O2 &#8211; HCL Molekulare Masse: 391,515 g\/mol Reinheit: ?98% Gefahrenhinweise<\/p>","protected":false},"featured_media":10376,"comment_status":"open","ping_status":"closed","template":"","meta":{"_seopress_robots_primary_cat":"none","_seopress_titles_title":"1cP LSD kaufen %%sep%% %%sitetitle%%","_seopress_titles_desc":"1cP LSD kaufen - 1cP-LSD BEI KONTAKT MIT DEN AUGEN: Die Augen f\u00fcnf Minuten lang sorgf\u00e4ltig mit Wasser aussp\u00fclen. Kontaktlinsen nach M\u00f6glichkeit herausnehmen.","_seopress_robots_index":""},"product_brand":[],"product_cat":[141],"product_tag":[],"class_list":{"0":"post-9587","1":"product","2":"type-product","3":"status-publish","4":"has-post-thumbnail","6":"product_cat-blotter-kaufen","8":"first","9":"instock","10":"taxable","11":"shipping-taxable","12":"purchasable","13":"product-type-variable"},"_links":{"self":[{"href":"https:\/\/rc-chemlab.net\/zh\/wp-json\/wp\/v2\/product\/9587","targetHints":{"allow":["GET"]}}],"collection":[{"href":"https:\/\/rc-chemlab.net\/zh\/wp-json\/wp\/v2\/product"}],"about":[{"href":"https:\/\/rc-chemlab.net\/zh\/wp-json\/wp\/v2\/types\/product"}],"replies":[{"embeddable":true,"href":"https:\/\/rc-chemlab.net\/zh\/wp-json\/wp\/v2\/comments?post=9587"}],"version-history":[{"count":1,"href":"https:\/\/rc-chemlab.net\/zh\/wp-json\/wp\/v2\/product\/9587\/revisions"}],"predecessor-version":[{"id":9593,"href":"https:\/\/rc-chemlab.net\/zh\/wp-json\/wp\/v2\/product\/9587\/revisions\/9593"}],"wp:featuredmedia":[{"embeddable":true,"href":"https:\/\/rc-chemlab.net\/zh\/wp-json\/wp\/v2\/media\/10376"}],"wp:attachment":[{"href":"https:\/\/rc-chemlab.net\/zh\/wp-json\/wp\/v2\/media?parent=9587"}],"wp:term":[{"taxonomy":"product_brand","embeddable":true,"href":"https:\/\/rc-chemlab.net\/zh\/wp-json\/wp\/v2\/product_brand?post=9587"},{"taxonomy":"product_cat","embeddable":true,"href":"https:\/\/rc-chemlab.net\/zh\/wp-json\/wp\/v2\/product_cat?post=9587"},{"taxonomy":"product_tag","embeddable":true,"href":"https:\/\/rc-chemlab.net\/zh\/wp-json\/wp\/v2\/product_tag?post=9587"}],"curies":[{"name":"wp","href":"https:\/\/api.w.org\/{rel}","templated":true}]}}