{"id":9580,"date":"2023-06-11T14:47:31","date_gmt":"2023-06-11T14:47:31","guid":{"rendered":"https:\/\/rc-chemlab.net\/?post_type=product&#038;p=9580"},"modified":"2024-04-16T02:20:45","modified_gmt":"2024-04-16T02:20:45","slug":"1b-lsd-kaufen","status":"publish","type":"product","link":"https:\/\/rc-chemlab.net\/zh\/product\/1b-lsd-kaufen\/","title":{"rendered":"1B-LSD 100MCG"},"content":{"rendered":"<h1>\u8d2d\u4e70 1B LSD<\/h1>\n<h2>1B-LSD \u5c5e\u6027<\/h2>\n<p>\u540c\u4e49\u8bcd\uff1a <a href=\"https:\/\/www.researchgate.net\/figure\/Effects-of-AL-LAD-A-and-LSZ-B-on-the-head-twitch-response-Data-are-presented-as_fig1_303820411\">N1-\u4e01\u9170\u9ea6\u89d2\u9170\u4e8c\u4e59\u80fa<\/a><br \/>\n\u5316\u5b66\u6587\u6458\u793e\u7f16\u53f7\uff1a2349376-12-9<br \/>\n\u5206\u5b50\u5f0fC24H31N3O2 - HCL<br \/>\n\u8d28\u91cf\uff1a 393.531 \u514b\/\u6469\u5c14<br \/>\n\u7eaf\u5ea6\uff1a98%<\/p>\n<p>\u5371\u9669\u8b66\u544a<\/p>\n<p>1B-LSD \u53ef\u523a\u6fc0\u547c\u5438\u9053<br \/>\n1B-LSD \u53ef\u523a\u6fc0\u773c\u775b<br \/>\n\u7981\u6b62\u5411\u73af\u5883\u4e2d\u91ca\u653e RC\u3002<\/p>\n<p>1B-LSD \u5165\u773c\uff1a\u7528\u6c34\u5f7b\u5e95\u51b2\u6d17\u773c\u775b\u4e94\u5206\u949f\u3002\u5c3d\u53ef\u80fd\u6458\u6389\u9690\u5f62\u773c\u955c\u3002<\/p>\n<p>1B-LSD \u5982\u76ae\u80a4\u6cbe\u67d3\uff1a\u7528\u80a5\u7682\u548c\u6c34\u6e05\u6d17\u76ae\u80a4\u3002<\/p>\n<p>\u5438\u5165 1B-LSD \u540e\uff1a\u5c06\u53d7\u5bb3\u8005\u8f6c\u79fb\u5230\u7a7a\u6c14\u65b0\u9c9c\u5904\uff0c\u5e76\u4fdd\u6301\u6709\u5229\u4e8e\u547c\u5438\u7684\u59ff\u52bf\u3002<\/p>\n<p>\u8fd9\u4e9b\u4ea7\u54c1\u4ec5\u4f9b\u7814\u7a76\u4e4b\u7528\uff0c\u4e0d\u53ef\u4f9b\u4eba\u7c7b\u98df\u7528\uff01\u5982\u9700\u4e86\u89e3\u66f4\u591a\u4fe1\u606f\uff0c\u8bf7\u8054\u7cfb <a href=\"https:\/\/rc-chemlab.net\/zh\/kontakt\/\">\u8054\u7cfb\u6211\u4eec<\/a> \u4e0a\u3002<\/p>\n<p>&nbsp;<\/p>","protected":false},"excerpt":{"rendered":"<p>1B LSD kaufen 1B-LSD Eigenschaften Synonym: N1-Butyryl-Lysergs\u00e4urediethylamid CAS-Nummer: 2349376-12-9 Formel: C24H31N3O2 &#8211; HCL Masse: 393,531 g\/mol Reinheit: ?98% Gefahrenhinweise 1B-LSD<\/p>","protected":false},"featured_media":10368,"comment_status":"open","ping_status":"closed","template":"","meta":{"_seopress_robots_primary_cat":"none","_seopress_titles_title":"1B LSD kaufen %%sep%% %%sitetitle%%","_seopress_titles_desc":"1B LSD kaufen - Die Augen f\u00fcnf Minuten lang sorgf\u00e4ltig mit Wasser aussp\u00fclen. Kontaktlinsen nach M\u00f6glichkeit herausnehmen.","_seopress_robots_index":""},"product_brand":[],"product_cat":[141],"product_tag":[],"class_list":{"0":"post-9580","1":"product","2":"type-product","3":"status-publish","4":"has-post-thumbnail","6":"product_cat-blotter-kaufen","8":"first","9":"instock","10":"taxable","11":"shipping-taxable","12":"purchasable","13":"product-type-variable"},"_links":{"self":[{"href":"https:\/\/rc-chemlab.net\/zh\/wp-json\/wp\/v2\/product\/9580","targetHints":{"allow":["GET"]}}],"collection":[{"href":"https:\/\/rc-chemlab.net\/zh\/wp-json\/wp\/v2\/product"}],"about":[{"href":"https:\/\/rc-chemlab.net\/zh\/wp-json\/wp\/v2\/types\/product"}],"replies":[{"embeddable":true,"href":"https:\/\/rc-chemlab.net\/zh\/wp-json\/wp\/v2\/comments?post=9580"}],"version-history":[{"count":1,"href":"https:\/\/rc-chemlab.net\/zh\/wp-json\/wp\/v2\/product\/9580\/revisions"}],"predecessor-version":[{"id":9586,"href":"https:\/\/rc-chemlab.net\/zh\/wp-json\/wp\/v2\/product\/9580\/revisions\/9586"}],"wp:featuredmedia":[{"embeddable":true,"href":"https:\/\/rc-chemlab.net\/zh\/wp-json\/wp\/v2\/media\/10368"}],"wp:attachment":[{"href":"https:\/\/rc-chemlab.net\/zh\/wp-json\/wp\/v2\/media?parent=9580"}],"wp:term":[{"taxonomy":"product_brand","embeddable":true,"href":"https:\/\/rc-chemlab.net\/zh\/wp-json\/wp\/v2\/product_brand?post=9580"},{"taxonomy":"product_cat","embeddable":true,"href":"https:\/\/rc-chemlab.net\/zh\/wp-json\/wp\/v2\/product_cat?post=9580"},{"taxonomy":"product_tag","embeddable":true,"href":"https:\/\/rc-chemlab.net\/zh\/wp-json\/wp\/v2\/product_tag?post=9580"}],"curies":[{"name":"wp","href":"https:\/\/api.w.org\/{rel}","templated":true}]}}