{"id":159,"date":"2020-03-16T09:03:45","date_gmt":"2020-03-16T09:03:45","guid":{"rendered":"https:\/\/demo.creativethemes.com\/blocksy\/modern-shop\/?post_type=product&#038;p=159"},"modified":"2024-09-17T01:32:26","modified_gmt":"2024-09-17T01:32:26","slug":"3-fpm-kaufen","status":"publish","type":"product","link":"https:\/\/rc-chemlab.net\/zh\/product\/3-fpm-kaufen\/","title":{"rendered":"3-FPM"},"content":{"rendered":"<h1>3-FPM-Kaufen<\/h1>\n<h2>Was ist 3-FPM?<\/h2>\n<p>3FPM ist die Abk\u00fcrzung f\u00fcr <a href=\"https:\/\/psychonautwiki.org\/wiki\/3-fpm\">3-Fluorophenmetrazin<\/a>. 3-FPM ist ein chemisches Stimulans f\u00fcr Forschungszwecke. 3-FPM ist eine chemische Klasse von Phenylmorpholin. Die Versuchsergebnisse mit 3-FPM sind in der Regel sehr \u00e4hnlich und fast identisch mit denen von Amphetamin.<\/p>\n<p>Experimente mit 3-FPM f\u00fchren in der Regel zu erh\u00f6hter Konzentration und Motivation, Gedankenbeschleunigung und Euphorie. Nur werden diese Ergebnisse oft als weniger intensiv beschrieben als die von Amphetamin oder anderen Stimulanzien. Infolge von reduzierten Dosen mit 3-FPM waren zwei Befunde weniger pr\u00e4sent: Nervosit\u00e4t und Schlaflosigkeit.<\/p>\n<h2>Wo kann man 3-FPM kaufen?<\/h2>\n<p>Wir bieten hier bij Chemical Planet ein ausgezeichnetes 3-FPM an. Unser 3-FPM ist als Granulat und Pulver erh\u00e4ltlich. Wir haben die L\u00f6sung f\u00fcr jeden chemischen Zustand, den Sie bevorzugen.<br \/>\nDas 3-FPM, das wir verkaufen, ist nur f\u00fcr Forschungszwecke bestimmt. Es ist nicht f\u00fcr den Innengebrauch bestimmt. Au\u00dferdem m\u00fcssen Sie mindestens 18 Jahre alt sein, um 3-FPM bei uns zu kaufen, und Sie m\u00fcssen die nationale Gesetzgebung vollst\u00e4ndig einhalten.<\/p>\n<h2>3-FPM\u00a0rechtlicher\u00a0Status<\/h2>\n<p>Es\u00a0ist\u00a0illegal in Israel, der Schweiz und den USA 3-FPM\u00a0zu\u00a0kaufen,\u00a0zu\u00a0verkaufen\u00a0oder\u00a0zu\u00a0besitzen. In Gro\u00dfbritannien gilt es als \u00c4quvivalent zu Phenmetrazin, das, sofern es zum menschlichen Konsum benutzt wird, ein Liste-II-Medikament ist.<\/p>\n<p>Lagerung immer an einem k\u00fchlen, trockenen Ort f\u00fcr maximale Haltbarkeit. Dieses Produkt ist nur f\u00fcr forensische und Forschungszwecke bestimmt. Es ist daher NICHT f\u00fcr den menschlichen Verzehr oder in-vivo-Tests jeglicher Art an Tieren oder lebenden Organismen bestimmt. F\u00fcr weitere Informationen nehmen Sie bitte <a href=\"https:\/\/rc-chemlab.net\/zh\/kontakt\/\">\u8054\u7cfb\u6211\u4eec<\/a> \u4e0a\u3002<\/p>","protected":false},"excerpt":{"rendered":"<p>3-FPM-Kaufen Was ist 3-FPM? 3FPM ist die Abk\u00fcrzung f\u00fcr 3-Fluorophenmetrazin. 3-FPM ist ein chemisches Stimulans f\u00fcr Forschungszwecke. 3-FPM ist eine<\/p>","protected":false},"featured_media":10264,"comment_status":"open","ping_status":"closed","template":"","meta":{"_seopress_robots_primary_cat":"none","_seopress_titles_title":"3-FPM-Kaufen %%sep%% %%sitetitle%%","_seopress_titles_desc":"3-FPM-Kaufen - 3FPM ist die Abk\u00fcrzung f\u00fcr 3-Fluorophenmetrazin. 3-FPM ist ein chemisches Stimulans f\u00fcr Forschungszwecke.","_seopress_robots_index":""},"product_brand":[],"product_cat":[140],"product_tag":[],"class_list":{"0":"post-159","1":"product","2":"type-product","3":"status-publish","4":"has-post-thumbnail","6":"product_cat-forschungschemikalien","8":"first","9":"instock","10":"featured","11":"taxable","12":"shipping-taxable","13":"purchasable","14":"product-type-variable"},"_links":{"self":[{"href":"https:\/\/rc-chemlab.net\/zh\/wp-json\/wp\/v2\/product\/159","targetHints":{"allow":["GET"]}}],"collection":[{"href":"https:\/\/rc-chemlab.net\/zh\/wp-json\/wp\/v2\/product"}],"about":[{"href":"https:\/\/rc-chemlab.net\/zh\/wp-json\/wp\/v2\/types\/product"}],"replies":[{"embeddable":true,"href":"https:\/\/rc-chemlab.net\/zh\/wp-json\/wp\/v2\/comments?post=159"}],"version-history":[{"count":4,"href":"https:\/\/rc-chemlab.net\/zh\/wp-json\/wp\/v2\/product\/159\/revisions"}],"predecessor-version":[{"id":10266,"href":"https:\/\/rc-chemlab.net\/zh\/wp-json\/wp\/v2\/product\/159\/revisions\/10266"}],"wp:featuredmedia":[{"embeddable":true,"href":"https:\/\/rc-chemlab.net\/zh\/wp-json\/wp\/v2\/media\/10264"}],"wp:attachment":[{"href":"https:\/\/rc-chemlab.net\/zh\/wp-json\/wp\/v2\/media?parent=159"}],"wp:term":[{"taxonomy":"product_brand","embeddable":true,"href":"https:\/\/rc-chemlab.net\/zh\/wp-json\/wp\/v2\/product_brand?post=159"},{"taxonomy":"product_cat","embeddable":true,"href":"https:\/\/rc-chemlab.net\/zh\/wp-json\/wp\/v2\/product_cat?post=159"},{"taxonomy":"product_tag","embeddable":true,"href":"https:\/\/rc-chemlab.net\/zh\/wp-json\/wp\/v2\/product_tag?post=159"}],"curies":[{"name":"wp","href":"https:\/\/api.w.org\/{rel}","templated":true}]}}