{"id":1332,"date":"2023-06-05T23:53:41","date_gmt":"2023-06-05T23:53:41","guid":{"rendered":"https:\/\/rc-chemlab.net\/?post_type=product&#038;p=1332"},"modified":"2024-04-16T01:38:04","modified_gmt":"2024-04-16T01:38:04","slug":"4-fma-kaufen","status":"publish","type":"product","link":"https:\/\/rc-chemlab.net\/zh\/product\/4-fma-kaufen\/","title":{"rendered":"4-FMA"},"content":{"rendered":"<h1>\u8d2d\u4e70 4-FMA<\/h1>\n<p>\u60a8\u60f3\u8d2d\u4e70 4-FMA\uff1fRc- \u7684\u6240\u6709\u4ea7\u54c1<a href=\"\/zh\/\">Chemlab<\/a> \u90fd\u7ecf\u8fc7\u5b9e\u9a8c\u5ba4\u6d4b\u8bd5\uff0c\u8d28\u91cf\u4e0a\u4e58\u3002\u8ba2\u5355\u5305\u88c5\u8c28\u614e\uff0c24 \u5c0f\u65f6\u5185\u53d1\u8d27\u3002\u60a8\u8fd8\u53ef\u4ee5\u901a\u8fc7\u52a0\u5bc6\u8d27\u5e01\u8fdb\u884c\u5b89\u5168\u5feb\u6377\u7684\u652f\u4ed8\uff01\u8ba2\u5355\u5305\u88c5\u8c28\u614e\uff0c24 \u5c0f\u65f6\u5185\u53d1\u8d27\u3002<\/p>\n<h2>\u4ec0\u4e48\u662f 4-FMA\uff1f<\/h2>\n<p>4-FMA \u662f\u4e00\u7c7b\u4e0e\u82ef\u4e19\u80fa\u5bc6\u5207\u76f8\u5173\u7684\u5316\u5b66\u54c1\u3002\u5b83\u662f\u4e00\u79cd\u6c1f\u5316\u5408\u7269\uff0c\u5373\u5728\u5206\u5b50\u4e2d\u52a0\u5165\u4e00\u4e2a\u6c1f\u539f\u5b50\u4ee5\u6539\u53d8\u5176\u6027\u8d28\u30024-FMA \u7531\u4e00\u4e2a\u8fde\u63a5\u5230\u82ef\u4e19\u80fa\u5206\u5b50\u4e0a\u7684\u82ef\u57fa\u7ec4\u6210\u3002 <a href=\"https:\/\/xtcdrogenhaus.com\/Produkt-Kategorie\/amphetamine-kaufen\/\">\u82ef\u4e19\u80fa<\/a> \u662f\u4e00\u79cd\u5f71\u54cd\u5927\u8111\u548c\u795e\u7ecf\u7cfb\u7edf\u7684\u7269\u8d28\u3002\u5b83\u80fd\u589e\u52a0\u591a\u5df4\u80fa\u548c\u53bb\u7532\u80be\u4e0a\u817a\u7d20\u7b49\u5927\u8111\u5316\u5b66\u7269\u8d28\u7684\u91ca\u653e\uff0c\u4ece\u800c\u5bfc\u81f4\u5174\u594b\u611f\u3001\u8b66\u89c9\u6027\u548c\u7cbe\u529b\u7684\u63d0\u9ad8\u3002<\/p>\n<h2>\u5728\u54ea\u91cc\u53ef\u4ee5\u4e70\u5230 4-FMA\uff1f<\/h2>\n<p>\u5728 Chemlab\uff0c\u60a8\u53ef\u4ee5\u8d2d\u4e70\u5230\u6240\u6709\u7814\u7a76\u7528\u5316\u5b66\u54c1\uff0c\u5728\u8fd9\u91cc\u60a8\u8fd8\u53ef\u4ee5\u8d2d\u4e70\u5230\u8d28\u91cf\u6700\u597d\u7684 4-FMA\u3002\u8be5\u7269\u8d28\u4ee5\u7c89\u672b\u5f62\u5f0f\u4f9b\u5e94\uff0c\u4ec5\u4f9b\u5b9e\u9a8c\u5ba4\u4f7f\u7528\uff0c\u60a8\u5fc5\u987b\u59cb\u7ec8\u91c7\u53d6\u9002\u5f53\u7684\u5b89\u5168\u9884\u9632\u63aa\u65bd\u3002\u6ce8\u610f\uff1a4-FMA \u4e0e\u5176\u4ed6\u7814\u7a76\u5316\u5b66\u54c1\u4e00\u6837\uff0c\u4ec5\u4f9b\u7814\u7a76\u4f7f\u7528\uff0c\u4eba\u7c7b\u3001\u52a8\u7269\u6216\u5176\u4ed6\u751f\u7269\u4e0d\u5f97\u98df\u7528\u3002\u6211\u4eec\u4e0d\u5411 18 \u5c81\u4ee5\u4e0b\u7684\u4efb\u4f55\u4eba\u51fa\u552e\u7814\u7a76\u5316\u5b66\u54c1\u3002\u5982\u9700\u4e86\u89e3\u66f4\u591a\u4fe1\u606f\uff0c\u8bf7\u8054\u7cfb <a href=\"https:\/\/rc-chemlab.net\/zh\/kontakt\/\">\u8054\u7cfb\u6211\u4eec<\/a> \u4e0a\u3002<\/p>","protected":false},"excerpt":{"rendered":"<p>4-FMA kaufen Sie m\u00f6chten 4-FMA kaufen? Alle Produkte von Rc-Chemlab sind laborgepr\u00fcft und von h\u00f6chster Qualit\u00e4t. Die Bestellungen werden diskret<\/p>","protected":false},"featured_media":10327,"comment_status":"open","ping_status":"closed","template":"","meta":{"_seopress_robots_primary_cat":"none","_seopress_titles_title":"4-FMA kaufen %%sep%% %%sitetitle%%","_seopress_titles_desc":"4-FMA kaufen - Sie m\u00f6chten 4-FMA kaufen? Alle Produkte von Rc-Chemlab sind laborgepr\u00fcft und von h\u00f6chster Qualit\u00e4t.","_seopress_robots_index":""},"product_brand":[],"product_cat":[140],"product_tag":[],"class_list":{"0":"post-1332","1":"product","2":"type-product","3":"status-publish","4":"has-post-thumbnail","6":"product_cat-forschungschemikalien","8":"first","9":"instock","10":"taxable","11":"shipping-taxable","12":"purchasable","13":"product-type-variable"},"_links":{"self":[{"href":"https:\/\/rc-chemlab.net\/zh\/wp-json\/wp\/v2\/product\/1332","targetHints":{"allow":["GET"]}}],"collection":[{"href":"https:\/\/rc-chemlab.net\/zh\/wp-json\/wp\/v2\/product"}],"about":[{"href":"https:\/\/rc-chemlab.net\/zh\/wp-json\/wp\/v2\/types\/product"}],"replies":[{"embeddable":true,"href":"https:\/\/rc-chemlab.net\/zh\/wp-json\/wp\/v2\/comments?post=1332"}],"version-history":[{"count":2,"href":"https:\/\/rc-chemlab.net\/zh\/wp-json\/wp\/v2\/product\/1332\/revisions"}],"predecessor-version":[{"id":10328,"href":"https:\/\/rc-chemlab.net\/zh\/wp-json\/wp\/v2\/product\/1332\/revisions\/10328"}],"wp:featuredmedia":[{"embeddable":true,"href":"https:\/\/rc-chemlab.net\/zh\/wp-json\/wp\/v2\/media\/10327"}],"wp:attachment":[{"href":"https:\/\/rc-chemlab.net\/zh\/wp-json\/wp\/v2\/media?parent=1332"}],"wp:term":[{"taxonomy":"product_brand","embeddable":true,"href":"https:\/\/rc-chemlab.net\/zh\/wp-json\/wp\/v2\/product_brand?post=1332"},{"taxonomy":"product_cat","embeddable":true,"href":"https:\/\/rc-chemlab.net\/zh\/wp-json\/wp\/v2\/product_cat?post=1332"},{"taxonomy":"product_tag","embeddable":true,"href":"https:\/\/rc-chemlab.net\/zh\/wp-json\/wp\/v2\/product_tag?post=1332"}],"curies":[{"name":"wp","href":"https:\/\/api.w.org\/{rel}","templated":true}]}}