{"id":1274,"date":"2023-06-04T10:25:44","date_gmt":"2023-06-04T10:25:44","guid":{"rendered":"https:\/\/rc-chemlab.net\/?post_type=product&#038;p=1274"},"modified":"2024-04-15T00:36:44","modified_gmt":"2024-04-15T00:36:44","slug":"jwh-018-kaufen","status":"publish","type":"product","link":"https:\/\/rc-chemlab.net\/zh\/product\/jwh-018-kaufen\/","title":{"rendered":"JWH 018"},"content":{"rendered":"<h1>JWH 018 kaufen<\/h1>\n<p>JWH-018 ist ein hergestelltes Cannabinoid, das in verschiedenen Formen in der selbst angebauten Mischung \u201cZest\u201d enthalten ist. Bei der illegalen Verwendung dieses Spice-Cannabinoids geht es um seine psychoaktiven Wirkungen, die die von \u03949-THC in Cannabis imitieren. Trotz der Tatsache, dass JWH-018 wesentlich st\u00e4rker ist als praktisch identische Ma\u00dfnahmen von Cannabis, stellt es zus\u00e4tzlich einen gro\u00dfen Test f\u00fcr die Anerkennung durch gemeinsame \u03949-THC-Tests.<\/p>\n<p>Im Juli 2009 nahm die <a href=\"https:\/\/de.wikipedia.org\/wiki\/Drug_Enforcement_Administration\">US-Drogenbeh\u00f6rde (DEA)<\/a> JWH-018 in die Liste der bedenklichen Medikamente und synthetischen Substanzen auf. Ungeachtet der aufgedeckten Funde von Spice in Ohio und Florida haben einige Bundesstaaten ma\u00dfgebliche Ma\u00dfnahmen eingef\u00fchrt, die den Handel oder Besitz von JWH-018 einschr\u00e4nken, darunter Alabama, Arkansas, Georgia, Kansas, Kentucky, North Dakota und Tennessee.<\/p>\n<p>Auf jeden Fall wurde ein Fall von JWH-018 Abh\u00e4ngigkeit von den Medien berichtet. Der Klient verbrannte JWH-018 Tag f\u00fcr Tag \u00fcber eine sehr lange Zeit. Die Entzugserscheinungen waren schwerwiegender als die, die durch die Cannabis-Abh\u00e4ngigkeit entstanden sind. JWH-018 zum Online-Verkauf ist erschienen, um signifikante Ver\u00e4nderungen in der CB1-Rezeptor-Dicke nach der Organisation zu verursachen, so dass die Desensibilisierung seine Zugeh\u00f6rigkeit schneller als verwandte Cannabinoide.\\<\/p>\n<h2>synthetische cannabinoide kaufen<\/h2>\n<p>Im Gegensatz zu THC, das ein unvollst\u00e4ndiger Agonist an CB1-Rezeptoren ist, der Kauf von JWH-018 online, und zahlreiche konstruierte Cannabinoide, sind volle Agonisten. THC hat sich gezeigt, dass es die GABA-Rezeptor-Neurotransmission im Gro\u00dfhirn \u00fcber einige Wege behindert. JWH-018 kann extremes Unwohlsein, Sch\u00fcttelfrost und in seltenen F\u00e4llen (meist bei Nicht-Standard-JWH-Kunden) auch Krampfanf\u00e4lle ausl\u00f6sen, da es die GABA-Neurotransmission ad\u00e4quater als THC hemmt. Cannabinoid-Rezeptor-Vollagonisten k\u00f6nnen bei \u00fcberm\u00e4\u00dfigem Gebrauch echte Gefahren f\u00fcr den Klienten mit sich bringen.<\/p>\n<p>Verschiedene k\u00f6rperliche und geistige unfreundliche Auswirkungen wurden bei der Verwendung von JWH-018, das online gekauft wurde, festgestellt. In einer Untersuchung wurden bei rundum behandelten Patienten mit psychischen Erkrankungen nach der Inhalation von JWH-018 wahnsinnige R\u00fcckf\u00e4lle und Unwohlsein als Nebenwirkungen beschrieben.[21] Aufgrund von Bedenken \u00fcber die F\u00e4higkeit von JWH-018 und anderen hergestellten Cannabinoiden, bei schwachen Menschen eine Psychose auszul\u00f6sen, wurde vorgeschlagen, dass Personen mit Risikofaktoren f\u00fcr wahnsinnige Erkrankungen (wie eine fr\u00fchere oder famili\u00e4re Vorgeschichte von Psychosen) diese Substanzen nicht verwenden.<\/p>\n<p>Gegenw\u00e4rtig ist es leicht gemacht worden, JWH-018 online auf mehreren Websites zu kaufen, die die Dienste anbieten und Sie k\u00f6nnen JWH-018 online bestellen, ohne so viel Zeit zu verschwenden. Rolland Meds bietet Ihnen die besten Dienstleistungen und Sie k\u00f6nnen JWH-018 online mit ihnen zu bestellen und erhalten Sie Ihre Lieferung auf Zeit sowohl sicher und gesund. F\u00fcr weitere Informationen nehmen Sie bitte <a href=\"https:\/\/rc-chemlab.net\/kontakt\/\">Kontakt mit uns<\/a> auf.<\/p>\n","protected":false},"excerpt":{"rendered":"<p>JWH 018 kaufen JWH-018 ist ein hergestelltes Cannabinoid, das in verschiedenen Formen in der selbst angebauten Mischung \u201cZest\u201d enthalten ist.<\/p>","protected":false},"featured_media":10309,"comment_status":"open","ping_status":"closed","template":"","meta":{"_seopress_robots_primary_cat":"none","_seopress_titles_title":"JWH 018 kaufen %%sep%% %%sitetitle%%","_seopress_titles_desc":"JWH 018 kaufen - JWH-018 ist ein hergestelltes Cannabinoid, das in verschiedenen Formen in der selbst angebauten Mischung \u201cZest\u201d enthalten ist.","_seopress_robots_index":""},"product_brand":[],"product_cat":[140],"product_tag":[],"class_list":{"0":"post-1274","1":"product","2":"type-product","3":"status-publish","4":"has-post-thumbnail","6":"product_cat-forschungschemikalien","8":"first","9":"instock","10":"taxable","11":"shipping-taxable","12":"purchasable","13":"product-type-variable"},"_links":{"self":[{"href":"https:\/\/rc-chemlab.net\/zh\/wp-json\/wp\/v2\/product\/1274","targetHints":{"allow":["GET"]}}],"collection":[{"href":"https:\/\/rc-chemlab.net\/zh\/wp-json\/wp\/v2\/product"}],"about":[{"href":"https:\/\/rc-chemlab.net\/zh\/wp-json\/wp\/v2\/types\/product"}],"replies":[{"embeddable":true,"href":"https:\/\/rc-chemlab.net\/zh\/wp-json\/wp\/v2\/comments?post=1274"}],"version-history":[{"count":2,"href":"https:\/\/rc-chemlab.net\/zh\/wp-json\/wp\/v2\/product\/1274\/revisions"}],"predecessor-version":[{"id":10310,"href":"https:\/\/rc-chemlab.net\/zh\/wp-json\/wp\/v2\/product\/1274\/revisions\/10310"}],"wp:featuredmedia":[{"embeddable":true,"href":"https:\/\/rc-chemlab.net\/zh\/wp-json\/wp\/v2\/media\/10309"}],"wp:attachment":[{"href":"https:\/\/rc-chemlab.net\/zh\/wp-json\/wp\/v2\/media?parent=1274"}],"wp:term":[{"taxonomy":"product_brand","embeddable":true,"href":"https:\/\/rc-chemlab.net\/zh\/wp-json\/wp\/v2\/product_brand?post=1274"},{"taxonomy":"product_cat","embeddable":true,"href":"https:\/\/rc-chemlab.net\/zh\/wp-json\/wp\/v2\/product_cat?post=1274"},{"taxonomy":"product_tag","embeddable":true,"href":"https:\/\/rc-chemlab.net\/zh\/wp-json\/wp\/v2\/product_tag?post=1274"}],"curies":[{"name":"wp","href":"https:\/\/api.w.org\/{rel}","templated":true}]}}