{"id":9580,"date":"2023-06-11T14:47:31","date_gmt":"2023-06-11T14:47:31","guid":{"rendered":"https:\/\/rc-chemlab.net\/?post_type=product&#038;p=9580"},"modified":"2024-04-16T02:20:45","modified_gmt":"2024-04-16T02:20:45","slug":"1b-lsd-kaufen","status":"publish","type":"product","link":"https:\/\/rc-chemlab.net\/ru\/product\/1b-lsd-kaufen\/","title":{"rendered":"1B-LSD 100MCG"},"content":{"rendered":"<h1>\u041a\u0443\u043f\u0438\u0442\u044c 1B LSD<\/h1>\n<h2>\u0421\u0432\u043e\u0439\u0441\u0442\u0432\u0430 1B-LSD<\/h2>\n<p>\u0421\u0438\u043d\u043e\u043d\u0438\u043c: <a href=\"https:\/\/www.researchgate.net\/figure\/Effects-of-AL-LAD-A-and-LSZ-B-on-the-head-twitch-response-Data-are-presented-as_fig1_303820411\">N1-\u0431\u0443\u0442\u0438\u0440\u0438\u043b-\u043b\u0438\u0437\u0435\u0440\u0433\u0438\u043d\u043e\u0432\u0430\u044f \u043a\u0438\u0441\u043b\u043e\u0442\u0430 \u0434\u0438\u044d\u0442\u0438\u043b\u0430\u043c\u0438\u0434<\/a><br \/>\nCAS \u043d\u043e\u043c\u0435\u0440: 2349376-12-9<br \/>\n\u0424\u043e\u0440\u043c\u0443\u043b\u0430: C24H31N3O2 - HCL<br \/>\n\u041c\u0430\u0441\u0441\u0430: 393,531 \u0433\/\u043c\u043e\u043b\u044c<br \/>\n\u0427\u0438\u0441\u0442\u043e\u0442\u0430: ?98%<\/p>\n<p>\u041f\u0440\u0435\u0434\u0443\u043f\u0440\u0435\u0436\u0434\u0435\u043d\u0438\u044f \u043e\u0431 \u043e\u043f\u0430\u0441\u043d\u043e\u0441\u0442\u0438<\/p>\n<p>1B-LSD \u043c\u043e\u0436\u0435\u0442 \u0432\u044b\u0437\u0432\u0430\u0442\u044c \u0440\u0430\u0437\u0434\u0440\u0430\u0436\u0435\u043d\u0438\u0435 \u0434\u044b\u0445\u0430\u0442\u0435\u043b\u044c\u043d\u044b\u0445 \u043f\u0443\u0442\u0435\u0439<br \/>\n1B-LSD \u043c\u043e\u0436\u0435\u0442 \u0432\u044b\u0437\u0432\u0430\u0442\u044c \u0440\u0430\u0437\u0434\u0440\u0430\u0436\u0435\u043d\u0438\u0435 \u0433\u043b\u0430\u0437<br \/>\n\u0412\u044b\u0431\u0440\u043e\u0441 \u0420\u0426 \u0432 \u043e\u043a\u0440\u0443\u0436\u0430\u044e\u0449\u0443\u044e \u0441\u0440\u0435\u0434\u0443 \u0437\u0430\u043f\u0440\u0435\u0449\u0435\u043d.<\/p>\n<p>1B-LSD \u041f\u0420\u0418 \u041f\u041e\u041f\u0410\u0414\u0410\u041d\u0418\u0418 \u0412 \u0413\u041b\u0410\u0417\u0410: \u0422\u0449\u0430\u0442\u0435\u043b\u044c\u043d\u043e \u043f\u0440\u043e\u043c\u043e\u0439\u0442\u0435 \u0433\u043b\u0430\u0437\u0430 \u0432\u043e\u0434\u043e\u0439 \u0432 \u0442\u0435\u0447\u0435\u043d\u0438\u0435 \u043f\u044f\u0442\u0438 \u043c\u0438\u043d\u0443\u0442. \u041f\u043e \u0432\u043e\u0437\u043c\u043e\u0436\u043d\u043e\u0441\u0442\u0438 \u0441\u043d\u0438\u043c\u0438\u0442\u0435 \u043a\u043e\u043d\u0442\u0430\u043a\u0442\u043d\u044b\u0435 \u043b\u0438\u043d\u0437\u044b.<\/p>\n<p>1B-LSD \u041f\u0420\u0418 \u041f\u041e\u041f\u0410\u0414\u0410\u041d\u0418\u0418 \u041d\u0410 \u041a\u041e\u0416\u0423: \u041f\u0440\u043e\u043c\u043e\u0439\u0442\u0435 \u043a\u043e\u0436\u0443 \u0432\u043e\u0434\u043e\u0439 \u0441 \u043c\u044b\u043b\u043e\u043c.<\/p>\n<p>\u041f\u041e\u0421\u041b\u0415 \u0412\u0414\u042b\u0425\u0410\u041d\u0418\u042f 1B-LSD: \u0412\u044b\u0432\u0435\u0434\u0438\u0442\u0435 \u043f\u043e\u0441\u0442\u0440\u0430\u0434\u0430\u0432\u0448\u0435\u0433\u043e \u043d\u0430 \u0441\u0432\u0435\u0436\u0438\u0439 \u0432\u043e\u0437\u0434\u0443\u0445 \u0438 \u043e\u0441\u0442\u0430\u0432\u044c\u0442\u0435 \u0432 \u043f\u043e\u043b\u043e\u0436\u0435\u043d\u0438\u0438, \u043e\u0431\u043b\u0435\u0433\u0447\u0430\u044e\u0449\u0435\u043c \u0434\u044b\u0445\u0430\u043d\u0438\u0435.<\/p>\n<p>\u042d\u0422\u0418 \u041f\u0420\u041e\u0414\u0423\u041a\u0422\u042b \u041f\u0420\u0415\u0414\u041d\u0410\u0417\u041d\u0410\u0427\u0415\u041d\u042b \u0422\u041e\u041b\u042c\u041a\u041e \u0414\u041b\u042f \u0418\u0421\u0421\u041b\u0415\u0414\u041e\u0412\u0410\u0422\u0415\u041b\u042c\u0421\u041a\u0418\u0425 \u0426\u0415\u041b\u0415\u0419 \u0418 \u041d\u0415 \u041f\u0420\u0415\u0414\u041d\u0410\u0417\u041d\u0410\u0427\u0415\u041d\u042b \u0414\u041b\u042f \u0423\u041f\u041e\u0422\u0420\u0415\u0411\u041b\u0415\u041d\u0418\u042f \u0427\u0415\u041b\u041e\u0412\u0415\u041a\u041e\u041c! \u0414\u043b\u044f \u043f\u043e\u043b\u0443\u0447\u0435\u043d\u0438\u044f \u0434\u043e\u043f\u043e\u043b\u043d\u0438\u0442\u0435\u043b\u044c\u043d\u043e\u0439 \u0438\u043d\u0444\u043e\u0440\u043c\u0430\u0446\u0438\u0438, \u043f\u043e\u0436\u0430\u043b\u0443\u0439\u0441\u0442\u0430, \u0441\u0432\u044f\u0436\u0438\u0442\u0435\u0441\u044c \u0441 <a href=\"https:\/\/rc-chemlab.net\/ru\/kontakt\/\">\u0421\u0432\u044f\u0436\u0438\u0442\u0435\u0441\u044c \u0441 \u043d\u0430\u043c\u0438<\/a> \u043d\u0430.<\/p>\n<p>&nbsp;<\/p>","protected":false},"excerpt":{"rendered":"<p>1B LSD kaufen 1B-LSD Eigenschaften Synonym: N1-Butyryl-Lysergs\u00e4urediethylamid CAS-Nummer: 2349376-12-9 Formel: C24H31N3O2 &#8211; HCL Masse: 393,531 g\/mol Reinheit: ?98% Gefahrenhinweise 1B-LSD<\/p>","protected":false},"featured_media":10368,"comment_status":"open","ping_status":"closed","template":"","meta":{"_seopress_robots_primary_cat":"none","_seopress_titles_title":"1B LSD kaufen %%sep%% %%sitetitle%%","_seopress_titles_desc":"1B LSD kaufen - Die Augen f\u00fcnf Minuten lang sorgf\u00e4ltig mit Wasser aussp\u00fclen. Kontaktlinsen nach M\u00f6glichkeit herausnehmen.","_seopress_robots_index":""},"product_brand":[],"product_cat":[141],"product_tag":[],"class_list":{"0":"post-9580","1":"product","2":"type-product","3":"status-publish","4":"has-post-thumbnail","6":"product_cat-blotter-kaufen","8":"first","9":"instock","10":"taxable","11":"shipping-taxable","12":"purchasable","13":"product-type-variable"},"_links":{"self":[{"href":"https:\/\/rc-chemlab.net\/ru\/wp-json\/wp\/v2\/product\/9580","targetHints":{"allow":["GET"]}}],"collection":[{"href":"https:\/\/rc-chemlab.net\/ru\/wp-json\/wp\/v2\/product"}],"about":[{"href":"https:\/\/rc-chemlab.net\/ru\/wp-json\/wp\/v2\/types\/product"}],"replies":[{"embeddable":true,"href":"https:\/\/rc-chemlab.net\/ru\/wp-json\/wp\/v2\/comments?post=9580"}],"version-history":[{"count":1,"href":"https:\/\/rc-chemlab.net\/ru\/wp-json\/wp\/v2\/product\/9580\/revisions"}],"predecessor-version":[{"id":9586,"href":"https:\/\/rc-chemlab.net\/ru\/wp-json\/wp\/v2\/product\/9580\/revisions\/9586"}],"wp:featuredmedia":[{"embeddable":true,"href":"https:\/\/rc-chemlab.net\/ru\/wp-json\/wp\/v2\/media\/10368"}],"wp:attachment":[{"href":"https:\/\/rc-chemlab.net\/ru\/wp-json\/wp\/v2\/media?parent=9580"}],"wp:term":[{"taxonomy":"product_brand","embeddable":true,"href":"https:\/\/rc-chemlab.net\/ru\/wp-json\/wp\/v2\/product_brand?post=9580"},{"taxonomy":"product_cat","embeddable":true,"href":"https:\/\/rc-chemlab.net\/ru\/wp-json\/wp\/v2\/product_cat?post=9580"},{"taxonomy":"product_tag","embeddable":true,"href":"https:\/\/rc-chemlab.net\/ru\/wp-json\/wp\/v2\/product_tag?post=9580"}],"curies":[{"name":"wp","href":"https:\/\/api.w.org\/{rel}","templated":true}]}}