{"id":9573,"date":"2023-06-11T14:23:49","date_gmt":"2023-06-11T14:23:49","guid":{"rendered":"https:\/\/rc-chemlab.net\/?post_type=product&#038;p=9573"},"modified":"2024-04-16T02:12:16","modified_gmt":"2024-04-16T02:12:16","slug":"1p-lsd-kaufen","status":"publish","type":"product","link":"https:\/\/rc-chemlab.net\/ru\/product\/1p-lsd-kaufen\/","title":{"rendered":"1P-LSD 100MCG"},"content":{"rendered":"<h1><span class=\"___SText_mzmpq-ko_\" data-ui-name=\"Link.Text\">1P LSD kaufen<\/span><\/h1>\n<h2>Informationen<\/h2>\n<p>Dieses Produkt ist nur f\u00fcr Forschungszwecke und nicht f\u00fcr den menschlichen Verzehr bestimmt. Bewahren Sie dieses Lysergs\u00e4ure-Analogon an einem k\u00fchlen und trockenen Ort auf. Bei ordnungsgem\u00e4\u00dfer Lagerung kann die Stabilit\u00e4t von RC 1P-LSD bis zu 2 Jahre betragen.<\/p>\n<h2>Synonyme:<\/h2>\n<p><a href=\"https:\/\/pubchem.ncbi.nlm.nih.gov\/compound\/161117\">N,N-Diethyl-7-methyl-4-propanoyl-6,6a,8,9-tetrahydroindolo[4,3-fg]chinolin-9-carboxamid<\/a><\/p>\n<h2>Gefahrenhinweise:<\/h2>\n<p>1P-LSD kann Reizungen der Atemwege verursachen.<br \/>\n1P-LSD kann zu Augenreizungen f\u00fchren.<br \/>\nVermeiden Sie die Freisetzung von RCs in die Umwelt.<\/p>\n<h2>Sicherheitsempfehlungen:<\/h2>\n<p>RC von Hitze\/Funken\/offener Flamme\/hei\u00dfen Oberfl\u00e4chen fernhalten. &#8211; Nicht rauchen.<br \/>\nRC in dicht verschlossenem Beh\u00e4lter und au\u00dferhalb der Reichweite von Kindern aufbewahren!<br \/>\nBEI KONTAKT VON 1P-LSD MIT DEN AUGEN: Einige Minuten lang vorsichtig mit Wasser aussp\u00fclen; Kontaktlinsen, wenn m\u00f6glich, entfernen; weiter aussp\u00fclen.<\/p>\n<p>BEI KONTAKT VON 1P-LSD MIT DER HAUT: mit Wasser und Seife waschen.<br \/>\nDAS EINATMEN VON STAUB \/ RAUCH \/ GAS \/ NEBEL \/ DAMPF \/ SPR\u00dcHEN VON 1P-LSD VERMEIDEN.<br \/>\nNACH EINATMEN VON 1P-LSD: Das Opfer an die frische Luft bringen und in einer Position ruhen lassen, die das Atmen erleichtert. Wenn sich das Opfer weiterhin unwohl f\u00fchlt, sofort ein ANTIGENIZENTRUM oder einen Arzt aufsuchen. F\u00fcr weitere Informationen nehmen Sie bitte <a href=\"https:\/\/rc-chemlab.net\/kontakt\/\">Kontakt mit uns<\/a> auf.<\/p>\n","protected":false},"excerpt":{"rendered":"<p>1P LSD kaufen Informationen Dieses Produkt ist nur f\u00fcr Forschungszwecke und nicht f\u00fcr den menschlichen Verzehr bestimmt. Bewahren Sie dieses<\/p>","protected":false},"featured_media":10358,"comment_status":"open","ping_status":"closed","template":"","meta":{"_seopress_robots_primary_cat":"none","_seopress_titles_title":"1P LSD kaufen %%sep%% %%sitetitle%%","_seopress_titles_desc":"1P LSD kaufen - Dieses Produkt ist nur f\u00fcr Forschungszwecke und nicht f\u00fcr den menschlichen Verzehr bestimmt.","_seopress_robots_index":""},"product_brand":[],"product_cat":[141],"product_tag":[],"class_list":{"0":"post-9573","1":"product","2":"type-product","3":"status-publish","4":"has-post-thumbnail","6":"product_cat-blotter-kaufen","8":"first","9":"instock","10":"taxable","11":"shipping-taxable","12":"purchasable","13":"product-type-variable"},"_links":{"self":[{"href":"https:\/\/rc-chemlab.net\/ru\/wp-json\/wp\/v2\/product\/9573","targetHints":{"allow":["GET"]}}],"collection":[{"href":"https:\/\/rc-chemlab.net\/ru\/wp-json\/wp\/v2\/product"}],"about":[{"href":"https:\/\/rc-chemlab.net\/ru\/wp-json\/wp\/v2\/types\/product"}],"replies":[{"embeddable":true,"href":"https:\/\/rc-chemlab.net\/ru\/wp-json\/wp\/v2\/comments?post=9573"}],"version-history":[{"count":1,"href":"https:\/\/rc-chemlab.net\/ru\/wp-json\/wp\/v2\/product\/9573\/revisions"}],"predecessor-version":[{"id":9579,"href":"https:\/\/rc-chemlab.net\/ru\/wp-json\/wp\/v2\/product\/9573\/revisions\/9579"}],"wp:featuredmedia":[{"embeddable":true,"href":"https:\/\/rc-chemlab.net\/ru\/wp-json\/wp\/v2\/media\/10358"}],"wp:attachment":[{"href":"https:\/\/rc-chemlab.net\/ru\/wp-json\/wp\/v2\/media?parent=9573"}],"wp:term":[{"taxonomy":"product_brand","embeddable":true,"href":"https:\/\/rc-chemlab.net\/ru\/wp-json\/wp\/v2\/product_brand?post=9573"},{"taxonomy":"product_cat","embeddable":true,"href":"https:\/\/rc-chemlab.net\/ru\/wp-json\/wp\/v2\/product_cat?post=9573"},{"taxonomy":"product_tag","embeddable":true,"href":"https:\/\/rc-chemlab.net\/ru\/wp-json\/wp\/v2\/product_tag?post=9573"}],"curies":[{"name":"wp","href":"https:\/\/api.w.org\/{rel}","templated":true}]}}