{"id":1348,"date":"2023-06-08T02:32:49","date_gmt":"2023-06-08T02:32:49","guid":{"rendered":"https:\/\/rc-chemlab.net\/?post_type=product&#038;p=1348"},"modified":"2024-04-16T01:56:02","modified_gmt":"2024-04-16T01:56:02","slug":"alpha-php-bestellen","status":"publish","type":"product","link":"https:\/\/rc-chemlab.net\/ru\/product\/alpha-php-bestellen\/","title":{"rendered":"Alpha-PHP"},"content":{"rendered":"<h1><span class=\"___SText_mzmpq-ko_\" data-ui-name=\"Link.Text\">Alpha PHP Bestellen<\/span><\/h1>\n<p>Wirkstoffe in a-PHP Enth\u00e4lt 1000 mg mindestens 99 % reines a-PHP (Pulver rein) pro Bestelleinheit.<\/p>\n<p><a href=\"https:\/\/en.wikipedia.org\/wiki\/Alpha-Pyrrolidinohexiophenone\">alpha-Pyrrolidinohexiophenon<\/a> oder \u03b1-PHP \/ alpha-PHP \/ a-PHP ist ein in den 1960er Jahren erstmals synthetisiertes Obers, das zu den Cathinonen geh\u00f6rt und sehr eng mit alpha-PVP (a-PVP, \u03b1-PVP) und Pyrovaleron verwandt ist. a-PHP geh\u00f6rt nicht nur zu den Cathinonen, sondern auch zu den Pyrovaleronen.<\/p>\n<p>Unter Konsumenten gilt a-PHP als eines der st\u00e4rksten Pyrovaleron-Analoga, durchaus vergleichbar mit a-PVP oder MDPV.<\/p>\n<h2>Dosierung von a-PHP<\/h2>\n<p>Es gibt keine empfohlene Dosis, da a-PHP nicht f\u00fcr den menschlichen Konsum bestimmt ist, sondern nur zu wissenschaftlichen Forschungszwecken verkauft wird.<\/p>\n<h2>Wirkungen von a-PHP:<\/h2>\n<p>Die klinische Wirkung der meisten neuen Designerdrogen wie a-PHP kann entweder als halluzinogen, stimulierend oder opioid\u00e4hnlich beschrieben werden. Durch die Substitution von Seitenketten durch Designerdrogen wird h\u00e4ufig eine Kombination dieser Wirkungen erzielt. Entsprechende Erfahrungsberichte mit a-PHP finden sich in einschl\u00e4gigen Foren und \u00fcber Suchmaschinen in H\u00fclle und F\u00fclle.<\/p>\n<h2>Nebenwirkungen von a-PHP<\/h2>\n<p>Wie bei anderen Designerdrogen kann der Konsum von a-PHP zu schweren Nebenwirkungen f\u00fchren; die Substanz ist weder klinisch getestet noch als Produkt f\u00fcr den menschlichen Verzehr zugelassen! a-PHP wird daher nicht f\u00fcr den menschlichen Verzehr, sondern nur f\u00fcr die wissenschaftliche Forschung und Pr\u00fcfung empfohlen!<\/p>\n<h2>Lagerung und Haltbarkeit von a-PHP<\/h2>\n<p>Lagern Sie a-PHP immer unter 30 Grad Celsius und in der Originalverpackung. Vor direkter Sonneneinstrahlung und Feuchtigkeit sch\u00fctzen. Die Haltbarkeit des Wirkstoffs betr\u00e4gt bei sachgerechter Lagerung mindestens 1 Jahr. F\u00fcr weitere Informationen nehmen Sie bitte <a href=\"https:\/\/rc-chemlab.net\/ru\/kontakt\/\">\u0421\u0432\u044f\u0436\u0438\u0442\u0435\u0441\u044c \u0441 \u043d\u0430\u043c\u0438<\/a> \u043d\u0430.<\/p>","protected":false},"excerpt":{"rendered":"<p>Alpha PHP Bestellen Wirkstoffe in a-PHP Enth\u00e4lt 1000 mg mindestens 99 % reines a-PHP (Pulver rein) pro Bestelleinheit. alpha-Pyrrolidinohexiophenon oder<\/p>","protected":false},"featured_media":10336,"comment_status":"open","ping_status":"closed","template":"","meta":{"_seopress_robots_primary_cat":"none","_seopress_titles_title":"Alpha PHP Bestellen %%sep%% %%sitetitle%%","_seopress_titles_desc":"Alpha PHP Bestellen - Wirkstoffe in a-PHP Enth\u00e4lt 1000 mg mindestens 99 % reines a-PHP (Pulver rein) pro Bestelleinheit.","_seopress_robots_index":""},"product_brand":[],"product_cat":[140],"product_tag":[],"class_list":{"0":"post-1348","1":"product","2":"type-product","3":"status-publish","4":"has-post-thumbnail","6":"product_cat-forschungschemikalien","8":"first","9":"instock","10":"taxable","11":"shipping-taxable","12":"purchasable","13":"product-type-variable"},"_links":{"self":[{"href":"https:\/\/rc-chemlab.net\/ru\/wp-json\/wp\/v2\/product\/1348","targetHints":{"allow":["GET"]}}],"collection":[{"href":"https:\/\/rc-chemlab.net\/ru\/wp-json\/wp\/v2\/product"}],"about":[{"href":"https:\/\/rc-chemlab.net\/ru\/wp-json\/wp\/v2\/types\/product"}],"replies":[{"embeddable":true,"href":"https:\/\/rc-chemlab.net\/ru\/wp-json\/wp\/v2\/comments?post=1348"}],"version-history":[{"count":1,"href":"https:\/\/rc-chemlab.net\/ru\/wp-json\/wp\/v2\/product\/1348\/revisions"}],"predecessor-version":[{"id":10337,"href":"https:\/\/rc-chemlab.net\/ru\/wp-json\/wp\/v2\/product\/1348\/revisions\/10337"}],"wp:featuredmedia":[{"embeddable":true,"href":"https:\/\/rc-chemlab.net\/ru\/wp-json\/wp\/v2\/media\/10336"}],"wp:attachment":[{"href":"https:\/\/rc-chemlab.net\/ru\/wp-json\/wp\/v2\/media?parent=1348"}],"wp:term":[{"taxonomy":"product_brand","embeddable":true,"href":"https:\/\/rc-chemlab.net\/ru\/wp-json\/wp\/v2\/product_brand?post=1348"},{"taxonomy":"product_cat","embeddable":true,"href":"https:\/\/rc-chemlab.net\/ru\/wp-json\/wp\/v2\/product_cat?post=1348"},{"taxonomy":"product_tag","embeddable":true,"href":"https:\/\/rc-chemlab.net\/ru\/wp-json\/wp\/v2\/product_tag?post=1348"}],"curies":[{"name":"wp","href":"https:\/\/api.w.org\/{rel}","templated":true}]}}