{"id":1332,"date":"2023-06-05T23:53:41","date_gmt":"2023-06-05T23:53:41","guid":{"rendered":"https:\/\/rc-chemlab.net\/?post_type=product&#038;p=1332"},"modified":"2024-04-16T01:38:04","modified_gmt":"2024-04-16T01:38:04","slug":"4-fma-kaufen","status":"publish","type":"product","link":"https:\/\/rc-chemlab.net\/ru\/product\/4-fma-kaufen\/","title":{"rendered":"4-\u0424\u041c\u0410"},"content":{"rendered":"<h1>\u041a\u0443\u043f\u0438\u0442\u044c 4-FMA<\/h1>\n<p>\u0412\u044b \u0445\u043e\u0442\u0438\u0442\u0435 \u043a\u0443\u043f\u0438\u0442\u044c 4-FMA? \u0412\u0441\u0435 \u0442\u043e\u0432\u0430\u0440\u044b \u043e\u0442 Rc-<a href=\"\/ru\/\">Chemlab<\/a> \u043f\u0440\u043e\u0445\u043e\u0434\u044f\u0442 \u043b\u0430\u0431\u043e\u0440\u0430\u0442\u043e\u0440\u043d\u044b\u0435 \u0438\u0441\u043f\u044b\u0442\u0430\u043d\u0438\u044f \u0438 \u043e\u0442\u043b\u0438\u0447\u0430\u044e\u0442\u0441\u044f \u0432\u044b\u0441\u043e\u0447\u0430\u0439\u0448\u0438\u043c \u043a\u0430\u0447\u0435\u0441\u0442\u0432\u043e\u043c. \u0417\u0430\u043a\u0430\u0437\u044b \u0443\u043f\u0430\u043a\u043e\u0432\u044b\u0432\u0430\u044e\u0442\u0441\u044f \u043d\u0435\u0437\u0430\u043c\u0435\u0442\u043d\u043e \u0438 \u043e\u0442\u043f\u0440\u0430\u0432\u043b\u044f\u044e\u0442\u0441\u044f \u0432 \u0442\u0435\u0447\u0435\u043d\u0438\u0435 24 \u0447\u0430\u0441\u043e\u0432. \u0412\u044b \u0442\u0430\u043a\u0436\u0435 \u043c\u043e\u0436\u0435\u0442\u0435 \u0431\u0435\u0437\u043e\u043f\u0430\u0441\u043d\u043e \u0438 \u0431\u044b\u0441\u0442\u0440\u043e \u043e\u043f\u043b\u0430\u0442\u0438\u0442\u044c \u043a\u0440\u0438\u043f\u0442\u043e\u0432\u0430\u043b\u044e\u0442\u043e\u0439! \u0417\u0430\u043a\u0430\u0437\u044b \u0443\u043f\u0430\u043a\u043e\u0432\u044b\u0432\u0430\u044e\u0442\u0441\u044f \u043d\u0435\u0437\u0430\u043c\u0435\u0442\u043d\u043e \u0438 \u043e\u0442\u043f\u0440\u0430\u0432\u043b\u044f\u044e\u0442\u0441\u044f \u0432 \u0442\u0435\u0447\u0435\u043d\u0438\u0435 24 \u0447\u0430\u0441\u043e\u0432.<\/p>\n<h2>\u0427\u0442\u043e \u0442\u0430\u043a\u043e\u0435 4-\u0424\u041c\u0410?<\/h2>\n<p>4-\u0424\u041c\u0410 \u043e\u0442\u043d\u043e\u0441\u0438\u0442\u0441\u044f \u043a \u043a\u043b\u0430\u0441\u0441\u0443 \u0445\u0438\u043c\u0438\u0447\u0435\u0441\u043a\u0438\u0445 \u0432\u0435\u0449\u0435\u0441\u0442\u0432, \u0442\u0435\u0441\u043d\u043e \u0441\u0432\u044f\u0437\u0430\u043d\u043d\u044b\u0445 \u0441 \u0430\u043c\u0444\u0435\u0442\u0430\u043c\u0438\u043d\u043e\u043c. \u042d\u0442\u043e \u0444\u0442\u043e\u0440\u0441\u043e\u0434\u0435\u0440\u0436\u0430\u0449\u0435\u0435 \u0441\u043e\u0435\u0434\u0438\u043d\u0435\u043d\u0438\u0435, \u0442\u043e \u0435\u0441\u0442\u044c \u0432 \u043c\u043e\u043b\u0435\u043a\u0443\u043b\u0443 \u0434\u043e\u0431\u0430\u0432\u043b\u0435\u043d \u0430\u0442\u043e\u043c \u0444\u0442\u043e\u0440\u0430 \u0434\u043b\u044f \u0438\u0437\u043c\u0435\u043d\u0435\u043d\u0438\u044f \u0435\u0435 \u0441\u0432\u043e\u0439\u0441\u0442\u0432. 4-\u0424\u041c\u0410 \u0441\u043e\u0441\u0442\u043e\u0438\u0442 \u0438\u0437 \u0444\u0435\u043d\u0438\u043b\u044c\u043d\u043e\u0439 \u0433\u0440\u0443\u043f\u043f\u044b, \u043f\u0440\u0438\u0441\u043e\u0435\u0434\u0438\u043d\u0435\u043d\u043d\u043e\u0439 \u043a \u043c\u043e\u043b\u0435\u043a\u0443\u043b\u0435 \u0430\u043c\u0444\u0435\u0442\u0430\u043c\u0438\u043d\u0430. <a href=\"https:\/\/xtcdrogenhaus.com\/Produkt-Kategorie\/amphetamine-kaufen\/\">\u0410\u043c\u0444\u0435\u0442\u0430\u043c\u0438\u043d<\/a> \u044d\u0442\u043e \u0432\u0435\u0449\u0435\u0441\u0442\u0432\u043e, \u043a\u043e\u0442\u043e\u0440\u043e\u0435 \u0432\u043e\u0437\u0434\u0435\u0439\u0441\u0442\u0432\u0443\u0435\u0442 \u043d\u0430 \u043c\u043e\u0437\u0433 \u0438 \u043d\u0435\u0440\u0432\u043d\u0443\u044e \u0441\u0438\u0441\u0442\u0435\u043c\u0443. \u041e\u043d \u0443\u0432\u0435\u043b\u0438\u0447\u0438\u0432\u0430\u0435\u0442 \u0432\u044b\u0434\u0435\u043b\u0435\u043d\u0438\u0435 \u043e\u043f\u0440\u0435\u0434\u0435\u043b\u0435\u043d\u043d\u044b\u0445 \u0445\u0438\u043c\u0438\u0447\u0435\u0441\u043a\u0438\u0445 \u0432\u0435\u0449\u0435\u0441\u0442\u0432 \u0432 \u043c\u043e\u0437\u0433\u0435, \u0442\u0430\u043a\u0438\u0445 \u043a\u0430\u043a \u0434\u043e\u0444\u0430\u043c\u0438\u043d \u0438 \u043d\u043e\u0440\u0430\u0434\u0440\u0435\u043d\u0430\u043b\u0438\u043d, \u0447\u0442\u043e \u043c\u043e\u0436\u0435\u0442 \u043f\u0440\u0438\u0432\u0435\u0441\u0442\u0438 \u043a \u043e\u0449\u0443\u0449\u0435\u043d\u0438\u044e \u044d\u0439\u0444\u043e\u0440\u0438\u0438, \u043f\u043e\u0432\u044b\u0448\u0435\u043d\u0438\u044e \u0431\u0434\u0438\u0442\u0435\u043b\u044c\u043d\u043e\u0441\u0442\u0438 \u0438 \u044d\u043d\u0435\u0440\u0433\u0438\u0438.<\/p>\n<h2>\u0413\u0434\u0435 \u043c\u043e\u0436\u043d\u043e \u043a\u0443\u043f\u0438\u0442\u044c 4-FMA?<\/h2>\n<p>\u0412 Chemlab \u0432\u044b \u043c\u043e\u0436\u0435\u0442\u0435 \u043a\u0443\u043f\u0438\u0442\u044c \u0432\u0441\u0435 \u0445\u0438\u043c\u0438\u0447\u0435\u0441\u043a\u0438\u0435 \u0432\u0435\u0449\u0435\u0441\u0442\u0432\u0430 \u0434\u043b\u044f \u0438\u0441\u0441\u043b\u0435\u0434\u043e\u0432\u0430\u043d\u0438\u0439, \u0438 \u0437\u0434\u0435\u0441\u044c \u0432\u044b \u0442\u0430\u043a\u0436\u0435 \u043c\u043e\u0436\u0435\u0442\u0435 \u043a\u0443\u043f\u0438\u0442\u044c 4-FMA \u0432 \u043b\u0443\u0447\u0448\u0435\u043c \u043a\u0430\u0447\u0435\u0441\u0442\u0432\u0435. \u042d\u0442\u043e \u0432\u0435\u0449\u0435\u0441\u0442\u0432\u043e \u043f\u043e\u0441\u0442\u0430\u0432\u043b\u044f\u0435\u0442\u0441\u044f \u0432 \u0432\u0438\u0434\u0435 \u043f\u043e\u0440\u043e\u0448\u043a\u0430 \u0438 \u043f\u0440\u0435\u0434\u043d\u0430\u0437\u043d\u0430\u0447\u0435\u043d\u043e \u0442\u043e\u043b\u044c\u043a\u043e \u0434\u043b\u044f \u043b\u0430\u0431\u043e\u0440\u0430\u0442\u043e\u0440\u043d\u043e\u0433\u043e \u0438\u0441\u043f\u043e\u043b\u044c\u0437\u043e\u0432\u0430\u043d\u0438\u044f, \u0438 \u0432\u044b \u0432\u0441\u0435\u0433\u0434\u0430 \u0434\u043e\u043b\u0436\u043d\u044b \u043f\u0440\u0438\u043d\u0438\u043c\u0430\u0442\u044c \u0441\u043e\u043e\u0442\u0432\u0435\u0442\u0441\u0442\u0432\u0443\u044e\u0449\u0438\u0435 \u043c\u0435\u0440\u044b \u043f\u0440\u0435\u0434\u043e\u0441\u0442\u043e\u0440\u043e\u0436\u043d\u043e\u0441\u0442\u0438. \u041f\u0440\u0438\u043c\u0435\u0447\u0430\u043d\u0438\u0435: 4-FMA, \u043a\u0430\u043a \u0438 \u0434\u0440\u0443\u0433\u0438\u0435 \u0445\u0438\u043c\u0438\u0447\u0435\u0441\u043a\u0438\u0435 \u0432\u0435\u0449\u0435\u0441\u0442\u0432\u0430 \u0434\u043b\u044f \u0438\u0441\u0441\u043b\u0435\u0434\u043e\u0432\u0430\u043d\u0438\u0439, \u043f\u0440\u0435\u0434\u043d\u0430\u0437\u043d\u0430\u0447\u0435\u043d \u0442\u043e\u043b\u044c\u043a\u043e \u0434\u043b\u044f \u043d\u0430\u0443\u0447\u043d\u044b\u0445 \u0446\u0435\u043b\u0435\u0439 \u0438 \u043d\u0438\u043a\u043e\u0433\u0434\u0430 \u043d\u0435 \u0434\u043e\u043b\u0436\u0435\u043d \u0443\u043f\u043e\u0442\u0440\u0435\u0431\u043b\u044f\u0442\u044c\u0441\u044f \u043b\u044e\u0434\u044c\u043c\u0438, \u0436\u0438\u0432\u043e\u0442\u043d\u044b\u043c\u0438 \u0438\u043b\u0438 \u0434\u0440\u0443\u0433\u0438\u043c\u0438 \u0436\u0438\u0432\u044b\u043c\u0438 \u0441\u0443\u0449\u0435\u0441\u0442\u0432\u0430\u043c\u0438. \u041c\u044b \u043d\u0435 \u043f\u0440\u043e\u0434\u0430\u0435\u043c \u0445\u0438\u043c\u0438\u0447\u0435\u0441\u043a\u0438\u0435 \u0432\u0435\u0449\u0435\u0441\u0442\u0432\u0430 \u0434\u043b\u044f \u0438\u0441\u0441\u043b\u0435\u0434\u043e\u0432\u0430\u043d\u0438\u0439 \u043b\u0438\u0446\u0430\u043c \u043c\u043e\u043b\u043e\u0436\u0435 18 \u043b\u0435\u0442. \u0417\u0430 \u0434\u043e\u043f\u043e\u043b\u043d\u0438\u0442\u0435\u043b\u044c\u043d\u043e\u0439 \u0438\u043d\u0444\u043e\u0440\u043c\u0430\u0446\u0438\u0435\u0439 \u043e\u0431\u0440\u0430\u0449\u0430\u0439\u0442\u0435\u0441\u044c <a href=\"https:\/\/rc-chemlab.net\/ru\/kontakt\/\">\u0421\u0432\u044f\u0436\u0438\u0442\u0435\u0441\u044c \u0441 \u043d\u0430\u043c\u0438<\/a> \u043d\u0430.<\/p>","protected":false},"excerpt":{"rendered":"<p>4-FMA kaufen Sie m\u00f6chten 4-FMA kaufen? Alle Produkte von Rc-Chemlab sind laborgepr\u00fcft und von h\u00f6chster Qualit\u00e4t. Die Bestellungen werden diskret<\/p>","protected":false},"featured_media":10327,"comment_status":"open","ping_status":"closed","template":"","meta":{"_seopress_robots_primary_cat":"none","_seopress_titles_title":"4-FMA kaufen %%sep%% %%sitetitle%%","_seopress_titles_desc":"4-FMA kaufen - Sie m\u00f6chten 4-FMA kaufen? Alle Produkte von Rc-Chemlab sind laborgepr\u00fcft und von h\u00f6chster Qualit\u00e4t.","_seopress_robots_index":""},"product_brand":[],"product_cat":[140],"product_tag":[],"class_list":{"0":"post-1332","1":"product","2":"type-product","3":"status-publish","4":"has-post-thumbnail","6":"product_cat-forschungschemikalien","8":"first","9":"instock","10":"taxable","11":"shipping-taxable","12":"purchasable","13":"product-type-variable"},"_links":{"self":[{"href":"https:\/\/rc-chemlab.net\/ru\/wp-json\/wp\/v2\/product\/1332","targetHints":{"allow":["GET"]}}],"collection":[{"href":"https:\/\/rc-chemlab.net\/ru\/wp-json\/wp\/v2\/product"}],"about":[{"href":"https:\/\/rc-chemlab.net\/ru\/wp-json\/wp\/v2\/types\/product"}],"replies":[{"embeddable":true,"href":"https:\/\/rc-chemlab.net\/ru\/wp-json\/wp\/v2\/comments?post=1332"}],"version-history":[{"count":2,"href":"https:\/\/rc-chemlab.net\/ru\/wp-json\/wp\/v2\/product\/1332\/revisions"}],"predecessor-version":[{"id":10328,"href":"https:\/\/rc-chemlab.net\/ru\/wp-json\/wp\/v2\/product\/1332\/revisions\/10328"}],"wp:featuredmedia":[{"embeddable":true,"href":"https:\/\/rc-chemlab.net\/ru\/wp-json\/wp\/v2\/media\/10327"}],"wp:attachment":[{"href":"https:\/\/rc-chemlab.net\/ru\/wp-json\/wp\/v2\/media?parent=1332"}],"wp:term":[{"taxonomy":"product_brand","embeddable":true,"href":"https:\/\/rc-chemlab.net\/ru\/wp-json\/wp\/v2\/product_brand?post=1332"},{"taxonomy":"product_cat","embeddable":true,"href":"https:\/\/rc-chemlab.net\/ru\/wp-json\/wp\/v2\/product_cat?post=1332"},{"taxonomy":"product_tag","embeddable":true,"href":"https:\/\/rc-chemlab.net\/ru\/wp-json\/wp\/v2\/product_tag?post=1332"}],"curies":[{"name":"wp","href":"https:\/\/api.w.org\/{rel}","templated":true}]}}