{"id":9829,"date":"2023-08-26T00:15:45","date_gmt":"2023-08-26T00:15:45","guid":{"rendered":"https:\/\/rc-chemlab.net\/?post_type=product&#038;p=9829"},"modified":"2024-04-15T00:06:53","modified_gmt":"2024-04-15T00:06:53","slug":"5f-adb-kaufen","status":"publish","type":"product","link":"https:\/\/rc-chemlab.net\/pt\/product\/5f-adb-kaufen\/","title":{"rendered":"5F BAD"},"content":{"rendered":"<h1>Comprar 5f-adb<\/h1>\n<p>Encomendar 5f-adb online. O 5f-adb (tamb\u00e9m conhecido como 5F-MDMB-PINACA ou 5F-ADB-PINACA) \u00e9 um canabin\u00f3ide da fam\u00edlia do indazol-3-carboxamida utilizado como fixador de trabalho em produtos de can\u00e1bis. Tamb\u00e9m tem sido vendido em linha como prepara\u00e7\u00e3o original. \u00c9 um agonista eficaz do recetor CB1, mas n\u00e3o \u00e9 claro se \u00e9 capaz de atingir este objetivo. Em novembro de 2014, foi pela primeira vez homenageada por amostras p\u00f3stumas recolhidas de uma pessoa que bateu as botas depois de usar um artigo que continha a subst\u00e2ncia. Os resultados dos testes confirmaram que o artigo foi utilizado num total de dez pessoas no Jap\u00e3o entre setembro de 2014 e dezembro de 2014 para overdoses inexplic\u00e1veis de drogas.<\/p>\n<p>Dependendo das baixas concentra\u00e7\u00f5es encontradas em testes de tecidos, acredita-se que seja incrivelmente potente e parece ser significativamente mais t\u00f3xico do que as drogas canabin\u00f3ides fabricadas anteriormente que foram vendidas recentemente.<\/p>\n<p>Em 2018, foi o produto canabin\u00f3ide mais utilizado que atraiu mais aten\u00e7\u00e3o nas crises da Drug Enforcement Administration. O 5F-ADB foi tamb\u00e9m reconhecido em produtos de canabidiol (CBD) de um fabricante norte-americano em 2018.<\/p>\n<h2>O que s\u00e3o canabin\u00f3ides?<\/h2>\n<p>A palavra \"canabin\u00f3ide\" refere-se a qualquer subst\u00e2ncia produzida pelo homem que se liga aos receptores canabin\u00f3ides do corpo e da mente e tem o mesmo efeito que os transmitidos pela planta cannabis sativa. Os tr\u00eas tipos de canabin\u00f3ides que as pessoas utilizam s\u00e3o relaxantes, \u00fateis e desenvolvidos.<\/p>\n<p>De acordo com o estudo, a planta da can\u00e1bis cont\u00e9m entre 80 e 100 canabin\u00f3ides e cerca de 300 subst\u00e2ncias n\u00e3o canabin\u00f3ides. O delta-9-tetrahidrocanabinol ou THC e o canabidiol ou CBD s\u00e3o os dois principais canabin\u00f3ides. O delta-9-tetrahidrocanabinol (THC), o potenciador de risco dos efeitos psicoactivos da can\u00e1bis, \u00e9 o mais comum dos dois.<\/p>\n<p>As principais diferen\u00e7as entre os dois canabin\u00f3ides s\u00e3o que o THC tem fortes efeitos psicoactivos, o que significa que deixa a pessoa \"pedrada\", enquanto o CBD controla ou preserva os efeitos psicoactivos do THC. Pensa-se que o CBD reduz alguns dos outros efeitos negativos que as pessoas conhecem do THC, como a inquieta\u00e7\u00e3o.<\/p>\n<h2>Efeitos negativos<\/h2>\n<p>A nocividade e os efeitos a longo prazo da utiliza\u00e7\u00e3o recreativa do 5F-AKB48 no bem-estar n\u00e3o parecem estar centrados em qualquer contexto l\u00f3gico e n\u00e3o existe uma medi\u00e7\u00e3o espec\u00edfica do t\u00f3xico. O facto de o 5F-AKB48 n\u00e3o ter praticamente nenhuma experi\u00eancia de utiliza\u00e7\u00e3o humana motiva esta situa\u00e7\u00e3o. As evid\u00eancias de indiv\u00edduos que experimentaram o 5F-AKB48 dentro da rede sugerem que n\u00e3o h\u00e1 impactos negativos no bem-estar (no entanto, nada pode ser completamente garantido). Estudos aleat\u00f3rios mostraram que a sobredosagem em dosagens muito inferiores \u00e0s de risco provoca desconforto f\u00edsico, como palpita\u00e7\u00f5es, tonturas e seda\u00e7\u00e3o, normalmente fazendo com que o paciente suporte muita tens\u00e3o ou adorme\u00e7a.<\/p>\n<p>Como estas subst\u00e2ncias aumentam claramente os estados cerebrais e emocionais actuais, tem sido frequentemente sugerido que os indiv\u00edduos com perturba\u00e7\u00f5es de humor graves anteriores n\u00e3o devem consumir estas subst\u00e2ncias. Tal como acontece com o THC, a utiliza\u00e7\u00e3o prolongada de canabin\u00f3ides manufacturados, como o 5F-AKB48, pode prolongar o aparecimento de comportamentos disfuncionais e de psicoses, em especial em pessoas vulner\u00e1veis com factores de risco de mania (como antecedentes familiares de esquizofrenia).<\/p>\n<p>\u00c9 imperativo tomar medidas adequadas durante a dosagem para manter uma dist\u00e2ncia estrat\u00e9gica de um encontro negativo, uma vez que os canabin\u00f3ides s\u00e3o din\u00e2micos na gama dos miligramas (com uma dose t\u00edpica de menos de 5 mg).<\/p>\n<p>Recomenda-se vivamente a realiza\u00e7\u00e3o de testes \u00e0 dor aquando da utiliza\u00e7\u00e3o deste medicamento.<\/p>\n<h2>5F-ADB - Resili\u00eancia e potencial de depend\u00eancia<\/h2>\n<p>Tal como acontece com outros canabin\u00f3ides manipulados, o consumo prolongado de 5F-AKB48 \u00e9 um v\u00edcio toler\u00e1vel com um elevado potencial de abuso que pode levar \u00e0 depend\u00eancia psicol\u00f3gica em certos pacientes. Se uma pessoa parar abruptamente, os desejos e os efeitos da abstin\u00eancia podem ocorrer at\u00e9 \u00e0 ocorr\u00eancia de uma escravid\u00e3o.<\/p>\n<p>Com uma utiliza\u00e7\u00e3o prolongada e modificada, o 5F-AKB48 torna-se resistente a choques significativos. Por conseguinte, os clientes observam sempre por\u00e7\u00f5es maiores para obterem resultados semelhantes. A partir da\u00ed, s\u00e3o necess\u00e1rios cerca de 3 a 7 dias para reduzir a resist\u00eancia para metade e 1 a 14 dias para voltar ao normal (sem utiliza\u00e7\u00e3o adicional). O 5F-AKB48 confere uma resist\u00eancia cruzada a todos os canabin\u00f3ides, o que significa que, ap\u00f3s a utiliza\u00e7\u00e3o do 5F-AKB48, todos os canabin\u00f3ides ter\u00e3o um efeito reduzido.<\/p>\n<p>Clique aqui para saber mais sobre os nossos artigos.<\/p>","protected":false},"excerpt":{"rendered":"<p>5f-adb kaufen Bestellen Sie 5f-adb online. (auch bekannt als 5F-MDMB-PINACA oder 5F-ADB-PINACA) ist ein technisch hergestelltes Cannabinoid der Indazol-3-carboxamid-Familie, das<\/p>","protected":false},"featured_media":10285,"comment_status":"open","ping_status":"closed","template":"","meta":{"_seopress_robots_primary_cat":"none","_seopress_titles_title":"5f-adb kaufen %%sep%% %%sitetitle%%","_seopress_titles_desc":"5f-adb kaufen - Bestellen Sie 5f-adb online. (auch bekannt als 5F-MDMB-PINACA oder 5F-ADB-PINACA) ist ein technisch hergestelltes","_seopress_robots_index":""},"product_brand":[],"product_cat":[140],"product_tag":[],"class_list":{"0":"post-9829","1":"product","2":"type-product","3":"status-publish","4":"has-post-thumbnail","6":"product_cat-forschungschemikalien","8":"first","9":"instock","10":"taxable","11":"shipping-taxable","12":"purchasable","13":"product-type-variable"},"_links":{"self":[{"href":"https:\/\/rc-chemlab.net\/pt\/wp-json\/wp\/v2\/product\/9829","targetHints":{"allow":["GET"]}}],"collection":[{"href":"https:\/\/rc-chemlab.net\/pt\/wp-json\/wp\/v2\/product"}],"about":[{"href":"https:\/\/rc-chemlab.net\/pt\/wp-json\/wp\/v2\/types\/product"}],"replies":[{"embeddable":true,"href":"https:\/\/rc-chemlab.net\/pt\/wp-json\/wp\/v2\/comments?post=9829"}],"version-history":[{"count":3,"href":"https:\/\/rc-chemlab.net\/pt\/wp-json\/wp\/v2\/product\/9829\/revisions"}],"predecessor-version":[{"id":10286,"href":"https:\/\/rc-chemlab.net\/pt\/wp-json\/wp\/v2\/product\/9829\/revisions\/10286"}],"wp:featuredmedia":[{"embeddable":true,"href":"https:\/\/rc-chemlab.net\/pt\/wp-json\/wp\/v2\/media\/10285"}],"wp:attachment":[{"href":"https:\/\/rc-chemlab.net\/pt\/wp-json\/wp\/v2\/media?parent=9829"}],"wp:term":[{"taxonomy":"product_brand","embeddable":true,"href":"https:\/\/rc-chemlab.net\/pt\/wp-json\/wp\/v2\/product_brand?post=9829"},{"taxonomy":"product_cat","embeddable":true,"href":"https:\/\/rc-chemlab.net\/pt\/wp-json\/wp\/v2\/product_cat?post=9829"},{"taxonomy":"product_tag","embeddable":true,"href":"https:\/\/rc-chemlab.net\/pt\/wp-json\/wp\/v2\/product_tag?post=9829"}],"curies":[{"name":"wp","href":"https:\/\/api.w.org\/{rel}","templated":true}]}}