{"id":68,"date":"2020-03-13T10:27:32","date_gmt":"2020-03-13T10:27:32","guid":{"rendered":"https:\/\/demo.creativethemes.com\/blocksy\/modern-shop\/?post_type=product&#038;p=68"},"modified":"2024-04-11T16:32:23","modified_gmt":"2024-04-11T16:32:23","slug":"2-methyl-ap-237-hcl","status":"publish","type":"product","link":"https:\/\/rc-chemlab.net\/pt\/product\/2-methyl-ap-237-hcl\/","title":{"rendered":"2-METIL-AP-237-HCL"},"content":{"rendered":"<h1>2-METIL-AP-237-HCL<\/h1>\n<p>Onde posso comprar 2-METHYL-AP-237-HCL? Chemlab procura os melhores medicamentos inovadores. 2-metil-ap-237.hcl \u00e9 a abreviatura de <a href=\"https:\/\/en.wikipedia.org\/wiki\/2-Fluoromethamphetamine\">2-fluorometamfetamina<\/a>.<\/p>\n<p>O produto tem sido utilizado como droga de marca desde 2014. Nunca mais pague demasiado por drogas de marca. We kunnen altijd de beste prijs garanderen, weil we rechtstreeks bij de fabrikanten inkopen.<\/p>\n<p>2-METHYL-AP-237-HCL de alta qualidade. Tem cuidado quando comprares drogas de marca online; existem in\u00fameras lojas online que vendem drogas de marca falsas ou de m\u00e1 qualidade.<\/p>\n<p>A equipa Chemlab tem a certeza de que os produtos que encomendou na Chemlab s\u00e3o da melhor qualidade. Todos os medicamentos de marca que encomendar \u00e0 equipa Chemlab ser\u00e3o entregues em sua casa de forma segura e discreta!<\/p>\n<p>2-METIL-AP-237-HCL, testado em laborat\u00f3rio<br \/>\nA sua empresa est\u00e1 a procurar produtos de alta qualidade quando est\u00e1 a procurar por produtos de design. Todos os nossos medicamentos criativos est\u00e3o dispon\u00edveis numa variedade de cores e tamanhos. Todos os medicamentos que desenvolvemos s\u00e3o da mais alta qualidade e s\u00e3o constantemente testados em laborat\u00f3rio.<\/p>\n<p>Encomendar Discreet designer drugs: As drogas de design s\u00e3o agora legais para comprar online!<\/p>\n<p>\u00c9 de import\u00e2ncia crucial para o envio de mercadorias perigosas. Consequentemente, existem in\u00fameros s\u00edtios Web que n\u00e3o s\u00e3o fi\u00e1veis e que podem enviar mercadorias perigosas.<\/p>\n<p>Por isso, recomendamos que encomende os seus medicamentos inovadores \u00e0 equipa Chemlab.<\/p>\n<p>A Chemlab tem uma grande base de clientes e \u00e9, desde h\u00e1 muito tempo, l\u00edder de mercado na venda de medicamentos de design inovadores. Para mais informa\u00e7\u00f5es, contacte-nos.<\/p>","protected":false},"excerpt":{"rendered":"<p>2-METHYL-AP-237-HCL Waar kan ik 2-METHYL-AP-237-HCL goedkoop kopen? Chemlab zoekt de beste innovatieve medicijnen. 2methyl-ap-237.hcl ist die Abk\u00fcrzung f\u00fcr 2-fluormethamfetamine. Seit<\/p>","protected":false},"featured_media":10249,"comment_status":"open","ping_status":"closed","template":"","meta":{"_seopress_robots_primary_cat":"none","_seopress_titles_title":"2-METHYL-AP-237-HCL %%sep%% %%sitetitle%%","_seopress_titles_desc":"Waar kan ik 2-METHYL-AP-237-HCL goedkoop kopen? Chemlab zoekt de beste innovatieve medicijnen. 2methyl-ap-237.hcl ist die Abk\u00fcrzung f\u00fcr 2-fluormethamfetamine.","_seopress_robots_index":""},"product_brand":[],"product_cat":[140],"product_tag":[],"class_list":{"0":"post-68","1":"product","2":"type-product","3":"status-publish","4":"has-post-thumbnail","6":"product_cat-forschungschemikalien","8":"first","9":"instock","10":"featured","11":"taxable","12":"shipping-taxable","13":"purchasable","14":"product-type-variable"},"_links":{"self":[{"href":"https:\/\/rc-chemlab.net\/pt\/wp-json\/wp\/v2\/product\/68","targetHints":{"allow":["GET"]}}],"collection":[{"href":"https:\/\/rc-chemlab.net\/pt\/wp-json\/wp\/v2\/product"}],"about":[{"href":"https:\/\/rc-chemlab.net\/pt\/wp-json\/wp\/v2\/types\/product"}],"replies":[{"embeddable":true,"href":"https:\/\/rc-chemlab.net\/pt\/wp-json\/wp\/v2\/comments?post=68"}],"version-history":[{"count":3,"href":"https:\/\/rc-chemlab.net\/pt\/wp-json\/wp\/v2\/product\/68\/revisions"}],"predecessor-version":[{"id":10251,"href":"https:\/\/rc-chemlab.net\/pt\/wp-json\/wp\/v2\/product\/68\/revisions\/10251"}],"wp:featuredmedia":[{"embeddable":true,"href":"https:\/\/rc-chemlab.net\/pt\/wp-json\/wp\/v2\/media\/10249"}],"wp:attachment":[{"href":"https:\/\/rc-chemlab.net\/pt\/wp-json\/wp\/v2\/media?parent=68"}],"wp:term":[{"taxonomy":"product_brand","embeddable":true,"href":"https:\/\/rc-chemlab.net\/pt\/wp-json\/wp\/v2\/product_brand?post=68"},{"taxonomy":"product_cat","embeddable":true,"href":"https:\/\/rc-chemlab.net\/pt\/wp-json\/wp\/v2\/product_cat?post=68"},{"taxonomy":"product_tag","embeddable":true,"href":"https:\/\/rc-chemlab.net\/pt\/wp-json\/wp\/v2\/product_tag?post=68"}],"curies":[{"name":"wp","href":"https:\/\/api.w.org\/{rel}","templated":true}]}}