{"id":66,"date":"2020-03-13T10:24:27","date_gmt":"2020-03-13T10:24:27","guid":{"rendered":"https:\/\/demo.creativethemes.com\/blocksy\/modern-shop\/?post_type=product&#038;p=66"},"modified":"2024-12-21T15:40:24","modified_gmt":"2024-12-21T15:40:24","slug":"3-cmc-kaufen","status":"publish","type":"product","link":"https:\/\/rc-chemlab.net\/pt\/product\/3-cmc-kaufen\/","title":{"rendered":"3 CMC"},"content":{"rendered":"<h1>Comprar 3-CMC<\/h1>\n<p>A mol\u00e9cula 3-MMC, tamb\u00e9m conhecida por 3-metilmetcatinona, pertence \u00e0 classe das catinonas substitu\u00eddas. As catinonas s\u00e3o um subgrupo de anfetaminas que t\u00eam a estrutura central da anfetamina de um anel fen\u00edlico ligado a um grupo amino (NH2) atrav\u00e9s de uma cadeia de etilo e uma substitui\u00e7\u00e3o adicional de metilo em R\u03b1.<\/p>\n<p>O 3MMC e outras catinonas diferem na substitui\u00e7\u00e3o da cetona no carbono beta do esqueleto da anfetamina, pelo que s\u00e3o \u03b2-ceto-anfetaminas. O 3MMC tem duas substitui\u00e7\u00f5es de metilo no esqueleto da catinona: uma em R3 do anel fen\u00edlico e outra no grupo azotado RN. A 3MMC \u00e9 semelhante \u00e0 mefedrona; tem a mesma estrutura, exceto que o grupo metilo est\u00e1 colocado em R3 em vez de R4.<\/p>\n<h2>Comprar 3-CMC Alemanha<\/h2>\n<p>O 3-MMC \u00e9 vendido apenas para fins de investiga\u00e7\u00e3o e n\u00e3o pode ser utilizado para outros fins, como diagn\u00f3sticos in vivo, em alimentos, medicamentos, dispositivos m\u00e9dicos e\/ou cosm\u00e9ticos para seres humanos ou animais.<\/p>\n<p>Antes de efetuar a encomenda, certifique-se de que est\u00e1 devidamente equipado para manusear produtos qu\u00edmicos de investiga\u00e7\u00e3o e que o seu local de trabalho \u00e9 bem ventilado. Para encomendar este produto, \u00e9 necess\u00e1rio ter pelo menos 18 anos de idade.<\/p>\n<p>O 3-MMC \u00e9 legal no nosso pa\u00eds de origem. \u00c9 da sua responsabilidade compreender e cumprir as leis do seu estado, concelho, regi\u00e3o, pa\u00eds ou cidade. N\u00e3o assumimos qualquer responsabilidade por quaisquer ac\u00e7\u00f5es ou consequ\u00eancias resultantes da sua encomenda.<\/p>","protected":false},"excerpt":{"rendered":"<p>3-CMC kaufen Der Molek\u00fcl 3-MMC, auch bekannt als 3-Methylmethcathinon, geh\u00f6rt zur Klasse der substituierten Cathinone. Cathinone sind eine Untergruppe der<\/p>","protected":false},"featured_media":10257,"comment_status":"open","ping_status":"closed","template":"","meta":{"_seopress_robots_primary_cat":"none","_seopress_titles_title":"3 CMC Kaufen %%sep%% %%sitetitle%%","_seopress_titles_desc":"Der Molek\u00fcl 3-MMC, auch bekannt als 3-Methylmethcathinon, geh\u00f6rt zur Klasse der substituierten Cathinone.","_seopress_robots_index":""},"product_brand":[],"product_cat":[140],"product_tag":[],"class_list":{"0":"post-66","1":"product","2":"type-product","3":"status-publish","4":"has-post-thumbnail","6":"product_cat-forschungschemikalien","8":"first","9":"instock","10":"featured","11":"taxable","12":"shipping-taxable","13":"purchasable","14":"product-type-variable"},"_links":{"self":[{"href":"https:\/\/rc-chemlab.net\/pt\/wp-json\/wp\/v2\/product\/66","targetHints":{"allow":["GET"]}}],"collection":[{"href":"https:\/\/rc-chemlab.net\/pt\/wp-json\/wp\/v2\/product"}],"about":[{"href":"https:\/\/rc-chemlab.net\/pt\/wp-json\/wp\/v2\/types\/product"}],"replies":[{"embeddable":true,"href":"https:\/\/rc-chemlab.net\/pt\/wp-json\/wp\/v2\/comments?post=66"}],"version-history":[{"count":2,"href":"https:\/\/rc-chemlab.net\/pt\/wp-json\/wp\/v2\/product\/66\/revisions"}],"predecessor-version":[{"id":10258,"href":"https:\/\/rc-chemlab.net\/pt\/wp-json\/wp\/v2\/product\/66\/revisions\/10258"}],"wp:featuredmedia":[{"embeddable":true,"href":"https:\/\/rc-chemlab.net\/pt\/wp-json\/wp\/v2\/media\/10257"}],"wp:attachment":[{"href":"https:\/\/rc-chemlab.net\/pt\/wp-json\/wp\/v2\/media?parent=66"}],"wp:term":[{"taxonomy":"product_brand","embeddable":true,"href":"https:\/\/rc-chemlab.net\/pt\/wp-json\/wp\/v2\/product_brand?post=66"},{"taxonomy":"product_cat","embeddable":true,"href":"https:\/\/rc-chemlab.net\/pt\/wp-json\/wp\/v2\/product_cat?post=66"},{"taxonomy":"product_tag","embeddable":true,"href":"https:\/\/rc-chemlab.net\/pt\/wp-json\/wp\/v2\/product_tag?post=66"}],"curies":[{"name":"wp","href":"https:\/\/api.w.org\/{rel}","templated":true}]}}