{"id":64,"date":"2020-03-13T10:16:57","date_gmt":"2020-03-13T10:16:57","guid":{"rendered":"https:\/\/demo.creativethemes.com\/blocksy\/modern-shop\/?post_type=product&#038;p=64"},"modified":"2024-04-11T16:18:31","modified_gmt":"2024-04-11T16:18:31","slug":"2-fma-kaufen","status":"publish","type":"product","link":"https:\/\/rc-chemlab.net\/pt\/product\/2-fma-kaufen\/","title":{"rendered":"2-FMA"},"content":{"rendered":"<h1>Comprar 2-FMA<\/h1>\n<p>2-FMA, tamb\u00e9m <a href=\"https:\/\/en.wikipedia.org\/wiki\/2-Fluoromethamphetamine\">2-Fluorometanfetamina<\/a> \u00e9 um estimulante raro da fam\u00edlia das metanfetaminas, muito procurado por muitos e que constitui uma investiga\u00e7\u00e3o muito interessante.<\/p>\n<p>Estudos demonstram que a subst\u00e2ncia qu\u00edmica de investiga\u00e7\u00e3o 2-FMA actua como agente libertador de dopamina e noradrenalina, embora n\u00e3o tenha sido oficialmente estudada ao mesmo n\u00edvel que as anfetaminas convencionais. Isto mostra que aumenta efetivamente os n\u00edveis de norepinefrina e de dopamina ligando-se \u00e0s prote\u00ednas transportadoras e bloqueando-as parcialmente, o que normalmente as remove da fenda sin\u00e1ptica. Por conseguinte, a dopamina e a noradrenalina podem acumular-se, conduzindo a resultados estimulantes e euf\u00f3ricos em estudos qu\u00edmicos.<\/p>\n<h2>Como utilizar o 2-FMA?<\/h2>\n<p>Comprar 2-FMA na melhor forma de p\u00f3 online. Compre 2-FDCK em 50 gramas, 100 gramas, 150 gramas, 200 gramas e 250 gramas. Para maximizar o prazo de validade do 2-FDCK em p\u00f3, conserva-o num local seco e fresco. \u00c9 prefer\u00edvel armazen\u00e1-lo num local seco e fresco. Tomar as devidas precau\u00e7\u00f5es ao manusear produtos qu\u00edmicos de investiga\u00e7\u00e3o no laborat\u00f3rio, tais como limpar as superf\u00edcies e usar luvas, uma m\u00e1scara e vestu\u00e1rio de prote\u00e7\u00e3o.<\/p>\n<h2>Defini\u00e7\u00e3o de 2-FMA<\/h2>\n<p>O nome oficial da 2-FMA \u00e9 2-fluorometanfetamina, uma subst\u00e2ncia rara da classe das anfetaminas. Est\u00e1 relacionada com a 2-FA, a 3-FA e a 4-FMA e tem semelhan\u00e7as estruturais com a metanfetamina. Para al\u00e9m de outras anfetaminas fluoradas, como a 2-FA e a 4-FA, ocorre tamb\u00e9m a 2-FEA. A 2-FMA est\u00e1 a tornar-se cada vez mais popular no mercado dos produtos qu\u00edmicos para investiga\u00e7\u00e3o, embora n\u00e3o tenha sido formalmente estudada ao mesmo n\u00edvel que as anfetaminas tradicionais durante algum tempo.<\/p>\n<h2>Informa\u00e7\u00f5es de base sobre a qu\u00edmica do 2-FMA<\/h2>\n<p>A 2-fluorometanfetamina \u00e9 uma mol\u00e9cula da classe das anfetaminas produzida sinteticamente. As mol\u00e9culas da classe das anfetaminas cont\u00eam um grupo metilo ligado \u00e0 endamina RN do n\u00facleo da anfetamina, que partilha com a metanfetamina. O 2-FMA est\u00e1 estreitamente relacionado com a metanfetamina e a 2-fluoroanfetamina. Pensa-se que a 2-FMA exerce as suas propriedades estimulantes influenciando os receptores da dopamina e da noradrenalina. Recomenda-se vivamente a ado\u00e7\u00e3o de procedimentos de redu\u00e7\u00e3o dos danos aquando da utiliza\u00e7\u00e3o desta subst\u00e2ncia, uma vez que a investiga\u00e7\u00e3o sobre a 2-FMA \u00e9 limitada.<\/p>\n<h2>Onde posso comprar o 2-FMA?<\/h2>\n<p>\u00c9 poss\u00edvel comprar 2-FMA no s\u00edtio Web da Chemlab. Vendemos o 2-FMA em p\u00f3 de qualidade superior. Mas temos frequentemente outras formas de subst\u00e2ncias dispon\u00edveis. Contacte-nos para saber se temos a sua forma de subst\u00e2ncia preferida em stock. Para comprar 2-FMA connosco, deve ter pelo menos 18 anos de idade.<\/p>","protected":false},"excerpt":{"rendered":"<p>2-FMA kaufen 2-FMA, auch 2-Fluormethamphetamin genannt, ist ein seltenes Stimulans der Methamphetamin-Familie, das von vielen sehr gesucht wird und eine<\/p>","protected":false},"featured_media":10244,"comment_status":"open","ping_status":"closed","template":"","meta":{"_seopress_robots_primary_cat":"none","_seopress_titles_title":"2-FMA kaufen %%sep%% %%sitetitle%%","_seopress_titles_desc":"2-FMA, auch 2-Fluormethamphetamin genannt, ist ein seltenes Stimulans der Methamphetamin-Familie, das von vielen sehr gesucht wird und eine sehr interessante Forschung ist.","_seopress_robots_index":""},"product_brand":[],"product_cat":[140],"product_tag":[],"class_list":{"0":"post-64","1":"product","2":"type-product","3":"status-publish","4":"has-post-thumbnail","6":"product_cat-forschungschemikalien","8":"first","9":"instock","10":"featured","11":"taxable","12":"shipping-taxable","13":"purchasable","14":"product-type-variable"},"_links":{"self":[{"href":"https:\/\/rc-chemlab.net\/pt\/wp-json\/wp\/v2\/product\/64","targetHints":{"allow":["GET"]}}],"collection":[{"href":"https:\/\/rc-chemlab.net\/pt\/wp-json\/wp\/v2\/product"}],"about":[{"href":"https:\/\/rc-chemlab.net\/pt\/wp-json\/wp\/v2\/types\/product"}],"replies":[{"embeddable":true,"href":"https:\/\/rc-chemlab.net\/pt\/wp-json\/wp\/v2\/comments?post=64"}],"version-history":[{"count":3,"href":"https:\/\/rc-chemlab.net\/pt\/wp-json\/wp\/v2\/product\/64\/revisions"}],"predecessor-version":[{"id":10245,"href":"https:\/\/rc-chemlab.net\/pt\/wp-json\/wp\/v2\/product\/64\/revisions\/10245"}],"wp:featuredmedia":[{"embeddable":true,"href":"https:\/\/rc-chemlab.net\/pt\/wp-json\/wp\/v2\/media\/10244"}],"wp:attachment":[{"href":"https:\/\/rc-chemlab.net\/pt\/wp-json\/wp\/v2\/media?parent=64"}],"wp:term":[{"taxonomy":"product_brand","embeddable":true,"href":"https:\/\/rc-chemlab.net\/pt\/wp-json\/wp\/v2\/product_brand?post=64"},{"taxonomy":"product_cat","embeddable":true,"href":"https:\/\/rc-chemlab.net\/pt\/wp-json\/wp\/v2\/product_cat?post=64"},{"taxonomy":"product_tag","embeddable":true,"href":"https:\/\/rc-chemlab.net\/pt\/wp-json\/wp\/v2\/product_tag?post=64"}],"curies":[{"name":"wp","href":"https:\/\/api.w.org\/{rel}","templated":true}]}}