{"id":57,"date":"2020-03-13T10:07:44","date_gmt":"2020-03-13T10:07:44","guid":{"rendered":"https:\/\/demo.creativethemes.com\/blocksy\/modern-shop\/?post_type=product&#038;p=57"},"modified":"2024-10-10T12:54:44","modified_gmt":"2024-10-10T12:54:44","slug":"2-fdck-kaufen-deutschland","status":"publish","type":"product","link":"https:\/\/rc-chemlab.net\/pt\/product\/2-fdck-kaufen-deutschland\/","title":{"rendered":"2-FDCK"},"content":{"rendered":"<h1><span class=\"___SText_v2vqb-ko_\" data-ui-name=\"Link.Text\">2-FDCK comprar Alemanha<\/span><\/h1>\n<p>Comprar 2-FDCK em Alemanha. Procura a melhor oferta de 2-FDCK em p\u00f3? Rc-Chemlab \u00e9 a melhor escolha! Nosso 2-FDCK de alta qualidade est\u00e1 sempre dispon\u00edvel e pronto para envio, para que voc\u00ea possa obter os melhores medicamentos de grife dispon\u00edveis rapidamente. Al\u00e9m disso, com nossas op\u00e7\u00f5es de pagamento seguras, voc\u00ea pode ter certeza de que receber\u00e1 seu produto exatamente quando precisar. Compre agora e poupe dinheiro!<\/p>\n<p>Lidamos com drogas de marca h\u00e1 7 anos e podemos sempre fornecer-lhe produtos de primeira classe. Todos os nossos produtos s\u00e3o seguros para fins de investiga\u00e7\u00e3o, uma vez que foram testados em laborat\u00f3rio.<\/p>\n<h3><span class=\"___SText_v2vqb-ko_\" data-ui-name=\"Link.Text\">2-FDCK comprar Alemanha<\/span><\/h3>\n<p>Existem muitas lojas online que vendem drogas de marca falsificadas ou de m\u00e1 qualidade, por isso tenha cuidado ao comprar drogas de marca online. Pode ter a certeza de que os produtos que compra s\u00e3o de qualidade superior quando recorre \u00e0 Chemlab. Encomenda discreta de medicamentos para estilistas.<\/p>\n<p>Naturalmente, \u00e9 importante comprar drogas de marca na fonte correta. Devido ao facto de muitos sites n\u00e3o serem fi\u00e1veis e poderem enviar produtos nocivos. Por este motivo, recomendamos que encomende as suas drogas de marca \u00e0 equipa do Rc-Chemlab.<\/p>\n<p>A Rc-Chemlab tem uma grande base de clientes e \u00e9, desde h\u00e1 anos, l\u00edder de mercado na venda de drogas de marca de primeira classe.<\/p>","protected":false},"excerpt":{"rendered":"<p>2-FDCK kaufen Deutschland 2-FDCK in Deutschland kaufen. Sie suchen nach dem besten 2-FDCK-Pulverangebot? Rc-Chemlab ist die beste Wahl! Unser hochwertiges<\/p>","protected":false},"featured_media":10240,"comment_status":"open","ping_status":"closed","template":"","meta":{"_seopress_robots_primary_cat":"none","_seopress_titles_title":"2-FDCK kaufen Deutschland %%sep%% %%sitetitle%%","_seopress_titles_desc":"2-FDCK in Deutschland kaufen. Sie suchen nach dem besten 2-FDCK-Pulverangebot? Rc-Chemlab ist die beste Wahl!","_seopress_robots_index":""},"product_brand":[],"product_cat":[140],"product_tag":[],"class_list":{"0":"post-57","1":"product","2":"type-product","3":"status-publish","4":"has-post-thumbnail","6":"product_cat-forschungschemikalien","8":"first","9":"instock","10":"featured","11":"taxable","12":"shipping-taxable","13":"purchasable","14":"product-type-variable"},"_links":{"self":[{"href":"https:\/\/rc-chemlab.net\/pt\/wp-json\/wp\/v2\/product\/57","targetHints":{"allow":["GET"]}}],"collection":[{"href":"https:\/\/rc-chemlab.net\/pt\/wp-json\/wp\/v2\/product"}],"about":[{"href":"https:\/\/rc-chemlab.net\/pt\/wp-json\/wp\/v2\/types\/product"}],"replies":[{"embeddable":true,"href":"https:\/\/rc-chemlab.net\/pt\/wp-json\/wp\/v2\/comments?post=57"}],"version-history":[{"count":3,"href":"https:\/\/rc-chemlab.net\/pt\/wp-json\/wp\/v2\/product\/57\/revisions"}],"predecessor-version":[{"id":1157,"href":"https:\/\/rc-chemlab.net\/pt\/wp-json\/wp\/v2\/product\/57\/revisions\/1157"}],"wp:featuredmedia":[{"embeddable":true,"href":"https:\/\/rc-chemlab.net\/pt\/wp-json\/wp\/v2\/media\/10240"}],"wp:attachment":[{"href":"https:\/\/rc-chemlab.net\/pt\/wp-json\/wp\/v2\/media?parent=57"}],"wp:term":[{"taxonomy":"product_brand","embeddable":true,"href":"https:\/\/rc-chemlab.net\/pt\/wp-json\/wp\/v2\/product_brand?post=57"},{"taxonomy":"product_cat","embeddable":true,"href":"https:\/\/rc-chemlab.net\/pt\/wp-json\/wp\/v2\/product_cat?post=57"},{"taxonomy":"product_tag","embeddable":true,"href":"https:\/\/rc-chemlab.net\/pt\/wp-json\/wp\/v2\/product_tag?post=57"}],"curies":[{"name":"wp","href":"https:\/\/api.w.org\/{rel}","templated":true}]}}