{"id":279,"date":"2020-03-18T15:35:09","date_gmt":"2020-03-18T15:35:09","guid":{"rendered":"https:\/\/demo.creativethemes.com\/blocksy\/modern-shop\/?post_type=product&#038;p=279"},"modified":"2024-04-12T20:55:47","modified_gmt":"2024-04-12T20:55:47","slug":"4f-mph-kaufen","status":"publish","type":"product","link":"https:\/\/rc-chemlab.net\/pt\/product\/4f-mph-kaufen\/","title":{"rendered":"4F-MPH"},"content":{"rendered":"<h1><span class=\"___SText_mzmpq-ko_\" data-ui-name=\"Link.Text\">Comprar 4F MPH<\/span><\/h1>\n<p>Quer comprar o 4F-MPH? Ent\u00e3o est\u00e1 em <a href=\"\/pt\/\">Rc-Chemlab<\/a> perfeito! Todos os produtos da Research Chemicals Nederland foram testados em laborat\u00f3rio e s\u00e3o da mais alta qualidade. As encomendas s\u00e3o embaladas de forma discreta e expedidas no prazo de 24 horas. Al\u00e9m disso, tem a op\u00e7\u00e3o de pagar de forma segura e r\u00e1pida por criptomoeda e transfer\u00eancia banc\u00e1ria.<\/p>\n<h2>O que \u00e9 o 4F-MPH?<\/h2>\n<p>O 4F-MPH \u00e9 uma subst\u00e2ncia estimulante que pertence ao grupo <a href=\"https:\/\/docplayer.org\/129150624-Institut-fuer-organische-katalyseforschung-an-der.html\">Classes de enetilamina e piperidina<\/a> dos produtos qu\u00edmicos de investiga\u00e7\u00e3o. A 4F-Ritalina, tamb\u00e9m conhecida como 4F-MPH, \u00e9 estruturalmente quase id\u00eantica ao metilfenidato. A \u00fanica exce\u00e7\u00e3o \u00e9 um \u00fanico \u00e1tomo de fl\u00faor ligado \u00e0 posi\u00e7\u00e3o quatro do n\u00facleo da fenetilamina. A semelhan\u00e7a entre o metilfenidato e a 4F-MPH pode ser observada na imagem do produto. Nos Pa\u00edses Baixos, o metilfenidato \u00e9 receitado, entre outros, para a PHDA e a narcolepsia. Por este motivo, o 4F-MPH \u00e9 um poss\u00edvel substituto da Ritalina.<\/p>\n<p>A 4F-Ritalina pode ser comprada sem receita m\u00e9dica, mas os seus efeitos desejados s\u00e3o muito semelhantes aos da Ritalina. Se quiseres utilizar a subst\u00e2ncia uma vez no laborat\u00f3rio, isto poupa muito tempo e esfor\u00e7o. Como seria de esperar, a 4F-Ritalina actua de forma semelhante \u00e0 metilfenida. No entanto, a 4F-MPH aumenta o estado de alerta e a fadiga, mas n\u00e3o a energia. Apesar das semelhan\u00e7as entre as duas subst\u00e2ncias, a 4F-MPH n\u00e3o deve ser consumida. Gostaria de obter mais informa\u00e7\u00f5es sobre os efeitos do 4F-MPH? Ent\u00e3o deves consultar a Wikipedia ou a Psychonaut Wiki.<\/p>\n<h2>Onde posso comprar o 4F-MPH?<\/h2>\n<p>O RC-Chemlab \u00e9 o s\u00edtio certo para descobrir todos os seus produtos qu\u00edmicos de investiga\u00e7\u00e3o, incluindo o 4F-MPH da mais alta qualidade. Todos os produtos qu\u00edmicos de investiga\u00e7\u00e3o s\u00e3o enviados por n\u00f3s a partir dos Pa\u00edses Baixos, o que significa que a sua encomenda chegar\u00e1 no prazo de 1 a 2 dias \u00fateis! O 4F-MPH est\u00e1 dispon\u00edvel na forma de p\u00f3, pelo que pode escolher a forma mais adequada para a sua experi\u00eancia.<\/p>\n<h2>Comprar 4F-MPH a um pre\u00e7o favor\u00e1vel<\/h2>\n<p>Gostaria de saber se a Ritalina tem o efeito desejado em si? Ent\u00e3o encomenda aqui o 4F-MPH e testa-o no teu laborat\u00f3rio. Nota: Tal como outros qu\u00edmicos de investiga\u00e7\u00e3o, o 4F-MPH destina-se apenas a fins de investiga\u00e7\u00e3o e nunca deve ser consumido por humanos, animais ou outros seres vivos. O 4F-MPH deve ser armazenado num local seco e fresco para garantir o seu prazo de validade m\u00e1ximo. Para mais informa\u00e7\u00f5es, contactar <a href=\"https:\/\/rc-chemlab.net\/pt\/kontakt\/\">Contacto connosco<\/a> sobre.<\/p>","protected":false},"excerpt":{"rendered":"<p>4F MPH kaufen Willst du 4F-MPH kaufen? Dann sind Sie bei Rc-Chemlab genau richtig! Alle Produkte von Research Chemicals Nederland<\/p>","protected":false},"featured_media":10272,"comment_status":"open","ping_status":"closed","template":"","meta":{"_seopress_robots_primary_cat":"none","_seopress_titles_title":"4F MPH kaufen %%sep%% %%sitetitle%%","_seopress_titles_desc":"Willst du 4F-MPH kaufen? Dann sind Sie bei Rc-Chemlab genau richtig! Alle Produkte von Research Chemicals Nederland wurden im Labor getestet und sind von h\u00f6chster Qualit\u00e4t.","_seopress_robots_index":""},"product_brand":[],"product_cat":[140],"product_tag":[],"class_list":{"0":"post-279","1":"product","2":"type-product","3":"status-publish","4":"has-post-thumbnail","6":"product_cat-forschungschemikalien","8":"first","9":"instock","10":"featured","11":"taxable","12":"shipping-taxable","13":"purchasable","14":"product-type-variable"},"_links":{"self":[{"href":"https:\/\/rc-chemlab.net\/pt\/wp-json\/wp\/v2\/product\/279","targetHints":{"allow":["GET"]}}],"collection":[{"href":"https:\/\/rc-chemlab.net\/pt\/wp-json\/wp\/v2\/product"}],"about":[{"href":"https:\/\/rc-chemlab.net\/pt\/wp-json\/wp\/v2\/types\/product"}],"replies":[{"embeddable":true,"href":"https:\/\/rc-chemlab.net\/pt\/wp-json\/wp\/v2\/comments?post=279"}],"version-history":[{"count":3,"href":"https:\/\/rc-chemlab.net\/pt\/wp-json\/wp\/v2\/product\/279\/revisions"}],"predecessor-version":[{"id":10273,"href":"https:\/\/rc-chemlab.net\/pt\/wp-json\/wp\/v2\/product\/279\/revisions\/10273"}],"wp:featuredmedia":[{"embeddable":true,"href":"https:\/\/rc-chemlab.net\/pt\/wp-json\/wp\/v2\/media\/10272"}],"wp:attachment":[{"href":"https:\/\/rc-chemlab.net\/pt\/wp-json\/wp\/v2\/media?parent=279"}],"wp:term":[{"taxonomy":"product_brand","embeddable":true,"href":"https:\/\/rc-chemlab.net\/pt\/wp-json\/wp\/v2\/product_brand?post=279"},{"taxonomy":"product_cat","embeddable":true,"href":"https:\/\/rc-chemlab.net\/pt\/wp-json\/wp\/v2\/product_cat?post=279"},{"taxonomy":"product_tag","embeddable":true,"href":"https:\/\/rc-chemlab.net\/pt\/wp-json\/wp\/v2\/product_tag?post=279"}],"curies":[{"name":"wp","href":"https:\/\/api.w.org\/{rel}","templated":true}]}}