{"id":170,"date":"2020-03-16T09:21:08","date_gmt":"2020-03-16T09:21:08","guid":{"rendered":"https:\/\/demo.creativethemes.com\/blocksy\/modern-shop\/?post_type=product&#038;p=170"},"modified":"2024-12-21T15:56:21","modified_gmt":"2024-12-21T15:56:21","slug":"clonazolam-kaufen","status":"publish","type":"product","link":"https:\/\/rc-chemlab.net\/pt\/product\/clonazolam-kaufen\/","title":{"rendered":"Clonazolam em p\u00f3"},"content":{"rendered":"<h1>Comprar Clonazolam<\/h1>\n<p>O clonazolam em p\u00f3 pertence ao grupo dos <a href=\"https:\/\/www.gelbe-liste.de\/wirkstoffgruppen\/benzodiazepine\">Benzodiazepinas<\/a> e \u00e9 utilizada em muitas situa\u00e7\u00f5es para diversos fins nos seres humanos. Foi sintetizada pela primeira vez em 1971 como droga de marca. Nos \u00faltimos anos, tornou-se um dos medicamentos mais utilizados no mundo devido \u00e0s suas propriedades \u00fanicas. Atualmente, \u00e9 utilizada como produto qu\u00edmico de investiga\u00e7\u00e3o e para o tratamento de v\u00e1rias doen\u00e7as.<\/p>\n<h2>Efeito do clonazolam em p\u00f3<\/h2>\n<ul>\n<li>O clonazolam em p\u00f3 \u00e9 tamb\u00e9m uma droga psicoactiva pertencente \u00e0s benzodiazepinas e funciona da mesma forma que todos estes pr\u00f3-f\u00e1rmacos. Tem um potencial mais elevado do que outros pr\u00f3-f\u00e1rmacos da s\u00e9rie das benzodiazepinas.<\/li>\n<li>Tamb\u00e9m actua da mesma forma que todos os pr\u00f3-f\u00e1rmacos, mas actua mais rapidamente do que todos os pr\u00f3-f\u00e1rmacos, n\u00e3o s\u00f3 desta fam\u00edlia, mas tamb\u00e9m de outros membros de outras fam\u00edlias de pr\u00f3-f\u00e1rmacos. O seu efeito baseia-se numa influ\u00eancia direta sobre o sistema de neurotransmissores do c\u00e9rebro humano.<\/li>\n<li>Esta estimula um certo n\u00famero de subst\u00e2ncias qu\u00edmicas espec\u00edficas a desempenhar a fun\u00e7\u00e3o em causa. \u00c9 igualmente utilizada para relaxar os m\u00fasculos e garantir uma boa noite de sono.<\/li>\n<li>Clonazolam em p\u00f3 garante um sono adequado para o corpo humano. \u00c9 usado por quase todos os m\u00e9dicos para pacientes que sofrem de ins\u00f3nia. Os m\u00e9dicos tamb\u00e9m o utilizam durante procedimentos cir\u00fargicos em que pretendem tornar o doente inconsciente.<\/li>\n<li>Este medicamento tamb\u00e9m ajuda os m\u00e9dicos a manter o doente afastado de outras drogas. Tamb\u00e9m \u00e9 utilizado para remover o \u00e1lcool de todo o corpo atrav\u00e9s de v\u00e1rios procedimentos. O clonazolam \u00e9 um medicamento muito bom, mas apenas se for utilizado de acordo com as necessidades do organismo e conforme prescrito.<\/li>\n<li>O clonazolam em p\u00f3 n\u00e3o \u00e9 bom para a sa\u00fade humana se tomado durante um longo per\u00edodo de tempo. Pode causar s\u00e9rios danos \u00e0 sa\u00fade e afetar o sistema neuronal do c\u00e9rebro humano.<\/li>\n<\/ul>\n<p>A nossa loja online oferece Clonazolam a pre\u00e7os muito baixos. A nossa loja tamb\u00e9m oferece a entrega do produto num prazo muito curto. Para mais informa\u00e7\u00f5es, contactar <a href=\"https:\/\/rc-chemlab.net\/pt\/kontakt\/\">n\u00f3s<\/a>.<\/p>","protected":false},"excerpt":{"rendered":"<p>Clonazolam kaufen Clonazolam-Pulver geh\u00f6rt zur Gruppe der Benzodiazepine und wird in vielen Situationen f\u00fcr verschiedene Zwecke beim Menschen eingesetzt. Es<\/p>","protected":false},"featured_media":10296,"comment_status":"open","ping_status":"closed","template":"","meta":{"_seopress_robots_primary_cat":"none","_seopress_titles_title":"Clonazolam kaufen %%sep%% %%sitetitle%%","_seopress_titles_desc":"Clonazolam kaufen - Clonazolam-Pulver geh\u00f6rt zur Gruppe der Benzodiazepine und wird in vielen Situationen f\u00fcr verschiedene Zwecke beim Menschen eingesetzt.","_seopress_robots_index":""},"product_brand":[],"product_cat":[140],"product_tag":[],"class_list":{"0":"post-170","1":"product","2":"type-product","3":"status-publish","4":"has-post-thumbnail","6":"product_cat-forschungschemikalien","8":"first","9":"instock","10":"taxable","11":"shipping-taxable","12":"purchasable","13":"product-type-variable"},"_links":{"self":[{"href":"https:\/\/rc-chemlab.net\/pt\/wp-json\/wp\/v2\/product\/170","targetHints":{"allow":["GET"]}}],"collection":[{"href":"https:\/\/rc-chemlab.net\/pt\/wp-json\/wp\/v2\/product"}],"about":[{"href":"https:\/\/rc-chemlab.net\/pt\/wp-json\/wp\/v2\/types\/product"}],"replies":[{"embeddable":true,"href":"https:\/\/rc-chemlab.net\/pt\/wp-json\/wp\/v2\/comments?post=170"}],"version-history":[{"count":2,"href":"https:\/\/rc-chemlab.net\/pt\/wp-json\/wp\/v2\/product\/170\/revisions"}],"predecessor-version":[{"id":1244,"href":"https:\/\/rc-chemlab.net\/pt\/wp-json\/wp\/v2\/product\/170\/revisions\/1244"}],"wp:featuredmedia":[{"embeddable":true,"href":"https:\/\/rc-chemlab.net\/pt\/wp-json\/wp\/v2\/media\/10296"}],"wp:attachment":[{"href":"https:\/\/rc-chemlab.net\/pt\/wp-json\/wp\/v2\/media?parent=170"}],"wp:term":[{"taxonomy":"product_brand","embeddable":true,"href":"https:\/\/rc-chemlab.net\/pt\/wp-json\/wp\/v2\/product_brand?post=170"},{"taxonomy":"product_cat","embeddable":true,"href":"https:\/\/rc-chemlab.net\/pt\/wp-json\/wp\/v2\/product_cat?post=170"},{"taxonomy":"product_tag","embeddable":true,"href":"https:\/\/rc-chemlab.net\/pt\/wp-json\/wp\/v2\/product_tag?post=170"}],"curies":[{"name":"wp","href":"https:\/\/api.w.org\/{rel}","templated":true}]}}