{"id":168,"date":"2020-03-16T09:19:03","date_gmt":"2020-03-16T09:19:03","guid":{"rendered":"https:\/\/demo.creativethemes.com\/blocksy\/modern-shop\/?post_type=product&#038;p=168"},"modified":"2024-12-21T03:50:31","modified_gmt":"2024-12-21T03:50:31","slug":"etizolam-kaufen","status":"publish","type":"product","link":"https:\/\/rc-chemlab.net\/pt\/product\/etizolam-kaufen\/","title":{"rendered":"Etizolam em p\u00f3"},"content":{"rendered":"<h1><span class=\"___SText_mzmpq-ko_\" data-ui-name=\"Link.Text\">Comprar Etizolam<\/span><\/h1>\n<p>O flunitrazolam \u00e9 um novo desenvolvimento do etizolam. O etizolam tem efeitos menos conhecidos do que o oxazepam ou o diazepam. A subst\u00e2ncia \u00e9 conhecida pelo seu efeito sedativo. \u00c9 frequentemente utilizado para induzir o sono.<\/p>\n<h2>O que \u00e9 o Etizolam?<\/h2>\n<p>O Etizolam \u00e9 um medicamento bem conhecido que pode ser utilizado para uma variedade de objectivos. Por exemplo, \u00e9 utilizado para tratar a ansiedade, perturba\u00e7\u00f5es de p\u00e2nico, depress\u00e3o ou perturba\u00e7\u00f5es do sono. Felizmente, est\u00e1 dispon\u00edvel uma c\u00f3pia quase exacta do Etizolam. O medicamento chama-se flunitrazolam. Claro que tem a op\u00e7\u00e3o de encomendar este medicamento de forma discreta e segura connosco.<\/p>\n<p>O flunitrazolam (Etizolam) pertence \u00e0 categoria dos <a href=\"https:\/\/de.wikipedia.org\/wiki\/Kategorie:Benzodiazepin\">Benzodiapina<\/a>. As benzodiapinas podem ter diferentes efeitos terap\u00eauticos. Estes medicamentos t\u00eam um efeito calmante em doses baixas. O diazepam e o alprazolam (Xanax) pertencem \u00e0 mesma categoria. No caso das benzodiazepinas, \u00e9 muito importante fazer intervalos entre os v\u00e1rios medicamentos. Tom\u00e1-los durante mais de 6 semanas seguidas pode ter efeitos negativos no seu estado mental. Isto deve-se ao facto de o corpo n\u00e3o se dever habituar \u00e0 benzodiazepina e esperar tom\u00e1-la.<\/p>\n<p>Se tem dificuldade em adormecer, Etizolam \u00e9 o son\u00edfero ideal!<\/p>\n<h2>Quando devo utilizar o Etizolam?<\/h2>\n<p>Os utilizadores de Etizolam referiram ter tomado estimulantes antes de tomarem a droga. Pensem em coca\u00edna, 3mmc, speed, etc. Como utilizou estimulantes, n\u00e3o consegue dormir. P\u00e1ra de tomar os estimulantes e espera pelo menos 1,5 horas antes de tomar o Etizolam. O efeito dos estimulantes diminuir\u00e1 durante esta hora e, quando tomar o Etizolam, ir\u00e1 relaxar. Como o c\u00e9rebro deixa de produzir dopamina, \u00e9 frequente surgirem sentimentos de ansiedade ou p\u00e2nico ap\u00f3s a toma de estimulantes. O Etizolam ajuda-o a adormecer calmamente e a evitar a ansiedade.<\/p>\n<h2>Quem s\u00e3o os utilizadores de Etizolam?<\/h2>\n<p>O Etizolam \u00e9 utilizado em muitos dom\u00ednios. Pense, por exemplo, em jornalistas, advogados, contabilistas ou DJs muito ocupados. As pessoas com uma agenda preenchida t\u00eam muito stress todos os dias. Estas pessoas est\u00e3o mais inclinadas a tomar medicamentos ou algo semelhante para adormecer e reduzir a ansiedade\/estresse.<\/p>\n<p>H\u00e1 tamb\u00e9m um grupo muito grande de utilizadores de festas que usam Etizolam. Isto inclui pessoas que consomem coca\u00edna, 3mmc (ou 3cmc), speed ou algo semelhante. Depois de uma longa festa ou de um dia de conv\u00edvio, h\u00e1 sempre um sentimento de pavor na festa. Para aliviar a ansiedade e o nervosismo, tomam uma cadeira el\u00e9ctrica para poderem relaxar e dormir bem.<\/p>\n<h2>Dura\u00e7\u00e3o do efeito<\/h2>\n<p>O medicamento entra em a\u00e7\u00e3o no corpo ap\u00f3s cerca de 30 a 60 minutos. O etizolam permanece no sangue do utilizador durante um per\u00edodo de 6 a 8 horas. Para mais informa\u00e7\u00f5es, contactar <a href=\"https:\/\/rc-chemlab.net\/pt\/kontakt\/\">Contactar-nos<\/a> connosco.<\/p>","protected":false},"excerpt":{"rendered":"<p>Etizolam kaufen Flunitrazolam ist eine Weiterentwicklung von Etizolam. Etizolam hat weniger bekannte Wirkungen als Oxazepam oder Diazepam. Die Substanz ist<\/p>","protected":false},"featured_media":10276,"comment_status":"open","ping_status":"closed","template":"","meta":{"_seopress_robots_primary_cat":"none","_seopress_titles_title":"Etizolam kaufen %%sep%% %%sitetitle%%","_seopress_titles_desc":"Etizolam kaufen - Flunitrazolam ist eine Weiterentwicklung von Etizolam. Etizolam hat weniger bekannte Wirkungen als Oxazepam oder Diazepam.","_seopress_robots_index":""},"product_brand":[],"product_cat":[140],"product_tag":[],"class_list":{"0":"post-168","1":"product","2":"type-product","3":"status-publish","4":"has-post-thumbnail","6":"product_cat-forschungschemikalien","8":"first","9":"instock","10":"featured","11":"taxable","12":"shipping-taxable","13":"purchasable","14":"product-type-variable"},"_links":{"self":[{"href":"https:\/\/rc-chemlab.net\/pt\/wp-json\/wp\/v2\/product\/168","targetHints":{"allow":["GET"]}}],"collection":[{"href":"https:\/\/rc-chemlab.net\/pt\/wp-json\/wp\/v2\/product"}],"about":[{"href":"https:\/\/rc-chemlab.net\/pt\/wp-json\/wp\/v2\/types\/product"}],"replies":[{"embeddable":true,"href":"https:\/\/rc-chemlab.net\/pt\/wp-json\/wp\/v2\/comments?post=168"}],"version-history":[{"count":2,"href":"https:\/\/rc-chemlab.net\/pt\/wp-json\/wp\/v2\/product\/168\/revisions"}],"predecessor-version":[{"id":10277,"href":"https:\/\/rc-chemlab.net\/pt\/wp-json\/wp\/v2\/product\/168\/revisions\/10277"}],"wp:featuredmedia":[{"embeddable":true,"href":"https:\/\/rc-chemlab.net\/pt\/wp-json\/wp\/v2\/media\/10276"}],"wp:attachment":[{"href":"https:\/\/rc-chemlab.net\/pt\/wp-json\/wp\/v2\/media?parent=168"}],"wp:term":[{"taxonomy":"product_brand","embeddable":true,"href":"https:\/\/rc-chemlab.net\/pt\/wp-json\/wp\/v2\/product_brand?post=168"},{"taxonomy":"product_cat","embeddable":true,"href":"https:\/\/rc-chemlab.net\/pt\/wp-json\/wp\/v2\/product_cat?post=168"},{"taxonomy":"product_tag","embeddable":true,"href":"https:\/\/rc-chemlab.net\/pt\/wp-json\/wp\/v2\/product_tag?post=168"}],"curies":[{"name":"wp","href":"https:\/\/api.w.org\/{rel}","templated":true}]}}