{"id":166,"date":"2020-03-16T09:14:43","date_gmt":"2020-03-16T09:14:43","guid":{"rendered":"https:\/\/demo.creativethemes.com\/blocksy\/modern-shop\/?post_type=product&#038;p=166"},"modified":"2024-04-15T00:17:02","modified_gmt":"2024-04-15T00:17:02","slug":"al-lad-blotter-kaufen","status":"publish","type":"product","link":"https:\/\/rc-chemlab.net\/pt\/product\/al-lad-blotter-kaufen\/","title":{"rendered":"AL-LAD 150MCG"},"content":{"rendered":"<h1>Comprar o AL LAD Blotter<\/h1>\n<p>A dietilamida do \u00e1cido 6-alil-6-nor-lis\u00e9rgico, mais conhecida por AL-LAD, \u00e9 uma subst\u00e2ncia semi-sint\u00e9tica da <a href=\"https:\/\/psychonautwiki.org\/wiki\/Lysergamides\">Classe das lisergamidas<\/a>. A AL-LAD foi sintetizada pela primeira vez em 1984. Vendemos esta subst\u00e2ncia processada em blotters de 2x 150mcg cada. Os blotters s\u00e3o selos nos quais a subst\u00e2ncia foi seca. Este produto destina-se apenas a fins de investiga\u00e7\u00e3o e n\u00e3o se destina expressamente ao consumo. Por isso, mant\u00e9m-no fora do alcance das crian\u00e7as e dos animais dom\u00e9sticos e l\u00ea as instru\u00e7\u00f5es de seguran\u00e7a no nosso s\u00edtio Web antes de o utilizares. <a href=\"\/pt\/\">S\u00edtio Web<\/a>.<\/p>\n<p><strong>Aten\u00e7\u00e3o!<\/strong> N\u00e3o vendemos a pessoas com menos de 21 anos. O produto AL-LAD Blotters (2x150mcg) pode ser nocivo para a sa\u00fade e n\u00e3o \u00e9 adequado para consumo. O n\u00e3o cumprimento das nossas precau\u00e7\u00f5es de seguran\u00e7a pode levar a graves riscos para a sa\u00fade. Por isso, respeite as nossas instru\u00e7\u00f5es de seguran\u00e7a.<\/p>","protected":false},"excerpt":{"rendered":"<p>AL LAD Blotter kaufen 6-Allyl-6-nor-Lysergs\u00e4urediethylamid, besser bekannt als AL-LAD, ist eine halbsynthetische Substanz aus der Klasse der Lysergamide. AL-LAD wurde<\/p>","protected":false},"featured_media":10292,"comment_status":"open","ping_status":"closed","template":"","meta":{"_seopress_robots_primary_cat":"none","_seopress_titles_title":"AL LAD Blotter kaufen %%sep%% %%sitetitle%%","_seopress_titles_desc":"6-Allyl-6-nor-Lysergs\u00e4urediethylamid, besser bekannt als AL-LAD, ist eine halbsynthetische Substanz aus der Klasse der Lysergamide.","_seopress_robots_index":""},"product_brand":[],"product_cat":[140],"product_tag":[],"class_list":{"0":"post-166","1":"product","2":"type-product","3":"status-publish","4":"has-post-thumbnail","6":"product_cat-forschungschemikalien","8":"first","9":"instock","10":"taxable","11":"shipping-taxable","12":"purchasable","13":"product-type-variable"},"_links":{"self":[{"href":"https:\/\/rc-chemlab.net\/pt\/wp-json\/wp\/v2\/product\/166","targetHints":{"allow":["GET"]}}],"collection":[{"href":"https:\/\/rc-chemlab.net\/pt\/wp-json\/wp\/v2\/product"}],"about":[{"href":"https:\/\/rc-chemlab.net\/pt\/wp-json\/wp\/v2\/types\/product"}],"replies":[{"embeddable":true,"href":"https:\/\/rc-chemlab.net\/pt\/wp-json\/wp\/v2\/comments?post=166"}],"version-history":[{"count":2,"href":"https:\/\/rc-chemlab.net\/pt\/wp-json\/wp\/v2\/product\/166\/revisions"}],"predecessor-version":[{"id":10293,"href":"https:\/\/rc-chemlab.net\/pt\/wp-json\/wp\/v2\/product\/166\/revisions\/10293"}],"wp:featuredmedia":[{"embeddable":true,"href":"https:\/\/rc-chemlab.net\/pt\/wp-json\/wp\/v2\/media\/10292"}],"wp:attachment":[{"href":"https:\/\/rc-chemlab.net\/pt\/wp-json\/wp\/v2\/media?parent=166"}],"wp:term":[{"taxonomy":"product_brand","embeddable":true,"href":"https:\/\/rc-chemlab.net\/pt\/wp-json\/wp\/v2\/product_brand?post=166"},{"taxonomy":"product_cat","embeddable":true,"href":"https:\/\/rc-chemlab.net\/pt\/wp-json\/wp\/v2\/product_cat?post=166"},{"taxonomy":"product_tag","embeddable":true,"href":"https:\/\/rc-chemlab.net\/pt\/wp-json\/wp\/v2\/product_tag?post=166"}],"curies":[{"name":"wp","href":"https:\/\/api.w.org\/{rel}","templated":true}]}}