{"id":164,"date":"2020-03-16T09:11:32","date_gmt":"2020-03-16T09:11:32","guid":{"rendered":"https:\/\/demo.creativethemes.com\/blocksy\/modern-shop\/?post_type=product&#038;p=164"},"modified":"2024-04-15T00:12:18","modified_gmt":"2024-04-15T00:12:18","slug":"flualprazolam-kaufen","status":"publish","type":"product","link":"https:\/\/rc-chemlab.net\/pt\/product\/flualprazolam-kaufen\/","title":{"rendered":"Flualprazolam"},"content":{"rendered":"<h1>Comprar Flualprazolam<\/h1>\n<p>O flualprazolam \u00e9 um novo <a href=\"https:\/\/checkit.wien\/warnung-synthetisches-opioid-in-benzodiazepin\/\">benzodiazepina sint\u00e9tica<\/a>. O flualprazolam \u00e9 conhecido pelos seus fortes efeitos sedativos, euf\u00f3ricos e de relaxamento muscular.<\/p>\n<h2>Dosagem de Flualprazolam<\/h2>\n<p>N\u00e3o existe uma dose recomendada, uma vez que o flualprazolam n\u00e3o se destina ao consumo humano, sendo apenas vendido para fins de investiga\u00e7\u00e3o cient\u00edfica.<\/p>\n<h2>Efeitos do flualprazolam:<\/h2>\n<p>Os efeitos cl\u00ednicos da maioria das novas drogas artificiais, como o flualprazolam, podem ser descritos como alucinog\u00e9nios, estimulantes ou opi\u00f3ides. A combina\u00e7\u00e3o destes efeitos \u00e9 frequentemente conseguida atrav\u00e9s da substitui\u00e7\u00e3o de cadeias laterais por drogas artificiais. Os relat\u00f3rios de experi\u00eancia correspondentes sobre o flualprazolam podem ser encontrados em abund\u00e2ncia em f\u00f3runs relevantes e atrav\u00e9s de motores de busca.<\/p>\n<h2>Efeitos secund\u00e1rios do flualprazolam<\/h2>\n<p>Tal como acontece com outras drogas artificiais, o consumo de flualprazolam pode provocar efeitos secund\u00e1rios graves; a subst\u00e2ncia n\u00e3o foi clinicamente testada nem autorizada como produto de consumo! Por conseguinte, o flualprazolam n\u00e3o \u00e9 recomendado para consumo humano, mas apenas para investiga\u00e7\u00e3o e testes cient\u00edficos!<\/p>\n<h2>Armazenamento e prazo de validade do flualprazolam<\/h2>\n<p>Conservar sempre o flualprazolam a uma temperatura inferior a 30 graus Celsius e na embalagem original. Proteger da luz solar direta e da humidade. O prazo de validade da subst\u00e2ncia ativa \u00e9 de, pelo menos, 1 ano, se armazenada corretamente. Por favor <a href=\"https:\/\/rc-chemlab.net\/pt\/kontakt\/\">Contactar-nos<\/a> para mais informa\u00e7\u00f5es.<\/p>","protected":false},"excerpt":{"rendered":"<p>Flualprazolam Kaufen Flualprazolam ist ein neues synthetisches Benzodiazepin. Flualprazolam ist bekannt f\u00fcr seine stark sedierende, euphorisierende und muskelentspannende Wirkung. Dosierung<\/p>","protected":false},"featured_media":10289,"comment_status":"open","ping_status":"closed","template":"","meta":{"_seopress_robots_primary_cat":"none","_seopress_titles_title":"Flualprazolam Kaufen %%sep%% %%sitetitle%%","_seopress_titles_desc":"Flualprazolam ist ein neues synthetisches Benzodiazepin. Flualprazolam ist bekannt f\u00fcr seine stark sedierende, euphorisierende und muskelentspannende Wirkung.","_seopress_robots_index":""},"product_brand":[],"product_cat":[140],"product_tag":[],"class_list":{"0":"post-164","1":"product","2":"type-product","3":"status-publish","4":"has-post-thumbnail","6":"product_cat-forschungschemikalien","8":"first","9":"instock","10":"taxable","11":"shipping-taxable","12":"purchasable","13":"product-type-variable"},"_links":{"self":[{"href":"https:\/\/rc-chemlab.net\/pt\/wp-json\/wp\/v2\/product\/164","targetHints":{"allow":["GET"]}}],"collection":[{"href":"https:\/\/rc-chemlab.net\/pt\/wp-json\/wp\/v2\/product"}],"about":[{"href":"https:\/\/rc-chemlab.net\/pt\/wp-json\/wp\/v2\/types\/product"}],"replies":[{"embeddable":true,"href":"https:\/\/rc-chemlab.net\/pt\/wp-json\/wp\/v2\/comments?post=164"}],"version-history":[{"count":3,"href":"https:\/\/rc-chemlab.net\/pt\/wp-json\/wp\/v2\/product\/164\/revisions"}],"predecessor-version":[{"id":10290,"href":"https:\/\/rc-chemlab.net\/pt\/wp-json\/wp\/v2\/product\/164\/revisions\/10290"}],"wp:featuredmedia":[{"embeddable":true,"href":"https:\/\/rc-chemlab.net\/pt\/wp-json\/wp\/v2\/media\/10289"}],"wp:attachment":[{"href":"https:\/\/rc-chemlab.net\/pt\/wp-json\/wp\/v2\/media?parent=164"}],"wp:term":[{"taxonomy":"product_brand","embeddable":true,"href":"https:\/\/rc-chemlab.net\/pt\/wp-json\/wp\/v2\/product_brand?post=164"},{"taxonomy":"product_cat","embeddable":true,"href":"https:\/\/rc-chemlab.net\/pt\/wp-json\/wp\/v2\/product_cat?post=164"},{"taxonomy":"product_tag","embeddable":true,"href":"https:\/\/rc-chemlab.net\/pt\/wp-json\/wp\/v2\/product_tag?post=164"}],"curies":[{"name":"wp","href":"https:\/\/api.w.org\/{rel}","templated":true}]}}