{"id":162,"date":"2020-03-16T09:08:51","date_gmt":"2020-03-16T09:08:51","guid":{"rendered":"https:\/\/demo.creativethemes.com\/blocksy\/modern-shop\/?post_type=product&#038;p=162"},"modified":"2024-06-15T13:25:32","modified_gmt":"2024-06-15T13:25:32","slug":"4f-adb-kaufen","status":"publish","type":"product","link":"https:\/\/rc-chemlab.net\/pt\/product\/4f-adb-kaufen\/","title":{"rendered":"4F-ADB"},"content":{"rendered":"<h1>Comprar 4F-ADB<\/h1>\n<h2>O que \u00e9 o p\u00f3 4F-ADB?<\/h2>\n<p>O 4F-ADB \u00e9 um canabin\u00f3ide sint\u00e9tico \u00e0 base de indazol. Tem um forte efeito sobre os receptores canabin\u00f3ides. \u00c9 muito semelhante a outros canabin\u00f3ides sint\u00e9ticos, como o 5F-ADB. Para experimentar este canabin\u00f3ide, s\u00e3o necess\u00e1rias apenas pequenas doses.<\/p>\n<p>Isto deve-se ao facto de este produto qu\u00edmico ser muito forte. Segue cuidadosamente as regras de seguran\u00e7a para evitar experi\u00eancias.<\/p>\n<h2>Comprar 4F-ADB<\/h2>\n<p>O 4F-ADB da mais alta qualidade \u00e9 vendido pela Rc-Chemlab. O 4F-ADB que oferecemos est\u00e1 dispon\u00edvel em forma de p\u00f3. Para comprar o 4F-ADB connosco, \u00e9 necess\u00e1rio ter pelo menos 18 anos de idade.<\/p>\n<p>O produto n\u00e3o se destina a seres humanos ou animais. Foi desenvolvido apenas para fins experimentais. Al\u00e9m disso, a compra deve ser efectuada em total conformidade com a legisla\u00e7\u00e3o nacional do seu pa\u00eds.<\/p>\n<h2>O estatuto jur\u00eddico do 4F-ADB<\/h2>\n<p>O 4F-ADB \u00e9 atualmente desconhecido em muitos pa\u00edses e, por conseguinte, legal em muitos locais. No entanto, pode ser considerado um an\u00e1logo do 5F-ADB, o que pode torn\u00e1-lo ilegal em pa\u00edses com leis rigorosas sobre an\u00e1logos, como os Estados Unidos. Para mais informa\u00e7\u00f5es, contactar<a href=\"https:\/\/rc-chemlab.net\/pt\/kontakt\/\"> Contacto connosco<\/a> sobre.<\/p>","protected":false},"excerpt":{"rendered":"<p>4F-ADB kaufen Was ist 4F-ADB Pulver? 4F-ADB ist ein synthetisches Indazol-basiertes Cannabinoid. Es wirkt sich stark auf die Cannabinoidrezeptoren aus.<\/p>","protected":false},"featured_media":10269,"comment_status":"open","ping_status":"closed","template":"","meta":{"_seopress_robots_primary_cat":"none","_seopress_titles_title":"4F-ADB kaufen %%sep%% %%sitetitle%%","_seopress_titles_desc":"4F-ADB kaufen - 4F-ADB ist ein synthetisches Indazol-basiertes Cannabinoid. Es wirkt sich stark auf die Cannabinoidrezeptoren aus.","_seopress_robots_index":""},"product_brand":[],"product_cat":[140],"product_tag":[],"class_list":{"0":"post-162","1":"product","2":"type-product","3":"status-publish","4":"has-post-thumbnail","6":"product_cat-forschungschemikalien","8":"first","9":"instock","10":"featured","11":"taxable","12":"shipping-taxable","13":"purchasable","14":"product-type-variable"},"_links":{"self":[{"href":"https:\/\/rc-chemlab.net\/pt\/wp-json\/wp\/v2\/product\/162","targetHints":{"allow":["GET"]}}],"collection":[{"href":"https:\/\/rc-chemlab.net\/pt\/wp-json\/wp\/v2\/product"}],"about":[{"href":"https:\/\/rc-chemlab.net\/pt\/wp-json\/wp\/v2\/types\/product"}],"replies":[{"embeddable":true,"href":"https:\/\/rc-chemlab.net\/pt\/wp-json\/wp\/v2\/comments?post=162"}],"version-history":[{"count":2,"href":"https:\/\/rc-chemlab.net\/pt\/wp-json\/wp\/v2\/product\/162\/revisions"}],"predecessor-version":[{"id":10270,"href":"https:\/\/rc-chemlab.net\/pt\/wp-json\/wp\/v2\/product\/162\/revisions\/10270"}],"wp:featuredmedia":[{"embeddable":true,"href":"https:\/\/rc-chemlab.net\/pt\/wp-json\/wp\/v2\/media\/10269"}],"wp:attachment":[{"href":"https:\/\/rc-chemlab.net\/pt\/wp-json\/wp\/v2\/media?parent=162"}],"wp:term":[{"taxonomy":"product_brand","embeddable":true,"href":"https:\/\/rc-chemlab.net\/pt\/wp-json\/wp\/v2\/product_brand?post=162"},{"taxonomy":"product_cat","embeddable":true,"href":"https:\/\/rc-chemlab.net\/pt\/wp-json\/wp\/v2\/product_cat?post=162"},{"taxonomy":"product_tag","embeddable":true,"href":"https:\/\/rc-chemlab.net\/pt\/wp-json\/wp\/v2\/product_tag?post=162"}],"curies":[{"name":"wp","href":"https:\/\/api.w.org\/{rel}","templated":true}]}}