{"id":159,"date":"2020-03-16T09:03:45","date_gmt":"2020-03-16T09:03:45","guid":{"rendered":"https:\/\/demo.creativethemes.com\/blocksy\/modern-shop\/?post_type=product&#038;p=159"},"modified":"2024-09-17T01:32:26","modified_gmt":"2024-09-17T01:32:26","slug":"3-fpm-kaufen","status":"publish","type":"product","link":"https:\/\/rc-chemlab.net\/pt\/product\/3-fpm-kaufen\/","title":{"rendered":"3-FPM"},"content":{"rendered":"<h1>Compra de 3-FPM<\/h1>\n<h2>O que \u00e9 o 3-FPM?<\/h2>\n<p>3FPM \u00e9 a abreviatura de <a href=\"https:\/\/psychonautwiki.org\/wiki\/3-fpm\">3-Fluorofenmetrazina<\/a>. O 3-FPM \u00e9 um estimulante qu\u00edmico para fins de investiga\u00e7\u00e3o. O 3-FPM \u00e9 uma classe qu\u00edmica da fenilmorfolina. Os resultados experimentais com o 3-FPM s\u00e3o geralmente muito semelhantes e quase id\u00eanticos aos da anfetamina.<\/p>\n<p>As experi\u00eancias com o 3-FPM conduzem geralmente a um aumento da concentra\u00e7\u00e3o e da motiva\u00e7\u00e3o, \u00e0 acelera\u00e7\u00e3o do pensamento e \u00e0 euforia. No entanto, estes resultados s\u00e3o frequentemente descritos como menos intensos do que os da anfetamina ou de outros estimulantes. Em resultado da redu\u00e7\u00e3o das doses de 3-FPM, dois resultados foram menos presentes: o nervosismo e a ins\u00f3nia.<\/p>\n<h2>Onde \u00e9 que se pode comprar o 3-FPM?<\/h2>\n<p>Aqui na Chemical Planet oferecemos um excelente 3-FPM. O nosso 3-FPM est\u00e1 dispon\u00edvel em gr\u00e2nulos e em p\u00f3. Temos a solu\u00e7\u00e3o para qualquer condi\u00e7\u00e3o qu\u00edmica de sua prefer\u00eancia.<br \/>\nO 3-FPM que vendemos destina-se apenas a fins de investiga\u00e7\u00e3o. N\u00e3o se destina a ser utilizado em interiores. Para al\u00e9m disso, \u00e9 necess\u00e1rio ter pelo menos 18 anos de idade para comprar o 3-FPM e cumprir integralmente a legisla\u00e7\u00e3o nacional.<\/p>\n<h2>3-PFM estatuto jur\u00eddico<\/h2>\n<p>\u00c9 ilegal comprar, vender ou possuir 3-FPM em Israel, na Su\u00ed\u00e7a e nos EUA. No Reino Unido, \u00e9 considerado equivalente \u00e0 fenmetrazina, que, quando utilizada para consumo humano, \u00e9 uma droga da lista II.<\/p>\n<p>Armazenar sempre num local fresco e seco para um prazo de validade m\u00e1ximo. Este produto destina-se apenas a fins forenses e de investiga\u00e7\u00e3o. Por conseguinte, N\u00c3O se destina ao consumo humano ou a testes in vivo de qualquer tipo em animais ou organismos vivos. Para mais informa\u00e7\u00f5es, contactar <a href=\"https:\/\/rc-chemlab.net\/pt\/kontakt\/\">Contacto connosco<\/a> sobre.<\/p>","protected":false},"excerpt":{"rendered":"<p>3-FPM-Kaufen Was ist 3-FPM? 3FPM ist die Abk\u00fcrzung f\u00fcr 3-Fluorophenmetrazin. 3-FPM ist ein chemisches Stimulans f\u00fcr Forschungszwecke. 3-FPM ist eine<\/p>","protected":false},"featured_media":10264,"comment_status":"open","ping_status":"closed","template":"","meta":{"_seopress_robots_primary_cat":"none","_seopress_titles_title":"3-FPM-Kaufen %%sep%% %%sitetitle%%","_seopress_titles_desc":"3-FPM-Kaufen - 3FPM ist die Abk\u00fcrzung f\u00fcr 3-Fluorophenmetrazin. 3-FPM ist ein chemisches Stimulans f\u00fcr Forschungszwecke.","_seopress_robots_index":""},"product_brand":[],"product_cat":[140],"product_tag":[],"class_list":{"0":"post-159","1":"product","2":"type-product","3":"status-publish","4":"has-post-thumbnail","6":"product_cat-forschungschemikalien","8":"first","9":"instock","10":"featured","11":"taxable","12":"shipping-taxable","13":"purchasable","14":"product-type-variable"},"_links":{"self":[{"href":"https:\/\/rc-chemlab.net\/pt\/wp-json\/wp\/v2\/product\/159","targetHints":{"allow":["GET"]}}],"collection":[{"href":"https:\/\/rc-chemlab.net\/pt\/wp-json\/wp\/v2\/product"}],"about":[{"href":"https:\/\/rc-chemlab.net\/pt\/wp-json\/wp\/v2\/types\/product"}],"replies":[{"embeddable":true,"href":"https:\/\/rc-chemlab.net\/pt\/wp-json\/wp\/v2\/comments?post=159"}],"version-history":[{"count":4,"href":"https:\/\/rc-chemlab.net\/pt\/wp-json\/wp\/v2\/product\/159\/revisions"}],"predecessor-version":[{"id":10266,"href":"https:\/\/rc-chemlab.net\/pt\/wp-json\/wp\/v2\/product\/159\/revisions\/10266"}],"wp:featuredmedia":[{"embeddable":true,"href":"https:\/\/rc-chemlab.net\/pt\/wp-json\/wp\/v2\/media\/10264"}],"wp:attachment":[{"href":"https:\/\/rc-chemlab.net\/pt\/wp-json\/wp\/v2\/media?parent=159"}],"wp:term":[{"taxonomy":"product_brand","embeddable":true,"href":"https:\/\/rc-chemlab.net\/pt\/wp-json\/wp\/v2\/product_brand?post=159"},{"taxonomy":"product_cat","embeddable":true,"href":"https:\/\/rc-chemlab.net\/pt\/wp-json\/wp\/v2\/product_cat?post=159"},{"taxonomy":"product_tag","embeddable":true,"href":"https:\/\/rc-chemlab.net\/pt\/wp-json\/wp\/v2\/product_tag?post=159"}],"curies":[{"name":"wp","href":"https:\/\/api.w.org\/{rel}","templated":true}]}}