{"id":157,"date":"2020-03-16T09:02:10","date_gmt":"2020-03-16T09:02:10","guid":{"rendered":"https:\/\/demo.creativethemes.com\/blocksy\/modern-shop\/?post_type=product&#038;p=157"},"modified":"2024-11-16T20:01:58","modified_gmt":"2024-11-16T20:01:58","slug":"3-fma-kaufen","status":"publish","type":"product","link":"https:\/\/rc-chemlab.net\/pt\/product\/3-fma-kaufen\/","title":{"rendered":"3-FMA"},"content":{"rendered":"<h1>3-FMA Comprar<\/h1>\n<h2><strong><span data-contrast=\"auto\">O que \u00e9 o 3-FMA?<\/span><\/strong><\/h2>\n<p>A 3-FMA \u00e9 um produto qu\u00edmico de investiga\u00e7\u00e3o da classe das anfetaminas substitu\u00eddas. As estruturas qu\u00edmicas da 3-FMA e da 4-FMA s\u00e3o muito semelhantes \u00e0s da 2-FMA, da 3-FA, da 4-FMA e da 4-FA. 3-FMA \u00e9 a abreviatura de 3-fluorometanfetamina. N\u00e3o existem ainda muitos relat\u00f3rios sobre os resultados das experi\u00eancias com este produto qu\u00edmico de investiga\u00e7\u00e3o, uma vez que \u00e9 muito recente.<\/p>\n<p>Por conseguinte, devem ser observadas medidas de seguran\u00e7a aquando da sua experimenta\u00e7\u00e3o. No entanto, relat\u00f3rios anteriores mostraram que o 3-FMA proporciona estimula\u00e7\u00e3o, melhoria t\u00e1tica, euforia cognitiva, distor\u00e7\u00e3o do tempo, acelera\u00e7\u00e3o dos processos de pensamento, estado de alerta, melhoria da motiva\u00e7\u00e3o e melhoria da an\u00e1lise. Quando experimentares o 3-FMA, n\u00e3o te esque\u00e7as de usar \u00f3culos de prote\u00e7\u00e3o.<\/p>\n<h2><strong><span data-contrast=\"auto\">Onde se pode comprar o 3-FMA?<\/span><\/strong><\/h2>\n<p>Aqui na Chemical Planet vendemos as melhores qualidades de 3-FMA. O nosso 3-FMA \u00e9 normalmente fornecido na forma de p\u00f3. No entanto, por vezes existem formatos alternativos dispon\u00edveis. Por isso, se quiser comprar 3-FMA numa forma diferente, n\u00e3o hesite em contactar-nos.<\/p>\n<p>Para comprar 3-FMA de n\u00f3s, voc\u00ea deve ter pelo menos 18 anos de idade e cumprir integralmente as leis do seu pa\u00eds. Aceitamos Bitcoin e todos os principais cart\u00f5es de cr\u00e9dito como m\u00e9todos de pagamento. O envio no mesmo dia est\u00e1 dispon\u00edvel em muitos pa\u00edses.<\/p>\n<h2><strong><span data-contrast=\"auto\">3-FMA Legalidade<\/span><\/strong><\/h2>\n<p>Nos EUA, a 3-FMA \u00e9 provavelmente ilegal, pois \u00e9 um an\u00e1logo da anfetamina. No Reino Unido, o 3-FMA \u00e9 considerado uma droga da classe A. No Canad\u00e1, o 3-FMA \u00e9 uma droga da lista 1. Na China, o 3-FMA \u00e9 considerado uma subst\u00e2ncia controlada. Na Nova Zel\u00e2ndia, o 3-FMA \u00e9 um an\u00e1logo da anfetamina e \u00e9 ilegal. Na Alemanha, \u00e9 uma subst\u00e2ncia controlada. Para mais informa\u00e7\u00f5es, contactar <a href=\"https:\/\/rc-chemlab.net\/pt\/kontakt\/\">Contactar-nos<\/a> connosco.<\/p>","protected":false},"excerpt":{"rendered":"<p>3-FMA Kaufen Was ist 3-FMA? 3-FMA ist eine Forschungschemikalie der substituierten Amphetamine-Klasse. Die chemischen Strukturen von 3-FMA und 4-FMA \u00e4hneln<\/p>","protected":false},"featured_media":10260,"comment_status":"open","ping_status":"closed","template":"","meta":{"_seopress_robots_primary_cat":"none","_seopress_titles_title":"3-FMA kaufen %%sep%% %%sitetitle%%","_seopress_titles_desc":"3-FMA kaufen - 3-FMA ist eine Forschungschemikalie der substituierten Amphetamine-Klasse.","_seopress_robots_index":""},"product_brand":[],"product_cat":[140],"product_tag":[],"class_list":{"0":"post-157","1":"product","2":"type-product","3":"status-publish","4":"has-post-thumbnail","6":"product_cat-forschungschemikalien","8":"first","9":"instock","10":"featured","11":"taxable","12":"shipping-taxable","13":"purchasable","14":"product-type-variable"},"_links":{"self":[{"href":"https:\/\/rc-chemlab.net\/pt\/wp-json\/wp\/v2\/product\/157","targetHints":{"allow":["GET"]}}],"collection":[{"href":"https:\/\/rc-chemlab.net\/pt\/wp-json\/wp\/v2\/product"}],"about":[{"href":"https:\/\/rc-chemlab.net\/pt\/wp-json\/wp\/v2\/types\/product"}],"replies":[{"embeddable":true,"href":"https:\/\/rc-chemlab.net\/pt\/wp-json\/wp\/v2\/comments?post=157"}],"version-history":[{"count":3,"href":"https:\/\/rc-chemlab.net\/pt\/wp-json\/wp\/v2\/product\/157\/revisions"}],"predecessor-version":[{"id":10261,"href":"https:\/\/rc-chemlab.net\/pt\/wp-json\/wp\/v2\/product\/157\/revisions\/10261"}],"wp:featuredmedia":[{"embeddable":true,"href":"https:\/\/rc-chemlab.net\/pt\/wp-json\/wp\/v2\/media\/10260"}],"wp:attachment":[{"href":"https:\/\/rc-chemlab.net\/pt\/wp-json\/wp\/v2\/media?parent=157"}],"wp:term":[{"taxonomy":"product_brand","embeddable":true,"href":"https:\/\/rc-chemlab.net\/pt\/wp-json\/wp\/v2\/product_brand?post=157"},{"taxonomy":"product_cat","embeddable":true,"href":"https:\/\/rc-chemlab.net\/pt\/wp-json\/wp\/v2\/product_cat?post=157"},{"taxonomy":"product_tag","embeddable":true,"href":"https:\/\/rc-chemlab.net\/pt\/wp-json\/wp\/v2\/product_tag?post=157"}],"curies":[{"name":"wp","href":"https:\/\/api.w.org\/{rel}","templated":true}]}}