{"id":155,"date":"2020-03-16T09:00:48","date_gmt":"2020-03-16T09:00:48","guid":{"rendered":"https:\/\/demo.creativethemes.com\/blocksy\/modern-shop\/?post_type=product&#038;p=155"},"modified":"2024-04-11T16:43:03","modified_gmt":"2024-04-11T16:43:03","slug":"2-mmc-kaufen","status":"publish","type":"product","link":"https:\/\/rc-chemlab.net\/pt\/product\/2-mmc-kaufen\/","title":{"rendered":"2-MMC"},"content":{"rendered":"<h1>Comprar 2-MMC<\/h1>\n<h2><strong>O que \u00e9 o 2-MMC?<\/strong><\/h2>\n<p>O 2-MMC \u00e9 um produto qu\u00edmico de investiga\u00e7\u00e3o que, tal como o MDPHP, <a href=\"https:\/\/rc-chemlab.net\/pt\/product\/3-cmc-kaufen-deutschland\/\">3-CMC<\/a> e o 5-MMPA (mefedreno) \u00e9 classificado como uma catinona.<\/p>\n<p>A droga foi registada pela primeira vez na Su\u00e9cia em 2014 e, desde ent\u00e3o, tem aparecido noutros pa\u00edses europeus. A droga tem v\u00e1rios efeitos que s\u00e3o muito semelhantes aos da mefedrona. O 2-MMC tem o potencial de ser um ingrediente muito importante para a produ\u00e7\u00e3o de <a href=\"https:\/\/en.wikipedia.org\/wiki\/4-Methylcathinone#:~:text=4%2DMethylcathinone%20(also%20known%20as,mephedrone%20(4%2Dmethylmethcathinone).\">4-Metil-MC<\/a> ser.<\/p>\n<p>Os efeitos toxicol\u00f3gicos do produto qu\u00edmico ainda n\u00e3o foram totalmente investigados, raz\u00e3o pela qual s\u00f3 deve ser utilizado para fins de investiga\u00e7\u00e3o.<\/p>\n<h2><strong>Declara\u00e7\u00e3o de exonera\u00e7\u00e3o de responsabilidade<\/strong><\/h2>\n<p>Vendemos 2-MMC apenas para fins de investiga\u00e7\u00e3o. Este produto n\u00e3o deve ser utilizado em seres humanos ou animais. Tamb\u00e9m aconselhamos vivamente os nossos clientes a tomarem medidas de prote\u00e7\u00e3o adequadas ao manusearem este produto qu\u00edmico, tais como a utiliza\u00e7\u00e3o de m\u00e1scaras, luvas e outro equipamento de prote\u00e7\u00e3o.<\/p>\n<h2><strong>O 2-MMC \u00e9 legal?<\/strong><\/h2>\n<p>Relativamente \u00e0 quest\u00e3o da legalidade, aconselhamos vivamente os nossos clientes a informarem-se junto das autoridades competentes sobre a legalidade do 2-MMC no seu pa\u00eds de resid\u00eancia ou de entrega. Impusemos restri\u00e7\u00f5es rigorosas para evitar quaisquer complica\u00e7\u00f5es legais para os nossos clientes. No entanto, devido \u00e0 altera\u00e7\u00e3o da legisla\u00e7\u00e3o em diferentes regi\u00f5es, n\u00e3o aceitamos qualquer responsabilidade por quaisquer consequ\u00eancias legais que possam surgir. Em \u00faltima an\u00e1lise, \u00e9 da exclusiva responsabilidade dos nossos clientes assegurarem-se de que n\u00e3o violam qualquer lei ao adquirirem este produto qu\u00edmico.<\/p>\n<h2><strong>Onde posso comprar o 2-MMC?<\/strong><\/h2>\n<p>A Chemical Planet orgulha-se de ser um dos melhores fornecedores de produtos qu\u00edmicos de investiga\u00e7\u00e3o de alta qualidade na UE. O 2-MMC est\u00e1 dispon\u00edvel em forma de cristal e \u00e9 vendido apenas para uso em investiga\u00e7\u00e3o. N\u00e3o \u00e9 vendido para utiliza\u00e7\u00e3o em seres humanos ou animais. Apenas pessoas com mais de 18 anos de idade podem comprar este produto connosco. Para mais informa\u00e7\u00f5es <a href=\"https:\/\/rc-chemlab.net\/pt\/kontakt\/\">contactar<\/a> por favor <a href=\"https:\/\/rc-chemlab.net\/pt\/kontakt\/\">para n\u00f3s<\/a>.<\/p>","protected":false},"excerpt":{"rendered":"<p>2-MMC Kaufen Was ist 2-MMC? 2-MMC ist eine Forschungschemikalie, die wie MDPHP, 3-CMC und 5-MMPA (Mephedren) als Cathinon kategorisiert wird.<\/p>","protected":false},"featured_media":10254,"comment_status":"open","ping_status":"closed","template":"","meta":{"_seopress_robots_primary_cat":"none","_seopress_titles_title":"2-MMC Kaufen %%sep%% %%sitetitle%%","_seopress_titles_desc":"2-MMC ist eine Forschungschemikalie, die wie MDPHP, 3-CMC und 5-MMPA (Mephedren) als Cathinon kategorisiert wird.","_seopress_robots_index":""},"product_brand":[],"product_cat":[140],"product_tag":[],"class_list":{"0":"post-155","1":"product","2":"type-product","3":"status-publish","4":"has-post-thumbnail","6":"product_cat-forschungschemikalien","8":"first","9":"instock","10":"featured","11":"taxable","12":"shipping-taxable","13":"purchasable","14":"product-type-variable"},"_links":{"self":[{"href":"https:\/\/rc-chemlab.net\/pt\/wp-json\/wp\/v2\/product\/155","targetHints":{"allow":["GET"]}}],"collection":[{"href":"https:\/\/rc-chemlab.net\/pt\/wp-json\/wp\/v2\/product"}],"about":[{"href":"https:\/\/rc-chemlab.net\/pt\/wp-json\/wp\/v2\/types\/product"}],"replies":[{"embeddable":true,"href":"https:\/\/rc-chemlab.net\/pt\/wp-json\/wp\/v2\/comments?post=155"}],"version-history":[{"count":2,"href":"https:\/\/rc-chemlab.net\/pt\/wp-json\/wp\/v2\/product\/155\/revisions"}],"predecessor-version":[{"id":10256,"href":"https:\/\/rc-chemlab.net\/pt\/wp-json\/wp\/v2\/product\/155\/revisions\/10256"}],"wp:featuredmedia":[{"embeddable":true,"href":"https:\/\/rc-chemlab.net\/pt\/wp-json\/wp\/v2\/media\/10254"}],"wp:attachment":[{"href":"https:\/\/rc-chemlab.net\/pt\/wp-json\/wp\/v2\/media?parent=155"}],"wp:term":[{"taxonomy":"product_brand","embeddable":true,"href":"https:\/\/rc-chemlab.net\/pt\/wp-json\/wp\/v2\/product_brand?post=155"},{"taxonomy":"product_cat","embeddable":true,"href":"https:\/\/rc-chemlab.net\/pt\/wp-json\/wp\/v2\/product_cat?post=155"},{"taxonomy":"product_tag","embeddable":true,"href":"https:\/\/rc-chemlab.net\/pt\/wp-json\/wp\/v2\/product_tag?post=155"}],"curies":[{"name":"wp","href":"https:\/\/api.w.org\/{rel}","templated":true}]}}