{"id":1375,"date":"2023-06-08T03:07:20","date_gmt":"2023-06-08T03:07:20","guid":{"rendered":"https:\/\/rc-chemlab.net\/?post_type=product&#038;p=1375"},"modified":"2024-04-16T02:02:41","modified_gmt":"2024-04-16T02:02:41","slug":"o-dsmt-kaufen","status":"publish","type":"product","link":"https:\/\/rc-chemlab.net\/pt\/product\/o-dsmt-kaufen\/","title":{"rendered":"O-DSMT"},"content":{"rendered":"<h1><span class=\"___SText_mzmpq-ko_\" data-ui-name=\"Link.Text\">Comprar O-DSMT<\/span><\/h1>\n<p>O-desmetiltramadol (tamb\u00e9m conhecido como O-DSMT e <a href=\"https:\/\/en.wikipedia.org\/wiki\/Desmetramadol\">Desmetramadol<\/a>) \u00e9 um metabolito ativo do tramadol e s\u00f3 deve ser utilizado para fins de investiga\u00e7\u00e3o.<\/p>\n<h2>Efeitos O-DSMT<\/h2>\n<ul>\n<li>euf\u00f3rico<\/li>\n<li>Calmante<\/li>\n<li>narcotiza\u00e7\u00e3o<\/li>\n<\/ul>\n<h2>Dura\u00e7\u00e3o do efeito e dosagem O-DSMT<\/h2>\n<p>Existem apenas alguns resultados fi\u00e1veis sobre a ingest\u00e3o de O-DSMT. Os relat\u00f3rios dispon\u00edveis indicam que a dura\u00e7\u00e3o do efeito \u00e9 de 3 a 4 horas. O despertar pode por vezes demorar uma hora. Por isso, cuidado com a dosagem!<\/p>\n<p>ATEN\u00c7\u00c3O: O-DSMT \u00e9 uma subst\u00e2ncia muito potente, n\u00e3o combinar com benzodiazepinas, antidepressivos e \u00e1lcool em testes!<\/p>\n<h2>Avisos de perigo para O-DSMT:<\/h2>\n<p>Pode causar irrita\u00e7\u00e3o respirat\u00f3ria e ocular. Nunca descarregar RCs no ambiente.<br \/>\nRecomenda\u00e7\u00f5es de seguran\u00e7a O-DSMT:<\/p>\n<p>Em caso de contacto com os olhos: Enxaguar abundantemente com \u00e1gua durante, pelo menos, 10 a 15 minutos; se necess\u00e1rio, retirar as lentes de contacto. Em caso de contacto com a pele: Enxaguar com \u00e1gua, se poss\u00edvel tamb\u00e9m com sab\u00e3o. Em caso de inala\u00e7\u00e3o: fornecer ar fresco e assumir a posi\u00e7\u00e3o de respira\u00e7\u00e3o.<\/p>\n<p>N\u00e3o colocar em contacto com fontes de calor. Armazenar num ambiente seco, \u00e0 temperatura ambiente, num recipiente bem fechado e manter fora do alcance das crian\u00e7as. A boa estabilidade dos blotters nas condi\u00e7\u00f5es acima referidas pode durar at\u00e9 2 anos. Para mais informa\u00e7\u00f5es, contactar <a href=\"https:\/\/rc-chemlab.net\/pt\/kontakt\/\">Contacto connosco<\/a> sobre.<\/p>","protected":false},"excerpt":{"rendered":"<p>O-DSMT kaufen O-Desmethyltramadol (auch bekannt als O-DSMT und Desmetramadol) ist ein aktiver Metabolit von Tramadol und sollte nur zu Forschungszwecken<\/p>","protected":false},"featured_media":10347,"comment_status":"open","ping_status":"closed","template":"","meta":{"_seopress_robots_primary_cat":"none","_seopress_titles_title":"O-DSMT kaufen %%sep%% %%sitetitle%%","_seopress_titles_desc":"O-DSMT kaufen - O-Desmethyltramadol (auch bekannt als O-DSMT und Desmetramadol) ist ein aktiver Metabolit von Tramadol und sollte nur zu Forschungszwecken verwendet werden.","_seopress_robots_index":""},"product_brand":[],"product_cat":[140],"product_tag":[],"class_list":{"0":"post-1375","1":"product","2":"type-product","3":"status-publish","4":"has-post-thumbnail","6":"product_cat-forschungschemikalien","8":"first","9":"instock","10":"taxable","11":"shipping-taxable","12":"purchasable","13":"product-type-variable"},"_links":{"self":[{"href":"https:\/\/rc-chemlab.net\/pt\/wp-json\/wp\/v2\/product\/1375","targetHints":{"allow":["GET"]}}],"collection":[{"href":"https:\/\/rc-chemlab.net\/pt\/wp-json\/wp\/v2\/product"}],"about":[{"href":"https:\/\/rc-chemlab.net\/pt\/wp-json\/wp\/v2\/types\/product"}],"replies":[{"embeddable":true,"href":"https:\/\/rc-chemlab.net\/pt\/wp-json\/wp\/v2\/comments?post=1375"}],"version-history":[{"count":1,"href":"https:\/\/rc-chemlab.net\/pt\/wp-json\/wp\/v2\/product\/1375\/revisions"}],"predecessor-version":[{"id":10348,"href":"https:\/\/rc-chemlab.net\/pt\/wp-json\/wp\/v2\/product\/1375\/revisions\/10348"}],"wp:featuredmedia":[{"embeddable":true,"href":"https:\/\/rc-chemlab.net\/pt\/wp-json\/wp\/v2\/media\/10347"}],"wp:attachment":[{"href":"https:\/\/rc-chemlab.net\/pt\/wp-json\/wp\/v2\/media?parent=1375"}],"wp:term":[{"taxonomy":"product_brand","embeddable":true,"href":"https:\/\/rc-chemlab.net\/pt\/wp-json\/wp\/v2\/product_brand?post=1375"},{"taxonomy":"product_cat","embeddable":true,"href":"https:\/\/rc-chemlab.net\/pt\/wp-json\/wp\/v2\/product_cat?post=1375"},{"taxonomy":"product_tag","embeddable":true,"href":"https:\/\/rc-chemlab.net\/pt\/wp-json\/wp\/v2\/product_tag?post=1375"}],"curies":[{"name":"wp","href":"https:\/\/api.w.org\/{rel}","templated":true}]}}