{"id":1348,"date":"2023-06-08T02:32:49","date_gmt":"2023-06-08T02:32:49","guid":{"rendered":"https:\/\/rc-chemlab.net\/?post_type=product&#038;p=1348"},"modified":"2024-04-16T01:56:02","modified_gmt":"2024-04-16T01:56:02","slug":"alpha-php-bestellen","status":"publish","type":"product","link":"https:\/\/rc-chemlab.net\/pt\/product\/alpha-php-bestellen\/","title":{"rendered":"Alfa-PHP"},"content":{"rendered":"<h1><span class=\"___SText_mzmpq-ko_\" data-ui-name=\"Link.Text\">Encomendar Alpha PHP<\/span><\/h1>\n<p>Ingredientes activos do a-PHP Cont\u00e9m 1000 mg de, pelo menos, 99 % de a-PHP puro (p\u00f3 puro) por unidade de encomenda.<\/p>\n<p><a href=\"https:\/\/en.wikipedia.org\/wiki\/Alpha-Pyrrolidinohexiophenone\">alfa-pirrolidino-hexiofenona<\/a> ou \u03b1-PHP \/ alfa-PHP \/ a-PHP \u00e9 uma subst\u00e2ncia superior, sintetizada pela primeira vez na d\u00e9cada de 1960, que pertence \u00e0s catinonas e est\u00e1 estreitamente relacionada com o alfa-PVP (a-PVP, \u03b1-PVP) e a pirovalerona. a-PHP pertence n\u00e3o s\u00f3 \u00e0s catinonas, mas tamb\u00e9m \u00e0s pirovaleronas.<\/p>\n<p>Entre os consumidores, o a-PHP \u00e9 considerado um dos an\u00e1logos mais fortes da pirovalerona, compar\u00e1vel ao a-PVP ou ao MDPV.<\/p>\n<h2>Dosagem de a-PHP<\/h2>\n<p>N\u00e3o existe uma dose recomendada, uma vez que o a-PHP n\u00e3o se destina ao consumo humano, sendo apenas vendido para fins de investiga\u00e7\u00e3o cient\u00edfica.<\/p>\n<h2>Efeitos do a-PHP:<\/h2>\n<p>Os efeitos cl\u00ednicos da maioria das novas drogas artificiais, como a a-PHP, podem ser descritos como alucinog\u00e9nios, estimulantes ou opi\u00f3ides. Ao substituir as cadeias laterais por drogas artificiais, consegue-se frequentemente uma combina\u00e7\u00e3o destes efeitos. Relatos de experi\u00eancias correspondentes com a-PHP podem ser encontrados em abund\u00e2ncia em f\u00f3runs relevantes e atrav\u00e9s de motores de busca.<\/p>\n<h2>Efeitos secund\u00e1rios do a-PHP<\/h2>\n<p>Tal como acontece com outras drogas artificiais, o consumo de a-PHP pode levar a efeitos secund\u00e1rios graves; a subst\u00e2ncia n\u00e3o foi clinicamente testada nem aprovada como um produto para consumo humano! a-PHP n\u00e3o \u00e9, portanto, recomendado para consumo humano, mas apenas para investiga\u00e7\u00e3o cient\u00edfica e testes!<\/p>\n<h2>Armazenamento e prazo de validade do a-PHP<\/h2>\n<p>Guardar sempre o a-PHP a uma temperatura inferior a 30 graus Celsius e na embalagem original. Proteger da luz solar direta e da humidade. O prazo de validade do ingrediente ativo \u00e9 de pelo menos 1 ano, se armazenado corretamente. Para mais informa\u00e7\u00f5es, contactar <a href=\"https:\/\/rc-chemlab.net\/pt\/kontakt\/\">Contacto connosco<\/a> sobre.<\/p>","protected":false},"excerpt":{"rendered":"<p>Alpha PHP Bestellen Wirkstoffe in a-PHP Enth\u00e4lt 1000 mg mindestens 99 % reines a-PHP (Pulver rein) pro Bestelleinheit. alpha-Pyrrolidinohexiophenon oder<\/p>","protected":false},"featured_media":10336,"comment_status":"open","ping_status":"closed","template":"","meta":{"_seopress_robots_primary_cat":"none","_seopress_titles_title":"Alpha PHP Bestellen %%sep%% %%sitetitle%%","_seopress_titles_desc":"Alpha PHP Bestellen - Wirkstoffe in a-PHP Enth\u00e4lt 1000 mg mindestens 99 % reines a-PHP (Pulver rein) pro Bestelleinheit.","_seopress_robots_index":""},"product_brand":[],"product_cat":[140],"product_tag":[],"class_list":{"0":"post-1348","1":"product","2":"type-product","3":"status-publish","4":"has-post-thumbnail","6":"product_cat-forschungschemikalien","8":"first","9":"instock","10":"taxable","11":"shipping-taxable","12":"purchasable","13":"product-type-variable"},"_links":{"self":[{"href":"https:\/\/rc-chemlab.net\/pt\/wp-json\/wp\/v2\/product\/1348","targetHints":{"allow":["GET"]}}],"collection":[{"href":"https:\/\/rc-chemlab.net\/pt\/wp-json\/wp\/v2\/product"}],"about":[{"href":"https:\/\/rc-chemlab.net\/pt\/wp-json\/wp\/v2\/types\/product"}],"replies":[{"embeddable":true,"href":"https:\/\/rc-chemlab.net\/pt\/wp-json\/wp\/v2\/comments?post=1348"}],"version-history":[{"count":1,"href":"https:\/\/rc-chemlab.net\/pt\/wp-json\/wp\/v2\/product\/1348\/revisions"}],"predecessor-version":[{"id":10337,"href":"https:\/\/rc-chemlab.net\/pt\/wp-json\/wp\/v2\/product\/1348\/revisions\/10337"}],"wp:featuredmedia":[{"embeddable":true,"href":"https:\/\/rc-chemlab.net\/pt\/wp-json\/wp\/v2\/media\/10336"}],"wp:attachment":[{"href":"https:\/\/rc-chemlab.net\/pt\/wp-json\/wp\/v2\/media?parent=1348"}],"wp:term":[{"taxonomy":"product_brand","embeddable":true,"href":"https:\/\/rc-chemlab.net\/pt\/wp-json\/wp\/v2\/product_brand?post=1348"},{"taxonomy":"product_cat","embeddable":true,"href":"https:\/\/rc-chemlab.net\/pt\/wp-json\/wp\/v2\/product_cat?post=1348"},{"taxonomy":"product_tag","embeddable":true,"href":"https:\/\/rc-chemlab.net\/pt\/wp-json\/wp\/v2\/product_tag?post=1348"}],"curies":[{"name":"wp","href":"https:\/\/api.w.org\/{rel}","templated":true}]}}