{"id":1340,"date":"2023-06-07T03:47:53","date_gmt":"2023-06-07T03:47:53","guid":{"rendered":"https:\/\/rc-chemlab.net\/?post_type=product&#038;p=1340"},"modified":"2024-04-16T01:49:53","modified_gmt":"2024-04-16T01:49:53","slug":"a-pihp","status":"publish","type":"product","link":"https:\/\/rc-chemlab.net\/pt\/product\/a-pihp\/","title":{"rendered":"Um PiHP"},"content":{"rendered":"<h1>Um PiHP<\/h1>\n<p>\u03b1-PHiP, tamb\u00e9m vulgarmente designado por <a href=\"https:\/\/en.wikipedia.org\/wiki\/%CE%91-PHiP\">Alfa-PHiP<\/a> \u00e9 um composto da classe das catinonas e um is\u00f3mero estrutural do composto-m\u00e3e pirovalerona, que tem sido amplamente prescrito nas \u00faltimas d\u00e9cadas para o tratamento da letargia, da sonol\u00eancia e da fadiga cr\u00f3nica.<\/p>\n<p>\u00c9 tamb\u00e9m muito semelhante a outros compostos mais conhecidos, o A-PHP e o MDPV, subst\u00e2ncias que produzem uma sensa\u00e7\u00e3o de euforia quando ingeridas.<\/p>\n<p>Embora o \u03b1-PHiP seja semelhante em estrutura a compostos que foram testados e aprovados para consumo humano, o \u03b1-PHiP destina-se apenas a fins de investiga\u00e7\u00e3o e n\u00e3o se destina ao consumo humano.<\/p>\n<h2>Propriedades qu\u00edmicas do \u03b1-PHiP<\/h2>\n<ul>\n<li>F\u00f3rmula qu\u00edmica: C23H27N3O2<\/li>\n<li>Nome completo: 4-Metil-1-fenil-2-(pirrolidin-1-il) pentan-1-ona<\/li>\n<li>Peso molecular: g \/ mol<\/li>\n<li>Pureza:&gt; 98%<\/li>\n<\/ul>\n<p>Como j\u00e1 foi referido, o A PiHP \u00e9 um composto da classe das catinonas e partilha propriedades qu\u00edmicas com a pirovalerona, mais bem estudada - a \u00fanica diferen\u00e7a \u00e9 a desloca\u00e7\u00e3o do grupo metilo da posi\u00e7\u00e3o 4 do anel arom\u00e1tico para a posi\u00e7\u00e3o 4 da cadeia acilo. Tal como a pirovalerona, \u00e9 de esperar que a \u03b1-PHiP produza euforia, aumente a energia e melhore a concentra\u00e7\u00e3o quando ingerida, embora n\u00e3o tenham sido realizados estudos para confirmar este facto.<\/p>\n<p>Tal como acontece com todas as catinonas psicoactivas, presume-se que a \u03b1-PHiP aumenta a liberta\u00e7\u00e3o de dopamina e inibe a recapta\u00e7\u00e3o de adrenalina, noradrenalina e serotonina no sistema nervoso central.<\/p>\n<p>\u00c9 de salientar que todas as catinonas s\u00e3o baseadas nos compostos psicoactivos da planta khat (Catha edulis), cujas folhas produzem um efeito estimulante em quem as mastiga. O khat \u00e9 consumido desta forma em muitos pa\u00edses africanos h\u00e1 centenas de anos. Todas as subst\u00e2ncias qu\u00edmicas da fam\u00edlia das catinonas prov\u00eam desta planta.<\/p>\n<blockquote><p><strong>NOTA:\u00a0<\/strong>\u00a0Ao contr\u00e1rio do khat ou da pirovalerona, a \u03b1-PHiP n\u00e3o tem historial de utiliza\u00e7\u00e3o humana e s\u00f3 pode ser utilizada para fins de investiga\u00e7\u00e3o e n\u00e3o para consumo humano.<\/p><\/blockquote>\n<h2><strong>Onde comprar?<\/strong><\/h2>\n<p>Em\u00a0<span data-contrast=\"none\">a nossa atividade qu\u00edmica<\/span>\u00a0uma fonte N1 de confian\u00e7a, oferecemos \u03b1-PHiP de alta qualidade em qualidade laboratorial sob a forma de p\u00f3 de sal.\u00a0<span data-contrast=\"none\">A nossa atividade qu\u00edmica<\/span>\u00a0\u00e9 a primeira escolha para aqueles que querem comprar produtos qu\u00edmicos de investiga\u00e7\u00e3o. Por favor, note que voc\u00ea deve ter pelo menos 18 anos de idade para comprar \u03b1-PHiP em\u00a0<span data-contrast=\"none\">a nossa atividade qu\u00edmica<\/span> para comprar . Todos os produtos qu\u00edmicos de investiga\u00e7\u00e3o vendidos destinam-se a testes e experi\u00eancias laboratoriais e n\u00e3o se destinam ao consumo humano. Para mais informa\u00e7\u00f5es, contactar <a href=\"https:\/\/rc-chemlab.net\/pt\/kontakt\/\">Contacto connosco<\/a> sobre.<\/p>","protected":false},"excerpt":{"rendered":"<p>A PiHP \u03b1-PHiP, auch allgemein als Alpha-PHiP bezeichnet, ist eine Verbindung der Cathinon-Klasse und ein Strukturisomer der Ausgangsverbindung Pyrovaleron, die<\/p>","protected":false},"featured_media":10330,"comment_status":"open","ping_status":"closed","template":"","meta":{"_seopress_robots_primary_cat":"none","_seopress_titles_title":"A PiHP %%sep%% %%sitetitle%%","_seopress_titles_desc":"\u03b1-PHiP, auch allgemein als Alpha-PHiP bezeichnet, ist eine Verbindung der Cathinon-Klasse - \u03b1-PHiP, auch allgemein als Alpha-PHiP bezeichnet, ist eine Verbindung der Cathinon-Klasse","_seopress_robots_index":""},"product_brand":[],"product_cat":[140],"product_tag":[],"class_list":{"0":"post-1340","1":"product","2":"type-product","3":"status-publish","4":"has-post-thumbnail","6":"product_cat-forschungschemikalien","8":"first","9":"instock","10":"taxable","11":"shipping-taxable","12":"purchasable","13":"product-type-variable"},"_links":{"self":[{"href":"https:\/\/rc-chemlab.net\/pt\/wp-json\/wp\/v2\/product\/1340","targetHints":{"allow":["GET"]}}],"collection":[{"href":"https:\/\/rc-chemlab.net\/pt\/wp-json\/wp\/v2\/product"}],"about":[{"href":"https:\/\/rc-chemlab.net\/pt\/wp-json\/wp\/v2\/types\/product"}],"replies":[{"embeddable":true,"href":"https:\/\/rc-chemlab.net\/pt\/wp-json\/wp\/v2\/comments?post=1340"}],"version-history":[{"count":1,"href":"https:\/\/rc-chemlab.net\/pt\/wp-json\/wp\/v2\/product\/1340\/revisions"}],"predecessor-version":[{"id":10331,"href":"https:\/\/rc-chemlab.net\/pt\/wp-json\/wp\/v2\/product\/1340\/revisions\/10331"}],"wp:featuredmedia":[{"embeddable":true,"href":"https:\/\/rc-chemlab.net\/pt\/wp-json\/wp\/v2\/media\/10330"}],"wp:attachment":[{"href":"https:\/\/rc-chemlab.net\/pt\/wp-json\/wp\/v2\/media?parent=1340"}],"wp:term":[{"taxonomy":"product_brand","embeddable":true,"href":"https:\/\/rc-chemlab.net\/pt\/wp-json\/wp\/v2\/product_brand?post=1340"},{"taxonomy":"product_cat","embeddable":true,"href":"https:\/\/rc-chemlab.net\/pt\/wp-json\/wp\/v2\/product_cat?post=1340"},{"taxonomy":"product_tag","embeddable":true,"href":"https:\/\/rc-chemlab.net\/pt\/wp-json\/wp\/v2\/product_tag?post=1340"}],"curies":[{"name":"wp","href":"https:\/\/api.w.org\/{rel}","templated":true}]}}