{"id":1332,"date":"2023-06-05T23:53:41","date_gmt":"2023-06-05T23:53:41","guid":{"rendered":"https:\/\/rc-chemlab.net\/?post_type=product&#038;p=1332"},"modified":"2024-04-16T01:38:04","modified_gmt":"2024-04-16T01:38:04","slug":"4-fma-kaufen","status":"publish","type":"product","link":"https:\/\/rc-chemlab.net\/pt\/product\/4-fma-kaufen\/","title":{"rendered":"4-FMA"},"content":{"rendered":"<h1>Comprar 4-FMA<\/h1>\n<p>Gostaria de comprar 4-FMA? Todos os produtos da Rc-<a href=\"\/pt\/\">Chemlab<\/a> s\u00e3o testados em laborat\u00f3rio e da mais alta qualidade. As encomendas s\u00e3o embaladas de forma discreta e expedidas no prazo de 24 horas. As encomendas s\u00e3o embaladas de forma discreta e expedidas no prazo de 24 horas.<\/p>\n<h2>O que \u00e9 o 4-FMA?<\/h2>\n<p>O 4-FMA \u00e9 uma classe de subst\u00e2ncias qu\u00edmicas estreitamente relacionadas com a anfetamina. Trata-se de um composto de fl\u00faor, o que significa que foi adicionado um \u00e1tomo de fl\u00faor \u00e0 mol\u00e9cula para alterar as suas propriedades. O 4-FMA \u00e9 constitu\u00eddo por um grupo fenilo ligado a uma mol\u00e9cula de anfetamina. <a href=\"https:\/\/xtcdrogenhaus.com\/Produkt-Kategorie\/amphetamine-kaufen\/\">Anfetamina<\/a> \u00e9 uma subst\u00e2ncia que afecta o c\u00e9rebro e o sistema nervoso. Aumenta a liberta\u00e7\u00e3o de certas subst\u00e2ncias qu\u00edmicas cerebrais, como a dopamina e a noradrenalina, o que pode provocar uma sensa\u00e7\u00e3o de euforia, maior vigil\u00e2ncia e energia.<\/p>\n<h2>Onde posso comprar o 4-FMA?<\/h2>\n<p>Na Chemlab pode comprar todos os produtos qu\u00edmicos para investiga\u00e7\u00e3o, e aqui tamb\u00e9m pode comprar 4-FMA na melhor qualidade. Esta subst\u00e2ncia \u00e9 fornecida sob a forma de p\u00f3 e destina-se apenas a uso laboratorial, pelo que deve tomar sempre as devidas precau\u00e7\u00f5es de seguran\u00e7a. Nota: O 4-FMA, tal como outros produtos qu\u00edmicos de investiga\u00e7\u00e3o, destina-se apenas a utiliza\u00e7\u00e3o em investiga\u00e7\u00e3o e nunca deve ser consumido por seres humanos, animais ou outros seres vivos. N\u00e3o vendemos produtos qu\u00edmicos de investiga\u00e7\u00e3o a pessoas com menos de 18 anos. Para mais informa\u00e7\u00f5es, contactar <a href=\"https:\/\/rc-chemlab.net\/pt\/kontakt\/\">Contacto connosco<\/a> sobre.<\/p>","protected":false},"excerpt":{"rendered":"<p>4-FMA kaufen Sie m\u00f6chten 4-FMA kaufen? Alle Produkte von Rc-Chemlab sind laborgepr\u00fcft und von h\u00f6chster Qualit\u00e4t. Die Bestellungen werden diskret<\/p>","protected":false},"featured_media":10327,"comment_status":"open","ping_status":"closed","template":"","meta":{"_seopress_robots_primary_cat":"none","_seopress_titles_title":"4-FMA kaufen %%sep%% %%sitetitle%%","_seopress_titles_desc":"4-FMA kaufen - Sie m\u00f6chten 4-FMA kaufen? Alle Produkte von Rc-Chemlab sind laborgepr\u00fcft und von h\u00f6chster Qualit\u00e4t.","_seopress_robots_index":""},"product_brand":[],"product_cat":[140],"product_tag":[],"class_list":{"0":"post-1332","1":"product","2":"type-product","3":"status-publish","4":"has-post-thumbnail","6":"product_cat-forschungschemikalien","8":"first","9":"instock","10":"taxable","11":"shipping-taxable","12":"purchasable","13":"product-type-variable"},"_links":{"self":[{"href":"https:\/\/rc-chemlab.net\/pt\/wp-json\/wp\/v2\/product\/1332","targetHints":{"allow":["GET"]}}],"collection":[{"href":"https:\/\/rc-chemlab.net\/pt\/wp-json\/wp\/v2\/product"}],"about":[{"href":"https:\/\/rc-chemlab.net\/pt\/wp-json\/wp\/v2\/types\/product"}],"replies":[{"embeddable":true,"href":"https:\/\/rc-chemlab.net\/pt\/wp-json\/wp\/v2\/comments?post=1332"}],"version-history":[{"count":2,"href":"https:\/\/rc-chemlab.net\/pt\/wp-json\/wp\/v2\/product\/1332\/revisions"}],"predecessor-version":[{"id":10328,"href":"https:\/\/rc-chemlab.net\/pt\/wp-json\/wp\/v2\/product\/1332\/revisions\/10328"}],"wp:featuredmedia":[{"embeddable":true,"href":"https:\/\/rc-chemlab.net\/pt\/wp-json\/wp\/v2\/media\/10327"}],"wp:attachment":[{"href":"https:\/\/rc-chemlab.net\/pt\/wp-json\/wp\/v2\/media?parent=1332"}],"wp:term":[{"taxonomy":"product_brand","embeddable":true,"href":"https:\/\/rc-chemlab.net\/pt\/wp-json\/wp\/v2\/product_brand?post=1332"},{"taxonomy":"product_cat","embeddable":true,"href":"https:\/\/rc-chemlab.net\/pt\/wp-json\/wp\/v2\/product_cat?post=1332"},{"taxonomy":"product_tag","embeddable":true,"href":"https:\/\/rc-chemlab.net\/pt\/wp-json\/wp\/v2\/product_tag?post=1332"}],"curies":[{"name":"wp","href":"https:\/\/api.w.org\/{rel}","templated":true}]}}