{"id":1324,"date":"2023-06-05T23:21:14","date_gmt":"2023-06-05T23:21:14","guid":{"rendered":"https:\/\/rc-chemlab.net\/?post_type=product&#038;p=1324"},"modified":"2024-04-16T01:30:39","modified_gmt":"2024-04-16T01:30:39","slug":"6-apb-kaufen","status":"publish","type":"product","link":"https:\/\/rc-chemlab.net\/pt\/product\/6-apb-kaufen\/","title":{"rendered":"6-APB"},"content":{"rendered":"<h1>Comprar 6-APB<\/h1>\n<p>Gostaria de comprar 6-APB? Ent\u00e3o Chemlab \u00e9 o endere\u00e7o certo para si. Todos os produtos s\u00e3o testados em laborat\u00f3rio e t\u00eam uma pureza de pelo menos 95%. Al\u00e9m disso, enviamos todos os produtos qu\u00edmicos de investiga\u00e7\u00e3o a partir dos Pa\u00edses Baixos, para que cheguem ao seu laborat\u00f3rio no prazo de 24 horas ap\u00f3s o pagamento!<\/p>\n<h2>O que \u00e9 o 6-APB?<\/h2>\n<p>O 6-APB, tamb\u00e9m conhecido como Benzo Fury, \u00e9 um produto qu\u00edmico de investiga\u00e7\u00e3o que se insere na classe dos benzofuranos. \u00c9 uma subst\u00e2ncia muito popular que \u00e9 bem recebida por muitos investigadores qu\u00edmicos. Em termos de estrutura qu\u00edmica, o 6-APB \u00e9 semelhante a subst\u00e2ncias como <a href=\"https:\/\/xtcdrogenhaus.com\/Produkt-Kategorie\/ecstasys-kaufen\/\">MDMA<\/a> e XTC, os efeitos do 6-APB s\u00e3o tamb\u00e9m semelhantes aos destas subst\u00e2ncias. Os estudos com o 6-APB duram v\u00e1rias horas mais do que os estudos com a MDMA. Com doses baixas, tens mais controlo e os efeitos s\u00e3o mais suaves do que com o XTC. Com o 6-APB, podes esperar um teste euf\u00f3rico e energizante. No entanto, este produto qu\u00edmico de investiga\u00e7\u00e3o tamb\u00e9m pode fornecer um resultado de investiga\u00e7\u00e3o trippy. Este n\u00e3o \u00e9 o caso com uma dose mais baixa.<\/p>\n<h2>Experi\u00eancia 6-APB<\/h2>\n<p>Gostarias de saber mais sobre o 6-APB e os efeitos deste qu\u00edmico de investiga\u00e7\u00e3o? Ent\u00e3o pode informar-se sobre esta subst\u00e2ncia em s\u00edtios Web como o Psychonaut Wiki e a Wikipedia.<\/p>\n<h2>Comprar 6-APB online<\/h2>\n<p>Na Nachtapotheker.nl pode confiar em Benzofury de alta qualidade que tamb\u00e9m foi testado em laborat\u00f3rio. Isto permite-nos garantir uma pureza de pelo menos 95%. Nachtapotheker.nl vende 6-APB em p\u00f3 em quantidades de 0,25, 0,5, 1, 2 e 5 gramas. Todos os produtos qu\u00edmicos para investiga\u00e7\u00e3o s\u00e3o enviados dos Pa\u00edses Baixos e estar\u00e3o no seu laborat\u00f3rio no prazo de 24 horas ap\u00f3s a rece\u00e7\u00e3o do pagamento. Nota: O 6-APB, tal como outros produtos qu\u00edmicos de investiga\u00e7\u00e3o, destina-se apenas a utiliza\u00e7\u00e3o em investiga\u00e7\u00e3o e nunca deve ser consumido por seres humanos, animais ou outros seres vivos. Armazenar num local seco e fresco para garantir o m\u00e1ximo prazo de validade. N\u00e3o vendemos produtos qu\u00edmicos de investiga\u00e7\u00e3o a menores de 18 anos. Para mais informa\u00e7\u00f5es, contactar <a href=\"https:\/\/rc-chemlab.net\/pt\/kontakt\/\">Contacto connosco<\/a> sobre.<\/p>","protected":false},"excerpt":{"rendered":"<p>6-APB kaufen M\u00f6chten Sie 6-APB kaufen? Dann sind Sie bei Chemlab an der richtigen Adresse. Alle Produkte sind laborgepr\u00fcft und<\/p>","protected":false},"featured_media":10323,"comment_status":"open","ping_status":"closed","template":"","meta":{"_seopress_robots_primary_cat":"none","_seopress_titles_title":"6-APB kaufen %%sep%% %%sitetitle%%","_seopress_titles_desc":"6-APB kaufen - M\u00f6chten Sie 6-APB kaufen? Dann sind Sie bei Chemlab an der richtigen Adresse.","_seopress_robots_index":""},"product_brand":[],"product_cat":[140],"product_tag":[],"class_list":{"0":"post-1324","1":"product","2":"type-product","3":"status-publish","4":"has-post-thumbnail","6":"product_cat-forschungschemikalien","8":"first","9":"instock","10":"taxable","11":"shipping-taxable","12":"purchasable","13":"product-type-variable"},"_links":{"self":[{"href":"https:\/\/rc-chemlab.net\/pt\/wp-json\/wp\/v2\/product\/1324","targetHints":{"allow":["GET"]}}],"collection":[{"href":"https:\/\/rc-chemlab.net\/pt\/wp-json\/wp\/v2\/product"}],"about":[{"href":"https:\/\/rc-chemlab.net\/pt\/wp-json\/wp\/v2\/types\/product"}],"replies":[{"embeddable":true,"href":"https:\/\/rc-chemlab.net\/pt\/wp-json\/wp\/v2\/comments?post=1324"}],"version-history":[{"count":1,"href":"https:\/\/rc-chemlab.net\/pt\/wp-json\/wp\/v2\/product\/1324\/revisions"}],"predecessor-version":[{"id":10324,"href":"https:\/\/rc-chemlab.net\/pt\/wp-json\/wp\/v2\/product\/1324\/revisions\/10324"}],"wp:featuredmedia":[{"embeddable":true,"href":"https:\/\/rc-chemlab.net\/pt\/wp-json\/wp\/v2\/media\/10323"}],"wp:attachment":[{"href":"https:\/\/rc-chemlab.net\/pt\/wp-json\/wp\/v2\/media?parent=1324"}],"wp:term":[{"taxonomy":"product_brand","embeddable":true,"href":"https:\/\/rc-chemlab.net\/pt\/wp-json\/wp\/v2\/product_brand?post=1324"},{"taxonomy":"product_cat","embeddable":true,"href":"https:\/\/rc-chemlab.net\/pt\/wp-json\/wp\/v2\/product_cat?post=1324"},{"taxonomy":"product_tag","embeddable":true,"href":"https:\/\/rc-chemlab.net\/pt\/wp-json\/wp\/v2\/product_tag?post=1324"}],"curies":[{"name":"wp","href":"https:\/\/api.w.org\/{rel}","templated":true}]}}