{"id":1314,"date":"2023-06-05T21:47:41","date_gmt":"2023-06-05T21:47:41","guid":{"rendered":"https:\/\/rc-chemlab.net\/?post_type=product&#038;p=1314"},"modified":"2024-11-16T11:35:43","modified_gmt":"2024-11-16T11:35:43","slug":"n-ethyl-hexedrone","status":"publish","type":"product","link":"https:\/\/rc-chemlab.net\/pt\/product\/n-ethyl-hexedrone\/","title":{"rendered":"N-etil-hexedrona"},"content":{"rendered":"<h1>N Hexedrona et\u00edlica<\/h1>\n<p>N-etil-hexedrona (<a href=\"https:\/\/de.wikibrief.org\/wiki\/N-Ethylhexedrone\">a-Etilaminocaprofenona<\/a>NEH ou Hexen) \u00e9 um estimulante qu\u00edmico da classe das catinonas e est\u00e1 dispon\u00edvel no mercado de produtos qu\u00edmicos para investiga\u00e7\u00e3o desde meados da d\u00e9cada de 2010. O seu efeito \u00e9 relatado atrav\u00e9s do aumento dos n\u00edveis de dopamina e noradrenalina. Relatos aned\u00f3ticos afirmam que os participantes mostraram efeitos de estimula\u00e7\u00e3o, aumento da concentra\u00e7\u00e3o, euforia e desinibi\u00e7\u00e3o.<\/p>\n<p>HEX-EN, Ethyl-Hexedrone, Ethyl-Hex \u00e9 um novo produto qu\u00edmico de investiga\u00e7\u00e3o desenvolvido ap\u00f3s a proibi\u00e7\u00e3o na China em 1 de outubro de 2015. Este produto tem tr\u00eas vezes o valor de investiga\u00e7\u00e3o da conhecida Hexedrona. Com propriedades e efeitos semelhantes aos da Pentedrona, 4-CMC, <a href=\"https:\/\/rc-chemlab.net\/pt\/product\/3-cmc-kaufen-deutschland\/\">3-CMC<\/a>.<\/p>\n<p>Os produtos adquiridos no EUsynth.org destinam-se apenas a fins de investiga\u00e7\u00e3o laboratorial e n\u00e3o se destinam ao consumo humano. Se comprar, f\u00e1-lo-\u00e1 por sua conta e risco e ser\u00e1 respons\u00e1vel pelo cumprimento das leis da sua jurisdi\u00e7\u00e3o. A EUsynth.org n\u00e3o \u00e9 respons\u00e1vel pela legalidade dos produtos nos pa\u00edses dos clientes. Para mais informa\u00e7\u00f5es, contactar <a href=\"https:\/\/rc-chemlab.net\/pt\/kontakt\/\">Contacto connosco<\/a> sobre.<\/p>","protected":false},"excerpt":{"rendered":"<p>N Ethyl Hexedrone N-Ethylhexedron (a-Ethylaminocaprophenon, NEH oder Hexen) ist eine stimulierende Chemikalie aus der Klasse der Cathinone und ist seit<\/p>","protected":false},"featured_media":10321,"comment_status":"open","ping_status":"closed","template":"","meta":{"_seopress_robots_primary_cat":"none","_seopress_titles_title":"N Ethyl Hexedrone %%sep%% %%sitetitle%%","_seopress_titles_desc":"N Ethyl Hexedrone - HEX-EN, Ethyl-Hexedron, Ethyl-Hex ist eine neue Forschungschemikalie, die nach dem Verbot in China vom 1.10.2015 entwickelt wurde.","_seopress_robots_index":""},"product_brand":[],"product_cat":[140],"product_tag":[],"class_list":{"0":"post-1314","1":"product","2":"type-product","3":"status-publish","4":"has-post-thumbnail","6":"product_cat-forschungschemikalien","8":"first","9":"instock","10":"taxable","11":"shipping-taxable","12":"purchasable","13":"product-type-variable"},"_links":{"self":[{"href":"https:\/\/rc-chemlab.net\/pt\/wp-json\/wp\/v2\/product\/1314","targetHints":{"allow":["GET"]}}],"collection":[{"href":"https:\/\/rc-chemlab.net\/pt\/wp-json\/wp\/v2\/product"}],"about":[{"href":"https:\/\/rc-chemlab.net\/pt\/wp-json\/wp\/v2\/types\/product"}],"replies":[{"embeddable":true,"href":"https:\/\/rc-chemlab.net\/pt\/wp-json\/wp\/v2\/comments?post=1314"}],"version-history":[{"count":2,"href":"https:\/\/rc-chemlab.net\/pt\/wp-json\/wp\/v2\/product\/1314\/revisions"}],"predecessor-version":[{"id":10322,"href":"https:\/\/rc-chemlab.net\/pt\/wp-json\/wp\/v2\/product\/1314\/revisions\/10322"}],"wp:featuredmedia":[{"embeddable":true,"href":"https:\/\/rc-chemlab.net\/pt\/wp-json\/wp\/v2\/media\/10321"}],"wp:attachment":[{"href":"https:\/\/rc-chemlab.net\/pt\/wp-json\/wp\/v2\/media?parent=1314"}],"wp:term":[{"taxonomy":"product_brand","embeddable":true,"href":"https:\/\/rc-chemlab.net\/pt\/wp-json\/wp\/v2\/product_brand?post=1314"},{"taxonomy":"product_cat","embeddable":true,"href":"https:\/\/rc-chemlab.net\/pt\/wp-json\/wp\/v2\/product_cat?post=1314"},{"taxonomy":"product_tag","embeddable":true,"href":"https:\/\/rc-chemlab.net\/pt\/wp-json\/wp\/v2\/product_tag?post=1314"}],"curies":[{"name":"wp","href":"https:\/\/api.w.org\/{rel}","templated":true}]}}