{"id":1306,"date":"2023-06-05T16:43:27","date_gmt":"2023-06-05T16:43:27","guid":{"rendered":"https:\/\/rc-chemlab.net\/?post_type=product&#038;p=1306"},"modified":"2024-04-16T01:15:51","modified_gmt":"2024-04-16T01:15:51","slug":"n-ethyl-pentedrone","status":"publish","type":"product","link":"https:\/\/rc-chemlab.net\/pt\/product\/n-ethyl-pentedrone\/","title":{"rendered":"N-Etil-Pentedrona"},"content":{"rendered":"<h1>T Etil pentedrona<\/h1>\n<p>A N-etil-(nor)-pentedrona (tamb\u00e9m conhecida como N-etilpentedrona ou mais comummente como NEP) \u00e9 um novo estimulante sint\u00e9tico que pertence \u00e0 classe das catinonas substitu\u00eddas. A N-etil-(nor)-pentedrona tornou-se conhecida no mercado de produtos qu\u00edmicos de investiga\u00e7\u00e3o em 2016. <a href=\"https:\/\/en.wikipedia.org\/wiki\/N-Ethylpentedrone\">N-etil-(nor)-pentedrona<\/a> est\u00e1 estreitamente relacionado com o Pentedron.<\/p>\n<p>A partir de <a href=\"\/pt\/\">Chemlab<\/a> Os produtos adquiridos destinam-se apenas a fins de investiga\u00e7\u00e3o laboratorial e n\u00e3o se destinam ao consumo humano. Se o utilizador adquirir um produto, f\u00e1-lo por sua conta e risco e \u00e9 respons\u00e1vel pelo cumprimento da legisla\u00e7\u00e3o aplic\u00e1vel no seu pa\u00eds. A Chemlab n\u00e3o \u00e9 respons\u00e1vel pela legalidade dos produtos nos pa\u00edses dos clientes. Para mais informa\u00e7\u00f5es, contactar <a href=\"https:\/\/rc-chemlab.net\/pt\/kontakt\/\">Contacto connosco<\/a> sobre.<\/p>","protected":false},"excerpt":{"rendered":"<p>N Ethyl Pentedrone N-Ethyl-(nor)-pentedron (auch bekannt als N-Ethylpentedron oder allgemeiner als NEP) ist ein neuartiges synthetisches Stimulans, das zur Klasse<\/p>","protected":false},"featured_media":10319,"comment_status":"open","ping_status":"closed","template":"","meta":{"_seopress_robots_primary_cat":"none","_seopress_titles_title":"N Ethyl Pentedrone %%sep%% %%sitetitle%%","_seopress_titles_desc":"N Ethyl Pentedrone - N-Ethyl-(nor)-pentedron (auch bekannt als N-Ethylpentedron oder allgemeiner als NEP) ist ein neuartiges synthetisches Stimulans","_seopress_robots_index":""},"product_brand":[],"product_cat":[140],"product_tag":[],"class_list":{"0":"post-1306","1":"product","2":"type-product","3":"status-publish","4":"has-post-thumbnail","6":"product_cat-forschungschemikalien","8":"first","9":"instock","10":"taxable","11":"shipping-taxable","12":"purchasable","13":"product-type-variable"},"_links":{"self":[{"href":"https:\/\/rc-chemlab.net\/pt\/wp-json\/wp\/v2\/product\/1306","targetHints":{"allow":["GET"]}}],"collection":[{"href":"https:\/\/rc-chemlab.net\/pt\/wp-json\/wp\/v2\/product"}],"about":[{"href":"https:\/\/rc-chemlab.net\/pt\/wp-json\/wp\/v2\/types\/product"}],"replies":[{"embeddable":true,"href":"https:\/\/rc-chemlab.net\/pt\/wp-json\/wp\/v2\/comments?post=1306"}],"version-history":[{"count":1,"href":"https:\/\/rc-chemlab.net\/pt\/wp-json\/wp\/v2\/product\/1306\/revisions"}],"predecessor-version":[{"id":10320,"href":"https:\/\/rc-chemlab.net\/pt\/wp-json\/wp\/v2\/product\/1306\/revisions\/10320"}],"wp:featuredmedia":[{"embeddable":true,"href":"https:\/\/rc-chemlab.net\/pt\/wp-json\/wp\/v2\/media\/10319"}],"wp:attachment":[{"href":"https:\/\/rc-chemlab.net\/pt\/wp-json\/wp\/v2\/media?parent=1306"}],"wp:term":[{"taxonomy":"product_brand","embeddable":true,"href":"https:\/\/rc-chemlab.net\/pt\/wp-json\/wp\/v2\/product_brand?post=1306"},{"taxonomy":"product_cat","embeddable":true,"href":"https:\/\/rc-chemlab.net\/pt\/wp-json\/wp\/v2\/product_cat?post=1306"},{"taxonomy":"product_tag","embeddable":true,"href":"https:\/\/rc-chemlab.net\/pt\/wp-json\/wp\/v2\/product_tag?post=1306"}],"curies":[{"name":"wp","href":"https:\/\/api.w.org\/{rel}","templated":true}]}}