{"id":1298,"date":"2023-06-05T13:38:44","date_gmt":"2023-06-05T13:38:44","guid":{"rendered":"https:\/\/rc-chemlab.net\/?post_type=product&#038;p=1298"},"modified":"2024-04-15T00:49:43","modified_gmt":"2024-04-15T00:49:43","slug":"mdphp-hcl","status":"publish","type":"product","link":"https:\/\/rc-chemlab.net\/pt\/product\/mdphp-hcl\/","title":{"rendered":"MDPHP HCL"},"content":{"rendered":"<h1>MDPHP HCL<\/h1>\n<p>Queres comprar MDPHP HCL em p\u00f3 ao pre\u00e7o mais baixo? Voc\u00ea pode ir ao Chemlab para obter as melhores drogas de grife. MDPHP HCL significa <a href=\"https:\/\/en.wikipedia.org\/wiki\/3%27,4%27-Methylenedioxy-%CE%B1-pyrrolidinobutiophenone\">3 ', 4'-metilenodioxi-\u03b1-pirrolidinohexiofenona<\/a>. O MDPHP HCL \u00e9 um estimulante da classe das catinonas substitu\u00eddas e tem sido uma droga de designer desde 2018. Nunca mais pague muito por drogas de designer limpas. Sempre em stock e entregue no prazo de 1 a 2 dias \u00fateis. Pagamento seguro com Giropay, Bitcoin ou cart\u00e3o de cr\u00e9dito.<\/p>\n<h2>Comprar drogas de marca em seguran\u00e7a<\/h2>\n<p>Como compramos diretamente ao fabricante, podemos sempre garantir o pre\u00e7o mais baixo. Pague de forma segura com Giropay, Bitcoin ou cart\u00e3o de cr\u00e9dito na nossa loja virtual.<br \/>\nSempre tudo em stock! O nosso s\u00edtio Web utiliza a encripta\u00e7\u00e3o SSL. A encripta\u00e7\u00e3o SSL garante que os dados s\u00e3o enviados de forma encriptada e nunca s\u00e3o acess\u00edveis a terceiros.<\/p>\n<h2>MDPHP HCL de alta qualidade<\/h2>\n<p>Vendemos drogas de marca da mais alta qualidade do Benelux. Como estamos activos na ind\u00fastria de drogas de marca h\u00e1 7 anos, podemos sempre fornecer-lhe produtos de alta qualidade. Todos os nossos produtos s\u00e3o testados em laborat\u00f3rio e, por conseguinte, seguros para serem utilizados para fins de investiga\u00e7\u00e3o.<\/p>\n<p>Cuidado ao comprar drogas de marca na Internet! Existem muitas lojas online que vendem drogas de marca falsas ou de m\u00e1 qualidade. Se comprares as tuas drogas de marca em <a href=\"\/pt\/\">Chemlab<\/a> pode receber a sua encomenda em casa, de forma segura e discreta, no mais curto espa\u00e7o de tempo poss\u00edvel!<\/p>\n<h2>MDPHP HCL testado em laborat\u00f3rio<\/h2>\n<p>Se est\u00e1 \u00e0 procura de drogas de marca, quer naturalmente ter a certeza de que os produtos s\u00e3o de alta qualidade. Todos os nossos medicamentos de marca s\u00e3o de alta qualidade e s\u00e3o sempre testados em laborat\u00f3rio. Connosco, ficar\u00e1 muito satisfeito com produtos de alta qualidade ao melhor pre\u00e7o. Para mais informa\u00e7\u00f5es, contactar <a href=\"https:\/\/rc-chemlab.net\/pt\/kontakt\/\">Contacto connosco<\/a> sobre.<\/p>","protected":false},"excerpt":{"rendered":"<p>MDPHP HCL M\u00f6chten Sie MDPHP HCL Pulver zum niedrigsten Preis kaufen? Sie k\u00f6nnen zu Chemlab gehen, um die besten Designerdrogen<\/p>","protected":false},"featured_media":10316,"comment_status":"open","ping_status":"closed","template":"","meta":{"_seopress_robots_primary_cat":"none","_seopress_titles_title":"MDPHP HCL %%sep%% %%sitetitle%%","_seopress_titles_desc":"MDPHP HCL - M\u00f6chten Sie MDPHP HCL Pulver zum niedrigsten Preis kaufen? Sie k\u00f6nnen zu Chemlab gehen, um die besten Designerdrogen zu erhalten.","_seopress_robots_index":""},"product_brand":[],"product_cat":[140],"product_tag":[],"class_list":{"0":"post-1298","1":"product","2":"type-product","3":"status-publish","4":"has-post-thumbnail","6":"product_cat-forschungschemikalien","8":"first","9":"instock","10":"taxable","11":"shipping-taxable","12":"purchasable","13":"product-type-variable"},"_links":{"self":[{"href":"https:\/\/rc-chemlab.net\/pt\/wp-json\/wp\/v2\/product\/1298","targetHints":{"allow":["GET"]}}],"collection":[{"href":"https:\/\/rc-chemlab.net\/pt\/wp-json\/wp\/v2\/product"}],"about":[{"href":"https:\/\/rc-chemlab.net\/pt\/wp-json\/wp\/v2\/types\/product"}],"replies":[{"embeddable":true,"href":"https:\/\/rc-chemlab.net\/pt\/wp-json\/wp\/v2\/comments?post=1298"}],"version-history":[{"count":1,"href":"https:\/\/rc-chemlab.net\/pt\/wp-json\/wp\/v2\/product\/1298\/revisions"}],"predecessor-version":[{"id":10317,"href":"https:\/\/rc-chemlab.net\/pt\/wp-json\/wp\/v2\/product\/1298\/revisions\/10317"}],"wp:featuredmedia":[{"embeddable":true,"href":"https:\/\/rc-chemlab.net\/pt\/wp-json\/wp\/v2\/media\/10316"}],"wp:attachment":[{"href":"https:\/\/rc-chemlab.net\/pt\/wp-json\/wp\/v2\/media?parent=1298"}],"wp:term":[{"taxonomy":"product_brand","embeddable":true,"href":"https:\/\/rc-chemlab.net\/pt\/wp-json\/wp\/v2\/product_brand?post=1298"},{"taxonomy":"product_cat","embeddable":true,"href":"https:\/\/rc-chemlab.net\/pt\/wp-json\/wp\/v2\/product_cat?post=1298"},{"taxonomy":"product_tag","embeddable":true,"href":"https:\/\/rc-chemlab.net\/pt\/wp-json\/wp\/v2\/product_tag?post=1298"}],"curies":[{"name":"wp","href":"https:\/\/api.w.org\/{rel}","templated":true}]}}