{"id":1290,"date":"2023-06-05T13:06:20","date_gmt":"2023-06-05T13:06:20","guid":{"rendered":"https:\/\/rc-chemlab.net\/?post_type=product&#038;p=1290"},"modified":"2024-10-10T12:55:17","modified_gmt":"2024-10-10T12:55:17","slug":"5-cl-adb-a","status":"publish","type":"product","link":"https:\/\/rc-chemlab.net\/pt\/product\/5-cl-adb-a\/","title":{"rendered":"5-CL-ADB-A"},"content":{"rendered":"<h1>5-CL-ADB-A Comprar<\/h1>\n<p>5-CL-ADB-A em p\u00f3 - comprar 5-cl-adb-a online, 5-cl-adb-a para venda online no Reino Unido.<\/p>\n<p><a href=\"\/pt\/\">Chemlab<\/a> \u00e9 um vendedor de confian\u00e7a dos produtos listados. Com a sua vasta experi\u00eancia de fornecimento e com\u00e9rcio, criou um nome de renome no mercado, oferecendo 5-CL-ADB-A de alta qualidade e outros produtos. A empresa tem uma presen\u00e7a pan-europeia e serve uma grande base de clientes em todo o pa\u00eds, dando prioridade \u00e0 centraliza\u00e7\u00e3o no cliente. Compre 5-CL-ADB-A online com produtos que garantem a qualidade em grandes quantidades da LC. Oferece uma loja online de qu\u00edmica de investiga\u00e7\u00e3o onde pode facilmente comprar 5-cl-adb-a da mais alta qualidade. Quando encomendar 5-cl-adb-a online, receber\u00e1 um presente em p\u00f3 cristalino branco ou laranja.<\/p>\n<h2>O que \u00e9 que se sabe sobre o 5-cl-adb-a?<\/h2>\n<p>N\u00e3o existem estudos cient\u00edficos oficiais que comparem os 5-cl-adb-a entre si. No entanto, um estudo de 2018 publicado na revista Forensic Toxicology comparou a pot\u00eancia e os mecanismos de a\u00e7\u00e3o de v\u00e1rios <a href=\"https:\/\/www.emcdda.europa.eu\/topics\/pods\/synthetic-cannabinoids_de\">canabin\u00f3ides sint\u00e9ticos<\/a> da classe das carboxamidas. Estes multiparticulados, como o 5CL-ADB-A, t\u00eam um carbono assim\u00e9trico derivado de uma por\u00e7\u00e3o amida constitu\u00edda por derivados de amino\u00e1cidos. A nossa equipa de apoio ao cliente est\u00e1 dispon\u00edvel 24 horas por dia, 7 dias por semana, para satisfazer todas as suas necessidades e resolver o seu problema o mais rapidamente poss\u00edvel. Obter 5-cl-adb-a para venda. O nosso servi\u00e7o de apoio ao cliente est\u00e1 dispon\u00edvel 24 horas por dia, 7 dias por semana, para satisfazer todas as suas necessidades e resolver o seu problema rapidamente.<\/p>\n<h2>Porqu\u00ea escolher a 5-cl-adb-a?<\/h2>\n<p>N\u00e3o existe uma forma segura de reconhecer o abuso de drogas e de subst\u00e2ncias qu\u00edmicas. Os sinais e sintomas de uso e abuso destas drogas variam muito, pois em alguns casos comportam-se da mesma forma que qualquer outra droga. Noutros casos, por\u00e9m, comportam-se de forma independente das outras drogas. Uma forma de reconhecer e apoiar a investiga\u00e7\u00e3o sobre o abuso de subst\u00e2ncias qu\u00edmicas \u00e9 familiarizar-se com os sinais e sintomas das drogas com as quais est\u00e3o estreitamente relacionadas, bem como com as conhecidas drogas de design que est\u00e3o no mercado \u00e0 medida que novas informa\u00e7\u00f5es ficam dispon\u00edveis. Comprar 5-CL-ADB-A barato.<\/p>\n<p>O 5-CL-ADB-A \u00e9 um canabin\u00f3ide sint\u00e9tico \u00e0 base de indazol. O 5-cl-adb-a, um an\u00e1logo do derivado amileno 5f-adb, substitui o \u00e9ster met\u00edlico por um amileno. Pode obter todas as informa\u00e7\u00f5es necess\u00e1rias sobre este novo canabin\u00f3ide, que j\u00e1 est\u00e1 a crescer em popularidade, contactando-nos hoje atrav\u00e9s do nosso chat ao vivo. Encomendar 5-CL-ADB-A online Os nossos numerosos clientes experimentaram prazer, euforia nos seus sentidos, uma acelera\u00e7\u00e3o dos seus n\u00edveis de desempenho e uma melhoria sexual nos seus sonhos.<\/p>","protected":false},"excerpt":{"rendered":"<p>5-CL-ADB-A Kaufen 5-CL-ADB-A Pulver &#8211; 5-cl-adb-a online kaufen, 5-cl-adb-a zum Verkauf online in Deutschland. Chemlab ist ein vertrauensw\u00fcrdiger Verk\u00e4ufer der<\/p>","protected":false},"featured_media":10313,"comment_status":"open","ping_status":"closed","template":"","meta":{"_seopress_robots_primary_cat":"none","_seopress_titles_title":"5-CL-ADB-A Kaufen %%sep%% %%sitetitle%%","_seopress_titles_desc":"5-CL-ADB-A Kaufen -","_seopress_robots_index":""},"product_brand":[],"product_cat":[140],"product_tag":[],"class_list":{"0":"post-1290","1":"product","2":"type-product","3":"status-publish","4":"has-post-thumbnail","6":"product_cat-forschungschemikalien","8":"first","9":"instock","10":"taxable","11":"shipping-taxable","12":"purchasable","13":"product-type-variable"},"_links":{"self":[{"href":"https:\/\/rc-chemlab.net\/pt\/wp-json\/wp\/v2\/product\/1290","targetHints":{"allow":["GET"]}}],"collection":[{"href":"https:\/\/rc-chemlab.net\/pt\/wp-json\/wp\/v2\/product"}],"about":[{"href":"https:\/\/rc-chemlab.net\/pt\/wp-json\/wp\/v2\/types\/product"}],"replies":[{"embeddable":true,"href":"https:\/\/rc-chemlab.net\/pt\/wp-json\/wp\/v2\/comments?post=1290"}],"version-history":[{"count":1,"href":"https:\/\/rc-chemlab.net\/pt\/wp-json\/wp\/v2\/product\/1290\/revisions"}],"predecessor-version":[{"id":10314,"href":"https:\/\/rc-chemlab.net\/pt\/wp-json\/wp\/v2\/product\/1290\/revisions\/10314"}],"wp:featuredmedia":[{"embeddable":true,"href":"https:\/\/rc-chemlab.net\/pt\/wp-json\/wp\/v2\/media\/10313"}],"wp:attachment":[{"href":"https:\/\/rc-chemlab.net\/pt\/wp-json\/wp\/v2\/media?parent=1290"}],"wp:term":[{"taxonomy":"product_brand","embeddable":true,"href":"https:\/\/rc-chemlab.net\/pt\/wp-json\/wp\/v2\/product_brand?post=1290"},{"taxonomy":"product_cat","embeddable":true,"href":"https:\/\/rc-chemlab.net\/pt\/wp-json\/wp\/v2\/product_cat?post=1290"},{"taxonomy":"product_tag","embeddable":true,"href":"https:\/\/rc-chemlab.net\/pt\/wp-json\/wp\/v2\/product_tag?post=1290"}],"curies":[{"name":"wp","href":"https:\/\/api.w.org\/{rel}","templated":true}]}}