{"id":1282,"date":"2023-06-05T11:47:29","date_gmt":"2023-06-05T11:47:29","guid":{"rendered":"https:\/\/rc-chemlab.net\/?post_type=product&#038;p=1282"},"modified":"2024-09-17T01:32:44","modified_gmt":"2024-09-17T01:32:44","slug":"5f-mdmb-2201-kaufen","status":"publish","type":"product","link":"https:\/\/rc-chemlab.net\/pt\/product\/5f-mdmb-2201-kaufen\/","title":{"rendered":"5f MDMB 2201"},"content":{"rendered":"<h1><span class=\"___SText_mzmpq-ko_\" data-ui-name=\"Link.Text\">Comprar 5F-MDMB-2201<\/span><\/h1>\n<p>5F-MDMB-2201 \u00e9 uma marca nova <a href=\"https:\/\/www.drugcom.de\/drogenlexikon\/buchstabe-s\/synthetische-cannabinoide\/\">canabin\u00f3ide sint\u00e9tico<\/a>. Se procurava o canabin\u00f3ide mais recente dispon\u00edvel no mercado de investiga\u00e7\u00e3o, veio ao s\u00edtio certo. O 5F-MDMB-2201 \u00e9 um agonista potente dos receptores canabin\u00f3ides.<\/p>\n<p>As experi\u00eancias de laborat\u00f3rio produzem normalmente resultados de relaxamento, leveza f\u00edsica, humor elevado, redu\u00e7\u00e3o do stress, melhoria da cor, aumento da perce\u00e7\u00e3o musical e euforia. Se agir rapidamente, pode ser um dos primeiros laborat\u00f3rios a adicionar este qu\u00edmico espantoso \u00e0 sua reserva.<\/p>\n<h3><b>Onde posso comprar o 5F-MDMB-2201?<\/b><\/h3>\n<p>Aqui em\u00a0<span data-contrast=\"none\">a nossa atividade qu\u00edmica<\/span>\u00a0vendemos 5F-MDMB-2201 de qualidade extremamente elevada. Normalmente, apresenta-se sob a forma de p\u00f3. No entanto, temos frequentemente outras formas dispon\u00edveis. Por isso, se quiser uma forma diferente, basta perguntar-nos, provavelmente temos uma dispon\u00edvel.<\/p>\n<p>Tem de ter pelo menos 18 anos para comprar o 5F-MDMB-2201 na nossa loja. Deve tamb\u00e9m cumprir integralmente as leis de qu\u00edmica de investiga\u00e7\u00e3o do seu pa\u00eds. O nosso 5f-MDMB-2201 destina-se apenas a uso em investiga\u00e7\u00e3o. N\u00e3o se destina ao consumo humano ou animal.<\/p>\n<h3><b>5F-MDMB-2201 Legalidade<\/b><\/h3>\n<p>Devido ao facto de o 5F-MDMB-2201 ser t\u00e3o recente, n\u00e3o est\u00e1 programado na maioria dos pa\u00edses e, por conseguinte, \u00e9 legal na maioria dos locais. No entanto, em pa\u00edses com fortes leis an\u00e1logas, como os Estados Unidos, pode n\u00e3o ser. Para mais informa\u00e7\u00f5es, contactar <a href=\"https:\/\/rc-chemlab.net\/pt\/kontakt\/\">Contacto connosco<\/a> sobre.<\/p>","protected":false},"excerpt":{"rendered":"<p>5F-MDMB-2201 kaufen 5F-MDMB-2201 ist ein brandneues synthetisches Cannabinoid.\u00a0Wenn Sie nach dem zuletzt auf dem Forschungsmarkt erh\u00e4ltlichen Cannabinoid gesucht haben, sind<\/p>","protected":false},"featured_media":10311,"comment_status":"open","ping_status":"closed","template":"","meta":{"_seopress_robots_primary_cat":"none","_seopress_titles_title":"5F-MDMB-2201 kaufen %%sep%% %%sitetitle%%","_seopress_titles_desc":"5F-MDMB-2201 kaufen - 5F-MDMB-2201 ist ein brandneues synthetisches Cannabinoid.\u00a0Wenn Sie nach dem zuletzt auf dem Forschungsmarkt erh\u00e4ltlichen Cannabinoid","_seopress_robots_index":""},"product_brand":[],"product_cat":[140],"product_tag":[],"class_list":{"0":"post-1282","1":"product","2":"type-product","3":"status-publish","4":"has-post-thumbnail","6":"product_cat-forschungschemikalien","8":"first","9":"instock","10":"taxable","11":"shipping-taxable","12":"purchasable","13":"product-type-variable"},"_links":{"self":[{"href":"https:\/\/rc-chemlab.net\/pt\/wp-json\/wp\/v2\/product\/1282","targetHints":{"allow":["GET"]}}],"collection":[{"href":"https:\/\/rc-chemlab.net\/pt\/wp-json\/wp\/v2\/product"}],"about":[{"href":"https:\/\/rc-chemlab.net\/pt\/wp-json\/wp\/v2\/types\/product"}],"replies":[{"embeddable":true,"href":"https:\/\/rc-chemlab.net\/pt\/wp-json\/wp\/v2\/comments?post=1282"}],"version-history":[{"count":1,"href":"https:\/\/rc-chemlab.net\/pt\/wp-json\/wp\/v2\/product\/1282\/revisions"}],"predecessor-version":[{"id":10312,"href":"https:\/\/rc-chemlab.net\/pt\/wp-json\/wp\/v2\/product\/1282\/revisions\/10312"}],"wp:featuredmedia":[{"embeddable":true,"href":"https:\/\/rc-chemlab.net\/pt\/wp-json\/wp\/v2\/media\/10311"}],"wp:attachment":[{"href":"https:\/\/rc-chemlab.net\/pt\/wp-json\/wp\/v2\/media?parent=1282"}],"wp:term":[{"taxonomy":"product_brand","embeddable":true,"href":"https:\/\/rc-chemlab.net\/pt\/wp-json\/wp\/v2\/product_brand?post=1282"},{"taxonomy":"product_cat","embeddable":true,"href":"https:\/\/rc-chemlab.net\/pt\/wp-json\/wp\/v2\/product_cat?post=1282"},{"taxonomy":"product_tag","embeddable":true,"href":"https:\/\/rc-chemlab.net\/pt\/wp-json\/wp\/v2\/product_tag?post=1282"}],"curies":[{"name":"wp","href":"https:\/\/api.w.org\/{rel}","templated":true}]}}