{"id":1266,"date":"2023-06-04T09:38:16","date_gmt":"2023-06-04T09:38:16","guid":{"rendered":"https:\/\/rc-chemlab.net\/?post_type=product&#038;p=1266"},"modified":"2024-04-15T00:30:36","modified_gmt":"2024-04-15T00:30:36","slug":"jwh-210-kaufen","status":"publish","type":"product","link":"https:\/\/rc-chemlab.net\/pt\/product\/jwh-210-kaufen\/","title":{"rendered":"JWH 210"},"content":{"rendered":"<h1>Comprar JWH 210<\/h1>\n<p>O JWH 210 \u00e9 um alquilindol canabimim\u00e9tico potente que se liga aos receptores canabin\u00f3ides centrais e perif\u00e9ricos com valores Ki de 0,46 e 0,69 nM, respetivamente.<\/p>\n<p>Para armazenamento a longo prazo, recomendamos que o JWH 210 seja armazenado a -20\u00b0C, tal como fornecido. Dever\u00e1 manter-se est\u00e1vel durante pelo menos dois anos. O JWH 210 \u00e9 fornecido como um s\u00f3lido cristalino. Pode ser preparada uma solu\u00e7\u00e3o de reserva dissolvendo o JWH 210 num solvente \u00e0 escolha. O JWH 210 \u00e9 sol\u00favel em solventes org\u00e2nicos, tais como etanol, DMSO e <a href=\"https:\/\/de.wikipedia.org\/wiki\/Dimethylformamid\">Dimetilformamida<\/a> sol\u00favel, que deve ser lavado com um g\u00e1s inerte.<\/p>\n<p>A solubilidade do JWH 210 nestes solventes \u00e9 de aproximadamente 0,5, 20 e 50 mg\/ml, respetivamente. O JWH 210 \u00e9 apenas ligeiramente sol\u00favel em solu\u00e7\u00f5es aquosas. Por conseguinte, devem ser efectuadas dilui\u00e7\u00f5es adicionais da solu\u00e7\u00e3o de solvente org\u00e2nico em tamp\u00f5es aquosos ou em solu\u00e7\u00e3o salina isot\u00f3nica antes de realizar experi\u00eancias biol\u00f3gicas.<\/p>\n<p>Certificar-se de que a quantidade restante de solvente org\u00e2nico \u00e9 insignificante, uma vez que os solventes org\u00e2nicos em baixas concentra\u00e7\u00f5es podem ter efeitos fisiol\u00f3gicos. Recomendamos que a solu\u00e7\u00e3o aquosa n\u00e3o seja armazenada durante mais de um dia.<\/p>\n<p>Este produto \u00e9 vendido apenas para fins de investiga\u00e7\u00e3o e n\u00e3o deve ser utilizado para qualquer outro fim, incluindo, mas n\u00e3o limitado a, fins de diagn\u00f3stico in vivo, em alimentos, medicamentos, dispositivos m\u00e9dicos e\/ou cosm\u00e9ticos para seres humanos e\/ou animais.<\/p>\n<p>Antes de encomendar, certifique-se de que est\u00e1 devidamente equipado para a investiga\u00e7\u00e3o com produtos qu\u00edmicos e que o seu local de trabalho \u00e9 bem ventilado.<\/p>\n<p>\u00c9 necess\u00e1rio ter pelo menos 21 anos de idade para encomendar este produto.<\/p>\n<p>\u00c9 da responsabilidade do utilizador conhecer e cumprir a legisla\u00e7\u00e3o do seu pa\u00eds\/prov\u00edncia\/regi\u00e3o\/estado\/cidade. N\u00e3o nos responsabilizamos por quaisquer ac\u00e7\u00f5es ou consequ\u00eancias resultantes da sua decis\u00e3o de encomendar. Contactar <a href=\"https:\/\/rc-chemlab.net\/pt\/kontakt\/\">n\u00f3s<\/a> para mais informa\u00e7\u00f5es.<\/p>","protected":false},"excerpt":{"rendered":"<p>JWH 210 kaufen JWH 210 ist ein starkes cannabimimetisches Alkylindol, das an zentrale Cannabinoid- und periphere Cannabinoidrezeptoren mit Ki-Werten von<\/p>","protected":false},"featured_media":10304,"comment_status":"open","ping_status":"closed","template":"","meta":{"_seopress_robots_primary_cat":"none","_seopress_titles_title":"JWH 210 kaufen %%sep%% %%sitetitle%%","_seopress_titles_desc":"JWH 210 kaufen - JWH 210 ist ein potentes cannabimimetisches Alkylindol, das die zentralen Cannabinoid- und peripheren Cannabinoid-Rezeptoren","_seopress_robots_index":""},"product_brand":[],"product_cat":[140],"product_tag":[],"class_list":{"0":"post-1266","1":"product","2":"type-product","3":"status-publish","4":"has-post-thumbnail","6":"product_cat-forschungschemikalien","8":"first","9":"instock","10":"taxable","11":"shipping-taxable","12":"purchasable","13":"product-type-variable"},"_links":{"self":[{"href":"https:\/\/rc-chemlab.net\/pt\/wp-json\/wp\/v2\/product\/1266","targetHints":{"allow":["GET"]}}],"collection":[{"href":"https:\/\/rc-chemlab.net\/pt\/wp-json\/wp\/v2\/product"}],"about":[{"href":"https:\/\/rc-chemlab.net\/pt\/wp-json\/wp\/v2\/types\/product"}],"replies":[{"embeddable":true,"href":"https:\/\/rc-chemlab.net\/pt\/wp-json\/wp\/v2\/comments?post=1266"}],"version-history":[{"count":2,"href":"https:\/\/rc-chemlab.net\/pt\/wp-json\/wp\/v2\/product\/1266\/revisions"}],"predecessor-version":[{"id":10306,"href":"https:\/\/rc-chemlab.net\/pt\/wp-json\/wp\/v2\/product\/1266\/revisions\/10306"}],"wp:featuredmedia":[{"embeddable":true,"href":"https:\/\/rc-chemlab.net\/pt\/wp-json\/wp\/v2\/media\/10304"}],"wp:attachment":[{"href":"https:\/\/rc-chemlab.net\/pt\/wp-json\/wp\/v2\/media?parent=1266"}],"wp:term":[{"taxonomy":"product_brand","embeddable":true,"href":"https:\/\/rc-chemlab.net\/pt\/wp-json\/wp\/v2\/product_brand?post=1266"},{"taxonomy":"product_cat","embeddable":true,"href":"https:\/\/rc-chemlab.net\/pt\/wp-json\/wp\/v2\/product_cat?post=1266"},{"taxonomy":"product_tag","embeddable":true,"href":"https:\/\/rc-chemlab.net\/pt\/wp-json\/wp\/v2\/product_tag?post=1266"}],"curies":[{"name":"wp","href":"https:\/\/api.w.org\/{rel}","templated":true}]}}