{"id":1258,"date":"2023-06-04T05:23:28","date_gmt":"2023-06-04T05:23:28","guid":{"rendered":"https:\/\/rc-chemlab.net\/?post_type=product&#038;p=1258"},"modified":"2024-04-15T00:26:28","modified_gmt":"2024-04-15T00:26:28","slug":"diclazepam-kaufen","status":"publish","type":"product","link":"https:\/\/rc-chemlab.net\/pt\/product\/diclazepam-kaufen\/","title":{"rendered":"Diclazepam em p\u00f3"},"content":{"rendered":"<h1>Comprar Diclazepam<\/h1>\n<h2>O que \u00e9 o diclazepam?<\/h2>\n<p>O diclazepam \u00e9 tamb\u00e9m conhecido como clordiazepam. Este produto qu\u00edmico de investiga\u00e7\u00e3o pertence \u00e0 classe das benzodiazepinas. O diclazepam foi sintetizado pela primeira vez na d\u00e9cada de 1960. Muitos investigadores est\u00e3o a fazer experi\u00eancias com este produto qu\u00edmico para encontrar o <a href=\"https:\/\/www.drugcom.de\/drogenlexikon\/buchstabe-b\/benzodiazepine\/\">Benzodiazepinas<\/a> resultados t\u00edpicos. As experi\u00eancias com diclazepam resultam geralmente em relaxamento muscular, seda\u00e7\u00e3o, desinibi\u00e7\u00e3o, supress\u00e3o da ansiedade, retardamento do pensamento, supress\u00e3o da an\u00e1lise, potencia\u00e7\u00e3o dos sonhos e sonol\u00eancia residual. Os investigadores devem estar cientes da sonol\u00eancia antes de efectuarem experi\u00eancias com diclazepam nos seus laborat\u00f3rios.<\/p>\n<h2>Como se pode comprar Diclazepam?<\/h2>\n<p>Aqui na Chemical Planet oferecemos diclazepam de alta qualidade. O nosso diclazepam \u00e9 normalmente fornecido na forma de p\u00f3. No entanto, se preferir uma forma diferente, pode contactar-nos para ver quando a temos dispon\u00edvel.<\/p>\n<p>Se quiser comprar Chemical Planet Diclazepam, deve ter pelo menos 18 anos de idade. Voc\u00ea tamb\u00e9m deve cumprir integralmente as leis de seu pa\u00eds. Nosso diclazepam n\u00e3o se destina ao uso interno em animais ou humanos. Destina-se apenas a fins de pesquisa.<\/p>\n<h2>Legalidade do diclazepam<\/h2>\n<p>O diclazepam \u00e9 ilegal na Alemanha. No Reino Unido, \u00e9 uma droga da classe C. \u00c9 legal nos Estados Unidos. No Canad\u00e1, \u00e9 uma subst\u00e2ncia da lista IV.<\/p>\n<p>Conservar sempre num local fresco e seco para garantir o m\u00e1ximo prazo de validade. Este produto destina-se apenas a utiliza\u00e7\u00e3o forense e cient\u00edfica. Por conseguinte, N\u00c3O se destina ao consumo humano ou a testes in vivo de qualquer tipo em animais ou organismos vivos. Por favor contacte <a href=\"https:\/\/rc-chemlab.net\/pt\/kontakt\/\">n\u00f3s<\/a> para mais informa\u00e7\u00f5es.<\/p>","protected":false},"excerpt":{"rendered":"<p>Diclazepam kaufen Was ist Diclazepam? Diclazepam ist auch als Chlordiazepam bekannt. Diese Forschungschemikalie f\u00e4llt unter die Klasse der Benzodiazepine. Diclazepam<\/p>","protected":false},"featured_media":10302,"comment_status":"open","ping_status":"closed","template":"","meta":{"_seopress_robots_primary_cat":"none","_seopress_titles_title":"Diclazepam Kaufen %%sep%% %%sitetitle%%","_seopress_titles_desc":"Diclazepam Kaufen - Diclazepam ist auch als Chlordiazepam bekannt. Diese Forschungschemikalie f\u00e4llt unter die Klasse der Benzodiazepine.","_seopress_robots_index":""},"product_brand":[],"product_cat":[140],"product_tag":[],"class_list":{"0":"post-1258","1":"product","2":"type-product","3":"status-publish","4":"has-post-thumbnail","6":"product_cat-forschungschemikalien","8":"first","9":"instock","10":"taxable","11":"shipping-taxable","12":"purchasable","13":"product-type-variable"},"_links":{"self":[{"href":"https:\/\/rc-chemlab.net\/pt\/wp-json\/wp\/v2\/product\/1258","targetHints":{"allow":["GET"]}}],"collection":[{"href":"https:\/\/rc-chemlab.net\/pt\/wp-json\/wp\/v2\/product"}],"about":[{"href":"https:\/\/rc-chemlab.net\/pt\/wp-json\/wp\/v2\/types\/product"}],"replies":[{"embeddable":true,"href":"https:\/\/rc-chemlab.net\/pt\/wp-json\/wp\/v2\/comments?post=1258"}],"version-history":[{"count":2,"href":"https:\/\/rc-chemlab.net\/pt\/wp-json\/wp\/v2\/product\/1258\/revisions"}],"predecessor-version":[{"id":10301,"href":"https:\/\/rc-chemlab.net\/pt\/wp-json\/wp\/v2\/product\/1258\/revisions\/10301"}],"wp:featuredmedia":[{"embeddable":true,"href":"https:\/\/rc-chemlab.net\/pt\/wp-json\/wp\/v2\/media\/10302"}],"wp:attachment":[{"href":"https:\/\/rc-chemlab.net\/pt\/wp-json\/wp\/v2\/media?parent=1258"}],"wp:term":[{"taxonomy":"product_brand","embeddable":true,"href":"https:\/\/rc-chemlab.net\/pt\/wp-json\/wp\/v2\/product_brand?post=1258"},{"taxonomy":"product_cat","embeddable":true,"href":"https:\/\/rc-chemlab.net\/pt\/wp-json\/wp\/v2\/product_cat?post=1258"},{"taxonomy":"product_tag","embeddable":true,"href":"https:\/\/rc-chemlab.net\/pt\/wp-json\/wp\/v2\/product_tag?post=1258"}],"curies":[{"name":"wp","href":"https:\/\/api.w.org\/{rel}","templated":true}]}}