{"id":9597,"date":"2023-06-21T22:20:25","date_gmt":"2023-06-21T22:20:25","guid":{"rendered":"https:\/\/rc-chemlab.net\/?page_id=9597"},"modified":"2023-06-21T22:20:25","modified_gmt":"2023-06-21T22:20:25","slug":"zahlung-und-lieferung","status":"publish","type":"page","link":"https:\/\/rc-chemlab.net\/pt\/zahlung-und-lieferung\/","title":{"rendered":"Pagamento e entrega"},"content":{"rendered":"<h2>entrega<\/h2>\n<p>Todos os nossos produtos s\u00e3o enviados em sacos inodoros\/envelopes simples\/caixas. A encomenda \u00e9 selada duas vezes com sacos inodoros resistentes e depois selada com fita adesiva para garantir que n\u00e3o \u00e9 detectado qualquer odor. Embora as encomendas sejam expedidas no mesmo dia se forem recebidas antes das 17h00, podem ocorrer atrasos, uma vez que o processo de entrega depende do prestador de servi\u00e7os e est\u00e1 fora do nosso controlo. Se um artigo n\u00e3o chegar como esperado, <a href=\"https:\/\/rc-chemlab.net\/pt\/kontakt\/\">envie-nos uma mensagem de correio eletr\u00f3nico<\/a> e n\u00f3s investigaremos e acompanharemos o envio para si.<\/p>\n<blockquote><p><strong>Declara\u00e7\u00e3o de exonera\u00e7\u00e3o de responsabilidade<\/strong><\/p>\n<p>Embora 99% das nossas encomendas sejam entregues, existe uma pequena possibilidade de serem perdidas\/roubadas durante o envio. Se for este o caso e n\u00e3o tiver recebido o seu produto no prazo de 14 dias, contacte-nos e tentaremos resolver o problema.<\/p><\/blockquote>\n<h2>Pagamento<\/h2>\n<p>Devido \u00e0 natureza do produto, n\u00e3o podemos atualmente processar pagamentos por cart\u00e3o de d\u00e9bito ou cr\u00e9dito. Atualmente, os pagamentos podem ser feitos com criptomoedas ou por transfer\u00eancia banc\u00e1ria SEPA.<\/p>\n<p>Para pagar com criptomoedas, ter\u00e1 de criar uma carteira Bitcoin e efetuar uma transfer\u00eancia para o nosso endere\u00e7o de carteira, que ver\u00e1 no momento do checkout. Este m\u00e9todo \u00e9 manual e a sua encomenda ser\u00e1 processada assim que tivermos verificado a transa\u00e7\u00e3o. <a href=\"https:\/\/btcdirect.eu\/de-at\">Comprar Bitcoin online<\/a>.<\/p>","protected":false},"excerpt":{"rendered":"<p>Lieferung Alle unsere Produkte werden in geruchsneutralen Beuteln\/einfachen Umschl\u00e4gen\/Kartons verschickt. Das Paket wird zweimal mit strapazierf\u00e4higen, geruchsfreien Beuteln versiegelt und<\/p>","protected":false},"author":1,"featured_media":0,"parent":0,"menu_order":0,"comment_status":"closed","ping_status":"closed","template":"","meta":{"_seopress_robots_primary_cat":"","_seopress_titles_title":"","_seopress_titles_desc":"","_seopress_robots_index":"","footnotes":""},"class_list":["post-9597","page","type-page","status-publish","hentry"],"_links":{"self":[{"href":"https:\/\/rc-chemlab.net\/pt\/wp-json\/wp\/v2\/pages\/9597","targetHints":{"allow":["GET"]}}],"collection":[{"href":"https:\/\/rc-chemlab.net\/pt\/wp-json\/wp\/v2\/pages"}],"about":[{"href":"https:\/\/rc-chemlab.net\/pt\/wp-json\/wp\/v2\/types\/page"}],"author":[{"embeddable":true,"href":"https:\/\/rc-chemlab.net\/pt\/wp-json\/wp\/v2\/users\/1"}],"replies":[{"embeddable":true,"href":"https:\/\/rc-chemlab.net\/pt\/wp-json\/wp\/v2\/comments?post=9597"}],"version-history":[{"count":1,"href":"https:\/\/rc-chemlab.net\/pt\/wp-json\/wp\/v2\/pages\/9597\/revisions"}],"predecessor-version":[{"id":9599,"href":"https:\/\/rc-chemlab.net\/pt\/wp-json\/wp\/v2\/pages\/9597\/revisions\/9599"}],"wp:attachment":[{"href":"https:\/\/rc-chemlab.net\/pt\/wp-json\/wp\/v2\/media?parent=9597"}],"curies":[{"name":"wp","href":"https:\/\/api.w.org\/{rel}","templated":true}]}}