{"id":9829,"date":"2023-08-26T00:15:45","date_gmt":"2023-08-26T00:15:45","guid":{"rendered":"https:\/\/rc-chemlab.net\/?post_type=product&#038;p=9829"},"modified":"2024-04-15T00:06:53","modified_gmt":"2024-04-15T00:06:53","slug":"5f-adb-kaufen","status":"publish","type":"product","link":"https:\/\/rc-chemlab.net\/pl\/product\/5f-adb-kaufen\/","title":{"rendered":"5F ADB"},"content":{"rendered":"<h1>Kup 5f-adb<\/h1>\n<p>Zam\u00f3w 5f-adb online. (znany r\u00f3wnie\u017c jako 5F-MDMB-PINACA lub 5F-ADB-PINACA) to zmodyfikowany kannabinoid z rodziny indazolo-3-karboksyamid\u00f3w stosowany jako utrwalacz roboczy w produktach z konopi indyjskich. By\u0142 on r\u00f3wnie\u017c sprzedawany online jako oryginalny preparat. Jest skutecznym agonist\u0105 receptora CB1, ale nie jest jasne, czy jest w stanie osi\u0105gn\u0105\u0107 ten cel. W listopadzie 2014 roku zosta\u0142a ona po raz pierwszy uhonorowana po\u015bmiertnymi pr\u00f3bkami pobranymi od osoby, kt\u00f3ra zmar\u0142a po u\u017cyciu przedmiotu zawieraj\u0105cego t\u0119 substancj\u0119. Wyniki test\u00f3w potwierdzi\u0142y, \u017ce przedmiot ten zosta\u0142 u\u017cyty \u0142\u0105cznie u dziesi\u0119ciu os\u00f3b w Japonii w okresie od wrze\u015bnia 2014 r. do grudnia 2014 r. w przypadku niewyja\u015bnionego przedawkowania narkotyk\u00f3w.<\/p>\n<p>W zale\u017cno\u015bci od niskich st\u0119\u017ce\u0144 stwierdzonych w testach tkankowych, uwa\u017ca si\u0119, \u017ce jest on niezwykle silny i wydaje si\u0119 by\u0107 znacznie bardziej toksyczny ni\u017c wcze\u015bniej produkowane narkotyki kannabinoidowe, kt\u00f3re by\u0142y ostatnio sprzedawane.<\/p>\n<p>W 2018 roku by\u0142 to najcz\u0119\u015bciej u\u017cywany produkt kannabinoidowy, kt\u00f3ry przyci\u0105gn\u0105\u0142 najwi\u0119cej uwagi w kryzysach Drug Enforcement Administration. 5F-ADB zosta\u0142 r\u00f3wnie\u017c rozpoznany w produktach z kannabidiolem (CBD) od ameryka\u0144skiego producenta w 2018 roku.<\/p>\n<h2>Czym s\u0105 kannabinoidy?<\/h2>\n<p>S\u0142owo \"kannabinoid\" odnosi si\u0119 do ka\u017cdej substancji wytworzonej przez cz\u0142owieka, kt\u00f3ra wi\u0105\u017ce si\u0119 z receptorami kannabinoidowymi cia\u0142a i umys\u0142u i ma taki sam efekt jak te przekazywane przez ro\u015blin\u0119 cannabis sativa. Trzy rodzaje kannabinoid\u00f3w, kt\u00f3rych u\u017cywaj\u0105 ludzie, s\u0105 relaksuj\u0105ce, pomocne i rozwini\u0119te.<\/p>\n<p>Wed\u0142ug bada\u0144, konopie indyjskie zawieraj\u0105 od 80 do 100 kannabinoid\u00f3w i oko\u0142o 300 substancji niekannabinoidowych. Delta-9-tetrahydrokannabinol lub THC i kannabidiol lub CBD to dwa g\u0142\u00f3wne kannabinoidy. Delta-9-tetrahydrokannabinol (THC), substancja wzmacniaj\u0105ca psychoaktywne dzia\u0142anie konopi indyjskich, jest bardziej powszechnym z nich.<\/p>\n<p>G\u0142\u00f3wne r\u00f3\u017cnice mi\u0119dzy tymi dwoma kannabinoidami polegaj\u0105 na tym, \u017ce THC ma silne dzia\u0142anie psychoaktywne, co oznacza, \u017ce powoduje \"haj\", podczas gdy CBD kontroluje lub zachowuje psychoaktywne dzia\u0142anie THC. Uwa\u017ca si\u0119, \u017ce CBD zmniejsza niekt\u00f3re z innych negatywnych skutk\u00f3w, kt\u00f3re ludzie znaj\u0105 z THC, takich jak niepok\u00f3j.<\/p>\n<h2>Negatywne skutki<\/h2>\n<p>Szkodliwo\u015b\u0107 i d\u0142ugoterminowe skutki rekreacyjnego stosowania 5F-AKB48 na dobre samopoczucie nie wydaj\u0105 si\u0119 by\u0107 skoncentrowane w \u017cadnym logicznym kontek\u015bcie i nie ma konkretnego pomiaru substancji toksycznej. Fakt, \u017ce 5F-AKB48 nie ma prawie \u017cadnego do\u015bwiadczenia w stosowaniu przez ludzi, motywuje to. Dowody od os\u00f3b, kt\u00f3re wypr\u00f3bowa\u0142y 5F-AKB48 w sieci sugeruj\u0105, \u017ce nie ma negatywnego wp\u0142ywu na samopoczucie (jednak nic nie mo\u017ce by\u0107 ca\u0142kowicie pewne). Przypadkowe badania wykaza\u0142y, \u017ce przedawkowanie w dawkach znacznie ni\u017cszych ni\u017c ryzykowne powoduje dyskomfort fizyczny, taki jak ko\u0142atanie serca, zawroty g\u0142owy i uspokojenie, zwykle powoduj\u0105c, \u017ce pacjent znosi du\u017ce napi\u0119cie lub zasypia.<\/p>\n<p>Poniewa\u017c substancje te wyra\u017anie podnosz\u0105 aktualny stan m\u00f3zgu i stan emocjonalny, cz\u0119sto sugeruje si\u0119, \u017ce osoby z wcze\u015bniejszymi powa\u017cnymi zaburzeniami nastroju nie powinny u\u017cywa\u0107 tych substancji. Podobnie jak w przypadku THC, d\u0142ugotrwa\u0142e stosowanie wytworzonych kannabinoid\u00f3w, takich jak 5F-AKB48, mo\u017ce wyd\u0142u\u017cy\u0107 pojawienie si\u0119 dysfunkcyjnych zachowa\u0144 i psychozy, szczeg\u00f3lnie u wra\u017cliwych os\u00f3b z czynnikami ryzyka manii (takimi jak wcze\u015bniejsze lub rodzinne t\u0142o schizofrenii).<\/p>\n<p>Konieczne jest podj\u0119cie odpowiednich \u015brodk\u00f3w podczas dawkowania, aby zachowa\u0107 strategiczny dystans od negatywnego spotkania, poniewa\u017c kannabinoidy s\u0105 dynamiczne w zakresie miligram\u00f3w (z typow\u0105 porcj\u0105 mniejsz\u0105 ni\u017c 5 mg).<\/p>\n<p>Zdecydowanie zaleca si\u0119 przeprowadzanie test\u00f3w b\u00f3lu podczas stosowania tego leku.<\/p>\n<h2>5F-ADB - Odporno\u015b\u0107 i potencja\u0142 uzale\u017cnienia<\/h2>\n<p>Podobnie jak w przypadku innych manipulowanych kannabinoid\u00f3w, d\u0142ugotrwa\u0142e stosowanie 5F-AKB48 jest tolerowanym uzale\u017cnieniem o wysokim potencjale nadu\u017cywania, kt\u00f3re mo\u017ce prowadzi\u0107 do uzale\u017cnienia psychicznego u niekt\u00f3rych pacjent\u00f3w. Je\u015bli dana osoba nagle przestanie, mog\u0105 wyst\u0105pi\u0107 pragnienia i skutki odstawienia, a\u017c do wyst\u0105pienia zniewolenia.<\/p>\n<p>Przy d\u0142u\u017cszym i zmodyfikowanym u\u017cytkowaniu 5F-AKB48 staje si\u0119 odporny na znaczne wstrz\u0105sy. Dlatego klienci zawsze obserwuj\u0105 wi\u0119ksze porcje, aby osi\u0105gn\u0105\u0107 podobne wyniki. Od tego momentu potrzeba oko\u0142o 3 do 7 dni, aby zmniejszy\u0107 odporno\u015b\u0107 o po\u0142ow\u0119 i od 1 do 14 dni, aby powr\u00f3ci\u0107 do normy (bez dodatkowego u\u017cycia). 5F-AKB48 nadaje odporno\u015b\u0107 krzy\u017cow\u0105 wszystkim kannabinoidom, co oznacza, \u017ce po u\u017cyciu 5F-AKB48 wszystkie kannabinoidy b\u0119d\u0105 mia\u0142y zmniejszony efekt.<\/p>\n<p>Kliknij tutaj, aby dowiedzie\u0107 si\u0119 wi\u0119cej o naszych artyku\u0142ach.<\/p>","protected":false},"excerpt":{"rendered":"<p>5f-adb kaufen Bestellen Sie 5f-adb online. (auch bekannt als 5F-MDMB-PINACA oder 5F-ADB-PINACA) ist ein technisch hergestelltes Cannabinoid der Indazol-3-carboxamid-Familie, das<\/p>","protected":false},"featured_media":10285,"comment_status":"open","ping_status":"closed","template":"","meta":{"_seopress_robots_primary_cat":"none","_seopress_titles_title":"5f-adb kaufen %%sep%% %%sitetitle%%","_seopress_titles_desc":"5f-adb kaufen - Bestellen Sie 5f-adb online. (auch bekannt als 5F-MDMB-PINACA oder 5F-ADB-PINACA) ist ein technisch hergestelltes","_seopress_robots_index":""},"product_brand":[],"product_cat":[140],"product_tag":[],"class_list":{"0":"post-9829","1":"product","2":"type-product","3":"status-publish","4":"has-post-thumbnail","6":"product_cat-forschungschemikalien","8":"first","9":"instock","10":"taxable","11":"shipping-taxable","12":"purchasable","13":"product-type-variable"},"_links":{"self":[{"href":"https:\/\/rc-chemlab.net\/pl\/wp-json\/wp\/v2\/product\/9829","targetHints":{"allow":["GET"]}}],"collection":[{"href":"https:\/\/rc-chemlab.net\/pl\/wp-json\/wp\/v2\/product"}],"about":[{"href":"https:\/\/rc-chemlab.net\/pl\/wp-json\/wp\/v2\/types\/product"}],"replies":[{"embeddable":true,"href":"https:\/\/rc-chemlab.net\/pl\/wp-json\/wp\/v2\/comments?post=9829"}],"version-history":[{"count":3,"href":"https:\/\/rc-chemlab.net\/pl\/wp-json\/wp\/v2\/product\/9829\/revisions"}],"predecessor-version":[{"id":10286,"href":"https:\/\/rc-chemlab.net\/pl\/wp-json\/wp\/v2\/product\/9829\/revisions\/10286"}],"wp:featuredmedia":[{"embeddable":true,"href":"https:\/\/rc-chemlab.net\/pl\/wp-json\/wp\/v2\/media\/10285"}],"wp:attachment":[{"href":"https:\/\/rc-chemlab.net\/pl\/wp-json\/wp\/v2\/media?parent=9829"}],"wp:term":[{"taxonomy":"product_brand","embeddable":true,"href":"https:\/\/rc-chemlab.net\/pl\/wp-json\/wp\/v2\/product_brand?post=9829"},{"taxonomy":"product_cat","embeddable":true,"href":"https:\/\/rc-chemlab.net\/pl\/wp-json\/wp\/v2\/product_cat?post=9829"},{"taxonomy":"product_tag","embeddable":true,"href":"https:\/\/rc-chemlab.net\/pl\/wp-json\/wp\/v2\/product_tag?post=9829"}],"curies":[{"name":"wp","href":"https:\/\/api.w.org\/{rel}","templated":true}]}}