{"id":9587,"date":"2023-06-11T15:10:31","date_gmt":"2023-06-11T15:10:31","guid":{"rendered":"https:\/\/rc-chemlab.net\/?post_type=product&#038;p=9587"},"modified":"2024-04-16T02:28:24","modified_gmt":"2024-04-16T02:28:24","slug":"1cp-lsd-kaufen","status":"publish","type":"product","link":"https:\/\/rc-chemlab.net\/pl\/product\/1cp-lsd-kaufen\/","title":{"rendered":"1cP-LSD 100MCG"},"content":{"rendered":"<h1><span class=\"___SText_mzmpq-ko_\" data-ui-name=\"Link.Text\">Kup 1cP LSD<\/span><\/h1>\n<h2>W\u0142a\u015bciwo\u015bci 1cP-LSD<\/h2>\n<p>Synonim: <a href=\"https:\/\/en.wikipedia.org\/wiki\/N1-Methyl-lysergic_acid_diethylamide\">dietyloamid kwasu N1-(cyklopropylometanoilo)-lizergowego<\/a><br \/>\nNumer CAS: nie dotyczy<br \/>\nWz\u00f3r: C24H29N3O2 - HCL<br \/>\nMasa cz\u0105steczkowa: 391,515 g\/mol<br \/>\nCzysto\u015b\u0107: ?98%<\/p>\n<h2>Ostrze\u017cenia o zagro\u017ceniach<\/h2>\n<p>1cP-LSD mo\u017ce powodowa\u0107 podra\u017cnienie dr\u00f3g oddechowych<br \/>\n1cP-LSD mo\u017ce powodowa\u0107 podra\u017cnienie oczu<br \/>\nUwalnianie RC do \u015brodowiska jest zabronione.<\/p>\n<p>1cP-LSD W PRZYPADKU DOSTANIA SI\u0118 DO OCZU: Dok\u0142adnie p\u0142uka\u0107 oczy wod\u0105 przez pi\u0119\u0107 minut. Je\u015bli to mo\u017cliwe, usun\u0105\u0107 soczewki kontaktowe.<\/p>\n<p>1cP-LSD W PRZYPADKU KONTAKTU ZE SK\u00d3R\u0104: Umy\u0107 sk\u00f3r\u0119 wod\u0105 z myd\u0142em.<\/p>\n<p>PO WDYCHANIU 1cP-LSD: Wyprowadzi\u0107 poszkodowanego na \u015bwie\u017ce powietrze i u\u0142o\u017cy\u0107 w pozycji umo\u017cliwiaj\u0105cej swobodne oddychanie.<\/p>\n<p>PRODUKTY TE S\u0141U\u017b\u0104 WY\u0141\u0104CZNIE DO CEL\u00d3W BADAWCZYCH I NIE S\u0104 PRZEZNACZONE DO SPO\u017bYCIA PRZEZ LUDZI! W celu uzyskania dalszych informacji prosimy o kontakt <a href=\"https:\/\/rc-chemlab.net\/pl\/kontakt\/\">Kontakt z nami<\/a> na.<\/p>","protected":false},"excerpt":{"rendered":"<p>1cP LSD kaufen 1cP-LSD Eigenschaften Synonym: N1-(Cyclopropylmethanoyl)-Lysergs\u00e4urediethylamid CAS-Nummer: entf\u00e4llt Formel: C24H29N3O2 &#8211; HCL Molekulare Masse: 391,515 g\/mol Reinheit: ?98% Gefahrenhinweise<\/p>","protected":false},"featured_media":10376,"comment_status":"open","ping_status":"closed","template":"","meta":{"_seopress_robots_primary_cat":"none","_seopress_titles_title":"1cP LSD kaufen %%sep%% %%sitetitle%%","_seopress_titles_desc":"1cP LSD kaufen - 1cP-LSD BEI KONTAKT MIT DEN AUGEN: Die Augen f\u00fcnf Minuten lang sorgf\u00e4ltig mit Wasser aussp\u00fclen. Kontaktlinsen nach M\u00f6glichkeit herausnehmen.","_seopress_robots_index":""},"product_brand":[],"product_cat":[141],"product_tag":[],"class_list":{"0":"post-9587","1":"product","2":"type-product","3":"status-publish","4":"has-post-thumbnail","6":"product_cat-blotter-kaufen","8":"first","9":"instock","10":"taxable","11":"shipping-taxable","12":"purchasable","13":"product-type-variable"},"_links":{"self":[{"href":"https:\/\/rc-chemlab.net\/pl\/wp-json\/wp\/v2\/product\/9587","targetHints":{"allow":["GET"]}}],"collection":[{"href":"https:\/\/rc-chemlab.net\/pl\/wp-json\/wp\/v2\/product"}],"about":[{"href":"https:\/\/rc-chemlab.net\/pl\/wp-json\/wp\/v2\/types\/product"}],"replies":[{"embeddable":true,"href":"https:\/\/rc-chemlab.net\/pl\/wp-json\/wp\/v2\/comments?post=9587"}],"version-history":[{"count":1,"href":"https:\/\/rc-chemlab.net\/pl\/wp-json\/wp\/v2\/product\/9587\/revisions"}],"predecessor-version":[{"id":9593,"href":"https:\/\/rc-chemlab.net\/pl\/wp-json\/wp\/v2\/product\/9587\/revisions\/9593"}],"wp:featuredmedia":[{"embeddable":true,"href":"https:\/\/rc-chemlab.net\/pl\/wp-json\/wp\/v2\/media\/10376"}],"wp:attachment":[{"href":"https:\/\/rc-chemlab.net\/pl\/wp-json\/wp\/v2\/media?parent=9587"}],"wp:term":[{"taxonomy":"product_brand","embeddable":true,"href":"https:\/\/rc-chemlab.net\/pl\/wp-json\/wp\/v2\/product_brand?post=9587"},{"taxonomy":"product_cat","embeddable":true,"href":"https:\/\/rc-chemlab.net\/pl\/wp-json\/wp\/v2\/product_cat?post=9587"},{"taxonomy":"product_tag","embeddable":true,"href":"https:\/\/rc-chemlab.net\/pl\/wp-json\/wp\/v2\/product_tag?post=9587"}],"curies":[{"name":"wp","href":"https:\/\/api.w.org\/{rel}","templated":true}]}}