{"id":9580,"date":"2023-06-11T14:47:31","date_gmt":"2023-06-11T14:47:31","guid":{"rendered":"https:\/\/rc-chemlab.net\/?post_type=product&#038;p=9580"},"modified":"2024-04-16T02:20:45","modified_gmt":"2024-04-16T02:20:45","slug":"1b-lsd-kaufen","status":"publish","type":"product","link":"https:\/\/rc-chemlab.net\/pl\/product\/1b-lsd-kaufen\/","title":{"rendered":"1B-LSD 100MCG"},"content":{"rendered":"<h1>Kup 1B LSD<\/h1>\n<h2>W\u0142a\u015bciwo\u015bci 1B-LSD<\/h2>\n<p>Synonim: <a href=\"https:\/\/www.researchgate.net\/figure\/Effects-of-AL-LAD-A-and-LSZ-B-on-the-head-twitch-response-Data-are-presented-as_fig1_303820411\">Dietyloamid kwasu n1-butyrylo-lizergowego<\/a><br \/>\nNumer CAS: 2349376-12-9<br \/>\nWz\u00f3r: C24H31N3O2 - HCL<br \/>\nMasa: 393,531 g\/mol<br \/>\nCzysto\u015b\u0107: ?98%<\/p>\n<p>Ostrze\u017cenia o zagro\u017ceniach<\/p>\n<p>1B-LSD mo\u017ce powodowa\u0107 podra\u017cnienie dr\u00f3g oddechowych<br \/>\n1B-LSD mo\u017ce powodowa\u0107 podra\u017cnienie oczu<br \/>\nUwalnianie RC do \u015brodowiska jest zabronione.<\/p>\n<p>1B-LSD W PRZYPADKU DOSTANIA SI\u0118 DO OCZU: Dok\u0142adnie p\u0142uka\u0107 oczy wod\u0105 przez pi\u0119\u0107 minut. Je\u015bli to mo\u017cliwe, usun\u0105\u0107 soczewki kontaktowe.<\/p>\n<p>1B-LSD W PRZYPADKU KONTAKTU ZE SK\u00d3R\u0104: Umy\u0107 sk\u00f3r\u0119 wod\u0105 z myd\u0142em.<\/p>\n<p>PO WDYCHANIU 1B-LSD: Wyprowadzi\u0107 poszkodowanego na \u015bwie\u017ce powietrze i pozostawi\u0107 w pozycji u\u0142atwiaj\u0105cej oddychanie.<\/p>\n<p>PRODUKTY TE S\u0141U\u017b\u0104 WY\u0141\u0104CZNIE DO CEL\u00d3W BADAWCZYCH I NIE S\u0104 PRZEZNACZONE DO SPO\u017bYCIA PRZEZ LUDZI! W celu uzyskania dalszych informacji prosimy o kontakt <a href=\"https:\/\/rc-chemlab.net\/pl\/kontakt\/\">Kontakt z nami<\/a> na.<\/p>\n<p>&nbsp;<\/p>","protected":false},"excerpt":{"rendered":"<p>1B LSD kaufen 1B-LSD Eigenschaften Synonym: N1-Butyryl-Lysergs\u00e4urediethylamid CAS-Nummer: 2349376-12-9 Formel: C24H31N3O2 &#8211; HCL Masse: 393,531 g\/mol Reinheit: ?98% Gefahrenhinweise 1B-LSD<\/p>","protected":false},"featured_media":10368,"comment_status":"open","ping_status":"closed","template":"","meta":{"_seopress_robots_primary_cat":"none","_seopress_titles_title":"1B LSD kaufen %%sep%% %%sitetitle%%","_seopress_titles_desc":"1B LSD kaufen - Die Augen f\u00fcnf Minuten lang sorgf\u00e4ltig mit Wasser aussp\u00fclen. Kontaktlinsen nach M\u00f6glichkeit herausnehmen.","_seopress_robots_index":""},"product_brand":[],"product_cat":[141],"product_tag":[],"class_list":{"0":"post-9580","1":"product","2":"type-product","3":"status-publish","4":"has-post-thumbnail","6":"product_cat-blotter-kaufen","8":"first","9":"instock","10":"taxable","11":"shipping-taxable","12":"purchasable","13":"product-type-variable"},"_links":{"self":[{"href":"https:\/\/rc-chemlab.net\/pl\/wp-json\/wp\/v2\/product\/9580","targetHints":{"allow":["GET"]}}],"collection":[{"href":"https:\/\/rc-chemlab.net\/pl\/wp-json\/wp\/v2\/product"}],"about":[{"href":"https:\/\/rc-chemlab.net\/pl\/wp-json\/wp\/v2\/types\/product"}],"replies":[{"embeddable":true,"href":"https:\/\/rc-chemlab.net\/pl\/wp-json\/wp\/v2\/comments?post=9580"}],"version-history":[{"count":1,"href":"https:\/\/rc-chemlab.net\/pl\/wp-json\/wp\/v2\/product\/9580\/revisions"}],"predecessor-version":[{"id":9586,"href":"https:\/\/rc-chemlab.net\/pl\/wp-json\/wp\/v2\/product\/9580\/revisions\/9586"}],"wp:featuredmedia":[{"embeddable":true,"href":"https:\/\/rc-chemlab.net\/pl\/wp-json\/wp\/v2\/media\/10368"}],"wp:attachment":[{"href":"https:\/\/rc-chemlab.net\/pl\/wp-json\/wp\/v2\/media?parent=9580"}],"wp:term":[{"taxonomy":"product_brand","embeddable":true,"href":"https:\/\/rc-chemlab.net\/pl\/wp-json\/wp\/v2\/product_brand?post=9580"},{"taxonomy":"product_cat","embeddable":true,"href":"https:\/\/rc-chemlab.net\/pl\/wp-json\/wp\/v2\/product_cat?post=9580"},{"taxonomy":"product_tag","embeddable":true,"href":"https:\/\/rc-chemlab.net\/pl\/wp-json\/wp\/v2\/product_tag?post=9580"}],"curies":[{"name":"wp","href":"https:\/\/api.w.org\/{rel}","templated":true}]}}