{"id":68,"date":"2020-03-13T10:27:32","date_gmt":"2020-03-13T10:27:32","guid":{"rendered":"https:\/\/demo.creativethemes.com\/blocksy\/modern-shop\/?post_type=product&#038;p=68"},"modified":"2024-04-11T16:32:23","modified_gmt":"2024-04-11T16:32:23","slug":"2-methyl-ap-237-hcl","status":"publish","type":"product","link":"https:\/\/rc-chemlab.net\/pl\/product\/2-methyl-ap-237-hcl\/","title":{"rendered":"2-METYLO-AP-237-HCL"},"content":{"rendered":"<h1>2-METYLO-AP-237-HCL<\/h1>\n<p>Gdzie mog\u0119 kupi\u0107 2-METHYL-AP-237-HCL? Chemlab oferuje najlepsze innowacyjne leki. 2methyl-ap-237.hcl to skr\u00f3t od <a href=\"https:\/\/en.wikipedia.org\/wiki\/2-Fluoromethamphetamine\">2-fluorometamfetamina<\/a>.<\/p>\n<p>Produkt jest u\u017cywany jako dopalacz od 2014 roku. Nigdy wi\u0119cej nie p\u0142a\u0107 za du\u017co za dopalacze. Nie mo\u017cemy zagwarantowa\u0107 najlepszej ceny, poniewa\u017c nie mamy dost\u0119pu do fabrykant\u00f3w.<\/p>\n<p>Wysokiej jako\u015bci 2-METHYL-AP-237-HCL. Zachowaj ostro\u017cno\u015b\u0107 przy zakupie markowych narkotyk\u00f3w online; istnieje wiele sklep\u00f3w internetowych, kt\u00f3re sprzedaj\u0105 podrobione lub z\u0142e markowe narkotyki.<\/p>\n<p>Je weet zeker dat de producten die je in Chemlab koopt van de hoogste kwaliteit zijn. Ka\u017cdy designerski lek, kt\u00f3ry zam\u00f3wisz w Chemlab Team, zostanie bezpiecznie i dyskretnie dostarczony do Twojego domu!<\/p>\n<p>2-METHYL-AP-237-HCL, testowany w laboratorium<br \/>\nJe wilt er zeker van zijn dat de producten van hoge kwaliteit zijn als je op zoek bent nach designerdrogen. Wszystkie nasze kreatywne leki s\u0105 dost\u0119pne w r\u00f3\u017cnych kolorach i rozmiarach. Wszystkie opracowywane przez nas leki s\u0105 najwy\u017cszej jako\u015bci i s\u0105 stale testowane w laboratorium.<\/p>\n<p>Zam\u00f3w dyskretne dopalacze: Dopalacze mo\u017cna teraz legalnie kupi\u0107 online!<\/p>\n<p>Het is van cruciaal belang om de juiste bron te gebruiken wanneer u designerdrogen kauft. W rezultacie istnieje wiele stron internetowych, kt\u00f3re nie s\u0105 wiarygodne i mog\u0105 wysy\u0142a\u0107 niebezpieczne towary.<\/p>\n<p>Dlatego zalecamy zamawianie innowacyjnych lek\u00f3w od zespo\u0142u Chemlab.<\/p>\n<p>Firma Chemlab posiada du\u017ce do\u015bwiadczenie w bran\u017cy i od d\u0142u\u017cszego czasu jest liderem na rynku innowacyjnych lek\u00f3w designerskich. Prosimy o kontakt w celu uzyskania dalszych informacji.<\/p>","protected":false},"excerpt":{"rendered":"<p>2-METHYL-AP-237-HCL Waar kan ik 2-METHYL-AP-237-HCL goedkoop kopen? Chemlab zoekt de beste innovatieve medicijnen. 2methyl-ap-237.hcl ist die Abk\u00fcrzung f\u00fcr 2-fluormethamfetamine. Seit<\/p>","protected":false},"featured_media":10249,"comment_status":"open","ping_status":"closed","template":"","meta":{"_seopress_robots_primary_cat":"none","_seopress_titles_title":"2-METHYL-AP-237-HCL %%sep%% %%sitetitle%%","_seopress_titles_desc":"Waar kan ik 2-METHYL-AP-237-HCL goedkoop kopen? Chemlab zoekt de beste innovatieve medicijnen. 2methyl-ap-237.hcl ist die Abk\u00fcrzung f\u00fcr 2-fluormethamfetamine.","_seopress_robots_index":""},"product_brand":[],"product_cat":[140],"product_tag":[],"class_list":{"0":"post-68","1":"product","2":"type-product","3":"status-publish","4":"has-post-thumbnail","6":"product_cat-forschungschemikalien","8":"first","9":"instock","10":"featured","11":"taxable","12":"shipping-taxable","13":"purchasable","14":"product-type-variable"},"_links":{"self":[{"href":"https:\/\/rc-chemlab.net\/pl\/wp-json\/wp\/v2\/product\/68","targetHints":{"allow":["GET"]}}],"collection":[{"href":"https:\/\/rc-chemlab.net\/pl\/wp-json\/wp\/v2\/product"}],"about":[{"href":"https:\/\/rc-chemlab.net\/pl\/wp-json\/wp\/v2\/types\/product"}],"replies":[{"embeddable":true,"href":"https:\/\/rc-chemlab.net\/pl\/wp-json\/wp\/v2\/comments?post=68"}],"version-history":[{"count":3,"href":"https:\/\/rc-chemlab.net\/pl\/wp-json\/wp\/v2\/product\/68\/revisions"}],"predecessor-version":[{"id":10251,"href":"https:\/\/rc-chemlab.net\/pl\/wp-json\/wp\/v2\/product\/68\/revisions\/10251"}],"wp:featuredmedia":[{"embeddable":true,"href":"https:\/\/rc-chemlab.net\/pl\/wp-json\/wp\/v2\/media\/10249"}],"wp:attachment":[{"href":"https:\/\/rc-chemlab.net\/pl\/wp-json\/wp\/v2\/media?parent=68"}],"wp:term":[{"taxonomy":"product_brand","embeddable":true,"href":"https:\/\/rc-chemlab.net\/pl\/wp-json\/wp\/v2\/product_brand?post=68"},{"taxonomy":"product_cat","embeddable":true,"href":"https:\/\/rc-chemlab.net\/pl\/wp-json\/wp\/v2\/product_cat?post=68"},{"taxonomy":"product_tag","embeddable":true,"href":"https:\/\/rc-chemlab.net\/pl\/wp-json\/wp\/v2\/product_tag?post=68"}],"curies":[{"name":"wp","href":"https:\/\/api.w.org\/{rel}","templated":true}]}}