{"id":66,"date":"2020-03-13T10:24:27","date_gmt":"2020-03-13T10:24:27","guid":{"rendered":"https:\/\/demo.creativethemes.com\/blocksy\/modern-shop\/?post_type=product&#038;p=66"},"modified":"2024-12-21T15:40:24","modified_gmt":"2024-12-21T15:40:24","slug":"3-cmc-kaufen","status":"publish","type":"product","link":"https:\/\/rc-chemlab.net\/pl\/product\/3-cmc-kaufen\/","title":{"rendered":"3 CMC"},"content":{"rendered":"<h1>3-CMC kaufen<\/h1>\n<p>Der Molek\u00fcl 3-MMC, auch bekannt als 3-Methylmethcathinon, geh\u00f6rt zur Klasse der substituierten Cathinone. Cathinone sind eine Untergruppe der Amphetamine, die die Amphetamin-Kernstruktur eines Phenylrings haben, das \u00fcber eine Ethylkette an eine Aminogruppe (NH2) gebunden ist, und eine zus\u00e4tzliche Methylsubstitution an R\u03b1.<\/p>\n<p>3MMC und andere Cathinone unterscheiden sich durch ihre Ketonsubstitution am Beta-Kohlenstoff des Amphetaminskeletts, also sind sie \u03b2-Keto-Amphetamine. 3MMC hat an seinem Cathinonger\u00fcst zwei Methylsubstitutionen: eine an R3 des Phenylrings und eine andere an der Stickstoffgruppe RN. 3MMC ist \u00e4hnlich wie Mephedron; Es hat die gleiche Struktur, au\u00dfer dass die Methylgruppe an R3 anstelle von R4 platziert ist.<\/p>\n<h2>3-CMC kaufen Deutschland<\/h2>\n<p>3-MMC wird nur f\u00fcr Forschungszwecke verkauft und darf nicht f\u00fcr andere Zwecke wie In-vivo-Diagnose, in Lebensmitteln, Arzneimitteln, Medizinprodukten und\/oder Kosmetika f\u00fcr Menschen oder Tiere verwendet werden.<\/p>\n<p>Vergewissern Sie sich vor der Bestellung, dass Sie angemessen ausger\u00fcstet sind, um mit Forschungschemikalien umzugehen, und dass Ihr Arbeitsplatz gut bel\u00fcftet ist. Um dieses Produkt zu bestellen, m\u00fcssen Sie mindestens 18 Jahre alt sein.<\/p>\n<p>3-MMC ist legal in unserem Heimatland. Es liegt in Ihrer Verantwortung, die Gesetze in Ihrem Bundesstaat, Ihrem Landkreis, Ihrer Region, Ihrem Staat oder Ihrer Stadt zu verstehen und einzuhalten. Wir \u00fcbernehmen keine Verantwortung f\u00fcr jegliche Handlungen oder Konsequenzen, die sich aus Ihrer Bestellung ergeben.<\/p>","protected":false},"excerpt":{"rendered":"<p>3-CMC kaufen Der Molek\u00fcl 3-MMC, auch bekannt als 3-Methylmethcathinon, geh\u00f6rt zur Klasse der substituierten Cathinone. Cathinone sind eine Untergruppe der<\/p>","protected":false},"featured_media":10257,"comment_status":"open","ping_status":"closed","template":"","meta":{"_seopress_robots_primary_cat":"none","_seopress_titles_title":"3 CMC Kaufen %%sep%% %%sitetitle%%","_seopress_titles_desc":"Der Molek\u00fcl 3-MMC, auch bekannt als 3-Methylmethcathinon, geh\u00f6rt zur Klasse der substituierten Cathinone.","_seopress_robots_index":""},"product_brand":[],"product_cat":[140],"product_tag":[],"class_list":{"0":"post-66","1":"product","2":"type-product","3":"status-publish","4":"has-post-thumbnail","6":"product_cat-forschungschemikalien","8":"first","9":"instock","10":"featured","11":"taxable","12":"shipping-taxable","13":"purchasable","14":"product-type-variable"},"_links":{"self":[{"href":"https:\/\/rc-chemlab.net\/pl\/wp-json\/wp\/v2\/product\/66","targetHints":{"allow":["GET"]}}],"collection":[{"href":"https:\/\/rc-chemlab.net\/pl\/wp-json\/wp\/v2\/product"}],"about":[{"href":"https:\/\/rc-chemlab.net\/pl\/wp-json\/wp\/v2\/types\/product"}],"replies":[{"embeddable":true,"href":"https:\/\/rc-chemlab.net\/pl\/wp-json\/wp\/v2\/comments?post=66"}],"version-history":[{"count":2,"href":"https:\/\/rc-chemlab.net\/pl\/wp-json\/wp\/v2\/product\/66\/revisions"}],"predecessor-version":[{"id":10258,"href":"https:\/\/rc-chemlab.net\/pl\/wp-json\/wp\/v2\/product\/66\/revisions\/10258"}],"wp:featuredmedia":[{"embeddable":true,"href":"https:\/\/rc-chemlab.net\/pl\/wp-json\/wp\/v2\/media\/10257"}],"wp:attachment":[{"href":"https:\/\/rc-chemlab.net\/pl\/wp-json\/wp\/v2\/media?parent=66"}],"wp:term":[{"taxonomy":"product_brand","embeddable":true,"href":"https:\/\/rc-chemlab.net\/pl\/wp-json\/wp\/v2\/product_brand?post=66"},{"taxonomy":"product_cat","embeddable":true,"href":"https:\/\/rc-chemlab.net\/pl\/wp-json\/wp\/v2\/product_cat?post=66"},{"taxonomy":"product_tag","embeddable":true,"href":"https:\/\/rc-chemlab.net\/pl\/wp-json\/wp\/v2\/product_tag?post=66"}],"curies":[{"name":"wp","href":"https:\/\/api.w.org\/{rel}","templated":true}]}}