{"id":64,"date":"2020-03-13T10:16:57","date_gmt":"2020-03-13T10:16:57","guid":{"rendered":"https:\/\/demo.creativethemes.com\/blocksy\/modern-shop\/?post_type=product&#038;p=64"},"modified":"2024-04-11T16:18:31","modified_gmt":"2024-04-11T16:18:31","slug":"2-fma-kaufen","status":"publish","type":"product","link":"https:\/\/rc-chemlab.net\/pl\/product\/2-fma-kaufen\/","title":{"rendered":"2-FMA"},"content":{"rendered":"<h1>Kup 2-FMA<\/h1>\n<p>2-FMA, r\u00f3wnie\u017c <a href=\"https:\/\/en.wikipedia.org\/wiki\/2-Fluoromethamphetamine\">2-Fluorometamfetamina<\/a> jest rzadkim stymulantem z rodziny metamfetaminy, kt\u00f3ry jest bardzo poszukiwany przez wiele os\u00f3b i jest bardzo interesuj\u0105cym przedmiotem bada\u0144.<\/p>\n<p>Badania pokazuj\u0105, \u017ce badana substancja chemiczna 2-FMA dzia\u0142a zar\u00f3wno jako \u015brodek uwalniaj\u0105cy dopamin\u0119, jak i noradrenalin\u0119, chocia\u017c nie zosta\u0142a oficjalnie zbadana na tym samym poziomie, co konwencjonalne amfetaminy. Pokazuje to, \u017ce skutecznie zwi\u0119ksza poziom noradrenaliny i dopaminy poprzez wi\u0105zanie si\u0119 i cz\u0119\u015bciowe blokowanie bia\u0142ek transportuj\u0105cych, kt\u00f3re normalnie usuwaj\u0105 je z szczeliny synaptycznej. W zwi\u0105zku z tym dopamina i noradrenalina mog\u0105 si\u0119 gromadzi\u0107, co prowadzi do stymuluj\u0105cych i euforycznych wynik\u00f3w w badaniach chemicznych.<\/p>\n<h2>Jak korzysta\u0107 z 2-FMA?<\/h2>\n<p>Kup 2-FMA w najlepszej formie proszku online. Kup 2-FDCK w 50 gramach, 100 gramach, 150 gramach, 200 gramach i 250 gramach. Aby zmaksymalizowa\u0107 trwa\u0142o\u015b\u0107 proszku 2-FDCK, nale\u017cy przechowywa\u0107 go w suchym i ch\u0142odnym miejscu. Najlepiej przechowywa\u0107 go w suchym i ch\u0142odnym miejscu. Podczas obchodzenia si\u0119 z chemikaliami badawczymi w laboratorium nale\u017cy zachowa\u0107 odpowiednie \u015brodki ostro\u017cno\u015bci, takie jak wycieranie powierzchni oraz noszenie r\u0119kawiczek, maski i odzie\u017cy ochronnej.<\/p>\n<h2>Definicja 2-FMA<\/h2>\n<p>Oficjalna nazwa 2-FMA to 2-fluorometamfetamina, rzadka substancja z klasy amfetamin. Jest ona spokrewniona z 2-FA, 3-FA i 4-FMA i ma strukturalne podobie\u0144stwa do metamfetaminy. Opr\u00f3cz innych fluorowanych amfetamin, takich jak 2-FA i 4-FA, wyst\u0119puje r\u00f3wnie\u017c 2-FEA. 2-FMA staje si\u0119 obecnie coraz bardziej popularna na rynku chemikali\u00f3w badawczych, chocia\u017c przez pewien czas nie by\u0142a formalnie badana na tym samym poziomie, co tradycyjne amfetaminy.<\/p>\n<h2>Podstawowe informacje na temat chemii 2-FMA<\/h2>\n<p>2-Fluorometamfetamina jest cz\u0105steczk\u0105 z klasy amfetamin, kt\u00f3ra jest produkowana syntetycznie. Cz\u0105steczki klasy amfetaminy zawieraj\u0105 grup\u0119 metylow\u0105 przy\u0142\u0105czon\u0105 do endaminy RN j\u0105dra amfetaminy, kt\u00f3r\u0105 dzieli z metamfetamin\u0105. 2-FMA jest blisko spokrewniona z metamfetamin\u0105 i 2-fluoroamfetamin\u0105. Uwa\u017ca si\u0119, \u017ce 2-FMA wywiera swoje w\u0142a\u015bciwo\u015bci stymuluj\u0105ce poprzez wp\u0142yw na receptory dopaminy i noradrenaliny. Zdecydowanie zaleca si\u0119 stosowanie procedur redukcji szk\u00f3d podczas u\u017cywania tej substancji, poniewa\u017c badania nad 2-FMA s\u0105 ograniczone.<\/p>\n<h2>Gdzie mog\u0119 kupi\u0107 2-FMA?<\/h2>\n<p>2-FMA mo\u017cna kupi\u0107 na stronie internetowej Chemlab. Sprzedajemy 2-FMA w postaci proszku w najwy\u017cszej jako\u015bci. Cz\u0119sto dost\u0119pne s\u0105 r\u00f3wnie\u017c inne formy substancji. Skontaktuj si\u0119 z nami, aby dowiedzie\u0107 si\u0119, czy mamy preferowan\u0105 form\u0119 substancji w magazynie. Aby kupi\u0107 u nas 2-FMA, musisz mie\u0107 uko\u0144czone 18 lat.<\/p>","protected":false},"excerpt":{"rendered":"<p>2-FMA kaufen 2-FMA, auch 2-Fluormethamphetamin genannt, ist ein seltenes Stimulans der Methamphetamin-Familie, das von vielen sehr gesucht wird und eine<\/p>","protected":false},"featured_media":10244,"comment_status":"open","ping_status":"closed","template":"","meta":{"_seopress_robots_primary_cat":"none","_seopress_titles_title":"2-FMA kaufen %%sep%% %%sitetitle%%","_seopress_titles_desc":"2-FMA, auch 2-Fluormethamphetamin genannt, ist ein seltenes Stimulans der Methamphetamin-Familie, das von vielen sehr gesucht wird und eine sehr interessante Forschung ist.","_seopress_robots_index":""},"product_brand":[],"product_cat":[140],"product_tag":[],"class_list":{"0":"post-64","1":"product","2":"type-product","3":"status-publish","4":"has-post-thumbnail","6":"product_cat-forschungschemikalien","8":"first","9":"instock","10":"featured","11":"taxable","12":"shipping-taxable","13":"purchasable","14":"product-type-variable"},"_links":{"self":[{"href":"https:\/\/rc-chemlab.net\/pl\/wp-json\/wp\/v2\/product\/64","targetHints":{"allow":["GET"]}}],"collection":[{"href":"https:\/\/rc-chemlab.net\/pl\/wp-json\/wp\/v2\/product"}],"about":[{"href":"https:\/\/rc-chemlab.net\/pl\/wp-json\/wp\/v2\/types\/product"}],"replies":[{"embeddable":true,"href":"https:\/\/rc-chemlab.net\/pl\/wp-json\/wp\/v2\/comments?post=64"}],"version-history":[{"count":3,"href":"https:\/\/rc-chemlab.net\/pl\/wp-json\/wp\/v2\/product\/64\/revisions"}],"predecessor-version":[{"id":10245,"href":"https:\/\/rc-chemlab.net\/pl\/wp-json\/wp\/v2\/product\/64\/revisions\/10245"}],"wp:featuredmedia":[{"embeddable":true,"href":"https:\/\/rc-chemlab.net\/pl\/wp-json\/wp\/v2\/media\/10244"}],"wp:attachment":[{"href":"https:\/\/rc-chemlab.net\/pl\/wp-json\/wp\/v2\/media?parent=64"}],"wp:term":[{"taxonomy":"product_brand","embeddable":true,"href":"https:\/\/rc-chemlab.net\/pl\/wp-json\/wp\/v2\/product_brand?post=64"},{"taxonomy":"product_cat","embeddable":true,"href":"https:\/\/rc-chemlab.net\/pl\/wp-json\/wp\/v2\/product_cat?post=64"},{"taxonomy":"product_tag","embeddable":true,"href":"https:\/\/rc-chemlab.net\/pl\/wp-json\/wp\/v2\/product_tag?post=64"}],"curies":[{"name":"wp","href":"https:\/\/api.w.org\/{rel}","templated":true}]}}