{"id":57,"date":"2020-03-13T10:07:44","date_gmt":"2020-03-13T10:07:44","guid":{"rendered":"https:\/\/demo.creativethemes.com\/blocksy\/modern-shop\/?post_type=product&#038;p=57"},"modified":"2024-10-10T12:54:44","modified_gmt":"2024-10-10T12:54:44","slug":"2-fdck-kaufen-deutschland","status":"publish","type":"product","link":"https:\/\/rc-chemlab.net\/pl\/product\/2-fdck-kaufen-deutschland\/","title":{"rendered":"2-FDCK"},"content":{"rendered":"<h1><span class=\"___SText_v2vqb-ko_\" data-ui-name=\"Link.Text\">2-FDCK kupi\u0107 Niemcy<\/span><\/h1>\n<p>Kup 2-FDCK w Niemczech. Szukasz najlepszej oferty proszku 2-FDCK? Rc-Chemlab to najlepszy wyb\u00f3r! Nasz wysokiej jako\u015bci 2-FDCK jest zawsze dost\u0119pny i gotowy do wysy\u0142ki, dzi\u0119ki czemu mo\u017cesz szybko uzyska\u0107 najlepsze dost\u0119pne leki. Ponadto dzi\u0119ki naszym bezpiecznym opcjom p\u0142atno\u015bci mo\u017cesz mie\u0107 pewno\u015b\u0107, \u017ce otrzymasz produkt dok\u0142adnie wtedy, gdy go potrzebujesz. Kup teraz i zaoszcz\u0119d\u017a pieni\u0105dze!<\/p>\n<p>Zajmujemy si\u0119 dopalaczami od 7 lat i zawsze mo\u017cemy zapewni\u0107 produkty najwy\u017cszej klasy. Wszystkie nasze produkty s\u0105 bezpieczne do cel\u00f3w badawczych, poniewa\u017c zosta\u0142y przetestowane w laboratorium.<\/p>\n<h3><span class=\"___SText_v2vqb-ko_\" data-ui-name=\"Link.Text\">2-FDCK kupi\u0107 Niemcy<\/span><\/h3>\n<p>Istnieje wiele sklep\u00f3w internetowych, kt\u00f3re sprzedaj\u0105 podrobione lub niskiej jako\u015bci markowe narkotyki, wi\u0119c nale\u017cy zachowa\u0107 ostro\u017cno\u015b\u0107 przy zakupie markowych narkotyk\u00f3w online. Zwracaj\u0105c si\u0119 do Chemlab, mo\u017cesz mie\u0107 pewno\u015b\u0107, \u017ce kupowane produkty s\u0105 najwy\u017cszej jako\u015bci. Dyskretne zamawianie lek\u00f3w dla projektant\u00f3w.<\/p>\n<p>Oczywi\u015bcie wa\u017cne jest, aby kupowa\u0107 markowe leki z w\u0142a\u015bciwego \u017ar\u00f3d\u0142a. Ze wzgl\u0119du na fakt, \u017ce wiele stron internetowych jest niewiarygodnych i mo\u017ce wysy\u0142a\u0107 szkodliwe produkty. Z tego powodu zalecamy zamawianie markowych narkotyk\u00f3w od zespo\u0142u Rc-Chemlab.<\/p>\n<p>Rc-Chemlab posiada du\u017c\u0105 baz\u0119 klient\u00f3w i od lat jest liderem na rynku sprzeda\u017cy najwy\u017cszej klasy dopalaczy.<\/p>","protected":false},"excerpt":{"rendered":"<p>2-FDCK kaufen Deutschland 2-FDCK in Deutschland kaufen. Sie suchen nach dem besten 2-FDCK-Pulverangebot? Rc-Chemlab ist die beste Wahl! Unser hochwertiges<\/p>","protected":false},"featured_media":10240,"comment_status":"open","ping_status":"closed","template":"","meta":{"_seopress_robots_primary_cat":"none","_seopress_titles_title":"2-FDCK kaufen Deutschland %%sep%% %%sitetitle%%","_seopress_titles_desc":"2-FDCK in Deutschland kaufen. Sie suchen nach dem besten 2-FDCK-Pulverangebot? Rc-Chemlab ist die beste Wahl!","_seopress_robots_index":""},"product_brand":[],"product_cat":[140],"product_tag":[],"class_list":{"0":"post-57","1":"product","2":"type-product","3":"status-publish","4":"has-post-thumbnail","6":"product_cat-forschungschemikalien","8":"first","9":"instock","10":"featured","11":"taxable","12":"shipping-taxable","13":"purchasable","14":"product-type-variable"},"_links":{"self":[{"href":"https:\/\/rc-chemlab.net\/pl\/wp-json\/wp\/v2\/product\/57","targetHints":{"allow":["GET"]}}],"collection":[{"href":"https:\/\/rc-chemlab.net\/pl\/wp-json\/wp\/v2\/product"}],"about":[{"href":"https:\/\/rc-chemlab.net\/pl\/wp-json\/wp\/v2\/types\/product"}],"replies":[{"embeddable":true,"href":"https:\/\/rc-chemlab.net\/pl\/wp-json\/wp\/v2\/comments?post=57"}],"version-history":[{"count":3,"href":"https:\/\/rc-chemlab.net\/pl\/wp-json\/wp\/v2\/product\/57\/revisions"}],"predecessor-version":[{"id":1157,"href":"https:\/\/rc-chemlab.net\/pl\/wp-json\/wp\/v2\/product\/57\/revisions\/1157"}],"wp:featuredmedia":[{"embeddable":true,"href":"https:\/\/rc-chemlab.net\/pl\/wp-json\/wp\/v2\/media\/10240"}],"wp:attachment":[{"href":"https:\/\/rc-chemlab.net\/pl\/wp-json\/wp\/v2\/media?parent=57"}],"wp:term":[{"taxonomy":"product_brand","embeddable":true,"href":"https:\/\/rc-chemlab.net\/pl\/wp-json\/wp\/v2\/product_brand?post=57"},{"taxonomy":"product_cat","embeddable":true,"href":"https:\/\/rc-chemlab.net\/pl\/wp-json\/wp\/v2\/product_cat?post=57"},{"taxonomy":"product_tag","embeddable":true,"href":"https:\/\/rc-chemlab.net\/pl\/wp-json\/wp\/v2\/product_tag?post=57"}],"curies":[{"name":"wp","href":"https:\/\/api.w.org\/{rel}","templated":true}]}}