{"id":170,"date":"2020-03-16T09:21:08","date_gmt":"2020-03-16T09:21:08","guid":{"rendered":"https:\/\/demo.creativethemes.com\/blocksy\/modern-shop\/?post_type=product&#038;p=170"},"modified":"2024-12-21T15:56:21","modified_gmt":"2024-12-21T15:56:21","slug":"clonazolam-kaufen","status":"publish","type":"product","link":"https:\/\/rc-chemlab.net\/pl\/product\/clonazolam-kaufen\/","title":{"rendered":"Klonazolam w proszku"},"content":{"rendered":"<h1>Kup klonazolam<\/h1>\n<p>Klonazolam w proszku nale\u017cy do grupy <a href=\"https:\/\/www.gelbe-liste.de\/wirkstoffgruppen\/benzodiazepine\">Benzodiazepiny<\/a> i jest u\u017cywany w wielu sytuacjach do r\u00f3\u017cnych cel\u00f3w u ludzi. Po raz pierwszy zosta\u0142 zsyntetyzowany jako narkotyk designerski w 1971 roku. W ostatnich latach sta\u0142a si\u0119 jednym z najcz\u0119\u015bciej stosowanych lek\u00f3w na \u015bwiecie ze wzgl\u0119du na swoje unikalne w\u0142a\u015bciwo\u015bci. Obecnie jest stosowany jako substancja chemiczna do bada\u0144 i do leczenia r\u00f3\u017cnych chor\u00f3b.<\/p>\n<h2>Dzia\u0142anie klonazolamu w proszku<\/h2>\n<ul>\n<li>Proszek klonazolamu jest r\u00f3wnie\u017c lekiem psychoaktywnym nale\u017c\u0105cym do benzodiazepin i dzia\u0142a w taki sam spos\u00f3b, jak wszystkie te proleki. Ma wy\u017cszy potencja\u0142 ni\u017c inne proleki z serii benzodiazepin.<\/li>\n<li>Dzia\u0142a r\u00f3wnie\u017c w taki sam spos\u00f3b jak wszystkie proleki, ale dzia\u0142a szybciej ni\u017c wszystkie proleki, nie tylko z tej rodziny, ale tak\u017ce z innych cz\u0142onk\u00f3w innych rodzin prolek\u00f3w. Jego dzia\u0142anie opiera si\u0119 na bezpo\u015brednim wp\u0142ywie na uk\u0142ad neuroprzeka\u017anik\u00f3w ludzkiego m\u00f3zgu.<\/li>\n<li>Stymuluje to szereg okre\u015blonych substancji chemicznych do pe\u0142nienia danej funkcji. Jest r\u00f3wnie\u017c stosowany w celu rozlu\u017anienia mi\u0119\u015bni i zapewnienia dobrego snu.<\/li>\n<li>Proszek klonazolamu zapewnia prawid\u0142owy sen dla ludzkiego cia\u0142a. Jest stosowany przez prawie wszystkich lekarzy u pacjent\u00f3w cierpi\u0105cych na bezsenno\u015b\u0107. Lekarze u\u017cywaj\u0105 go r\u00f3wnie\u017c podczas zabieg\u00f3w chirurgicznych, podczas kt\u00f3rych chc\u0105 pozbawi\u0107 pacjenta przytomno\u015bci.<\/li>\n<li>Lek ten pomaga r\u00f3wnie\u017c lekarzom trzyma\u0107 pacjenta z dala od innych narkotyk\u00f3w. Jest r\u00f3wnie\u017c stosowany do usuwania alkoholu z ca\u0142ego organizmu za pomoc\u0105 r\u00f3\u017cnych procedur. Clonazolam jest bardzo dobrym lekiem, ale tylko wtedy, gdy jest stosowany zgodnie z wymaganiami organizmu i zgodnie z zaleceniami.<\/li>\n<li>Proszek klonazolamu nie jest dobry dla zdrowia ludzkiego, je\u015bli jest przyjmowany przez d\u0142ugi czas. Mo\u017ce powodowa\u0107 powa\u017cne szkody zdrowotne i wp\u0142ywa\u0107 na uk\u0142ad neuronalny ludzkiego m\u00f3zgu.<\/li>\n<\/ul>\n<p>Nasz sklep internetowy oferuje Clonazolam w bardzo niskich cenach. Nasz sklep oferuje r\u00f3wnie\u017c dostaw\u0119 produktu w bardzo kr\u00f3tkim czasie. Aby uzyska\u0107 wi\u0119cej informacji, skontaktuj si\u0119 z <a href=\"https:\/\/rc-chemlab.net\/pl\/kontakt\/\">my<\/a>.<\/p>","protected":false},"excerpt":{"rendered":"<p>Clonazolam kaufen Clonazolam-Pulver geh\u00f6rt zur Gruppe der Benzodiazepine und wird in vielen Situationen f\u00fcr verschiedene Zwecke beim Menschen eingesetzt. Es<\/p>","protected":false},"featured_media":10296,"comment_status":"open","ping_status":"closed","template":"","meta":{"_seopress_robots_primary_cat":"none","_seopress_titles_title":"Clonazolam kaufen %%sep%% %%sitetitle%%","_seopress_titles_desc":"Clonazolam kaufen - Clonazolam-Pulver geh\u00f6rt zur Gruppe der Benzodiazepine und wird in vielen Situationen f\u00fcr verschiedene Zwecke beim Menschen eingesetzt.","_seopress_robots_index":""},"product_brand":[],"product_cat":[140],"product_tag":[],"class_list":{"0":"post-170","1":"product","2":"type-product","3":"status-publish","4":"has-post-thumbnail","6":"product_cat-forschungschemikalien","8":"first","9":"instock","10":"taxable","11":"shipping-taxable","12":"purchasable","13":"product-type-variable"},"_links":{"self":[{"href":"https:\/\/rc-chemlab.net\/pl\/wp-json\/wp\/v2\/product\/170","targetHints":{"allow":["GET"]}}],"collection":[{"href":"https:\/\/rc-chemlab.net\/pl\/wp-json\/wp\/v2\/product"}],"about":[{"href":"https:\/\/rc-chemlab.net\/pl\/wp-json\/wp\/v2\/types\/product"}],"replies":[{"embeddable":true,"href":"https:\/\/rc-chemlab.net\/pl\/wp-json\/wp\/v2\/comments?post=170"}],"version-history":[{"count":2,"href":"https:\/\/rc-chemlab.net\/pl\/wp-json\/wp\/v2\/product\/170\/revisions"}],"predecessor-version":[{"id":1244,"href":"https:\/\/rc-chemlab.net\/pl\/wp-json\/wp\/v2\/product\/170\/revisions\/1244"}],"wp:featuredmedia":[{"embeddable":true,"href":"https:\/\/rc-chemlab.net\/pl\/wp-json\/wp\/v2\/media\/10296"}],"wp:attachment":[{"href":"https:\/\/rc-chemlab.net\/pl\/wp-json\/wp\/v2\/media?parent=170"}],"wp:term":[{"taxonomy":"product_brand","embeddable":true,"href":"https:\/\/rc-chemlab.net\/pl\/wp-json\/wp\/v2\/product_brand?post=170"},{"taxonomy":"product_cat","embeddable":true,"href":"https:\/\/rc-chemlab.net\/pl\/wp-json\/wp\/v2\/product_cat?post=170"},{"taxonomy":"product_tag","embeddable":true,"href":"https:\/\/rc-chemlab.net\/pl\/wp-json\/wp\/v2\/product_tag?post=170"}],"curies":[{"name":"wp","href":"https:\/\/api.w.org\/{rel}","templated":true}]}}