{"id":168,"date":"2020-03-16T09:19:03","date_gmt":"2020-03-16T09:19:03","guid":{"rendered":"https:\/\/demo.creativethemes.com\/blocksy\/modern-shop\/?post_type=product&#038;p=168"},"modified":"2024-12-21T03:50:31","modified_gmt":"2024-12-21T03:50:31","slug":"etizolam-kaufen","status":"publish","type":"product","link":"https:\/\/rc-chemlab.net\/pl\/product\/etizolam-kaufen\/","title":{"rendered":"Etizolam w proszku"},"content":{"rendered":"<h1><span class=\"___SText_mzmpq-ko_\" data-ui-name=\"Link.Text\">Kup Etizolam<\/span><\/h1>\n<p>Flunitrazolam jest dalszym rozwini\u0119ciem etizolamu. Etizolam ma mniej znane dzia\u0142anie ni\u017c oksazepam czy diazepam. Substancja ta znana jest ze swojego dzia\u0142ania uspokajaj\u0105cego. Jest cz\u0119sto stosowana do wywo\u0142ywania snu.<\/p>\n<h2>Co to jest Etizolam?<\/h2>\n<p>Etizolam jest dobrze znanym lekiem, kt\u00f3ry mo\u017ce by\u0107 stosowany do r\u00f3\u017cnych cel\u00f3w. Na przyk\u0142ad jest stosowany w leczeniu l\u0119ku, zaburze\u0144 paniki, depresji lub zaburze\u0144 snu. Na szcz\u0119\u015bcie dost\u0119pna jest niemal dok\u0142adna kopia Etizolamu. Lek ten nazywa si\u0119 flunitrazolam. Oczywi\u015bcie masz mo\u017cliwo\u015b\u0107 dyskretnego i bezpiecznego zam\u00f3wienia tego leku u nas.<\/p>\n<p>Flunitrazolam (Etizolam) nale\u017cy do kategorii <a href=\"https:\/\/de.wikipedia.org\/wiki\/Kategorie:Benzodiazepin\">Benzodiapina<\/a>. Benzodiapiny mog\u0105 mie\u0107 r\u00f3\u017cne efekty terapeutyczne. Leki te maj\u0105 dzia\u0142anie uspokajaj\u0105ce w niskich dawkach. Diazepam i alprazolam (Xanax) nale\u017c\u0105 do tej samej kategorii. W przypadku benzodiazepin bardzo wa\u017cne jest robienie przerw mi\u0119dzy poszczeg\u00f3lnymi lekami. Przyjmowanie ich przez ponad 6 tygodni z rz\u0119du mo\u017ce mie\u0107 negatywny wp\u0142yw na stan psychiczny. Wynika to z faktu, \u017ce organizm nie powinien przyzwyczaja\u0107 si\u0119 do benzo i oczekuje jego przyjmowania.<\/p>\n<p>Je\u015bli masz trudno\u015bci z zasypianiem, Etizolam jest idealnym \u015brodkiem nasennym!<\/p>\n<h2>Kiedy stosowa\u0107 Etizolam?<\/h2>\n<p>U\u017cytkownicy etizolamu zg\u0142aszali przyjmowanie stymulant\u00f3w przed za\u017cyciem leku. Pomy\u015bl o kokainie, 3mmc, speed itp. Poniewa\u017c za\u017cywa\u0142e\u015b \u015brodki pobudzaj\u0105ce, nie jeste\u015b w stanie zasn\u0105\u0107. Nale\u017cy przerwa\u0107 przyjmowanie stymulant\u00f3w i odczeka\u0107 co najmniej 1,5 godziny przed przyj\u0119ciem Etizolamu. Dzia\u0142anie stymulant\u00f3w zmniejszy si\u0119 w ci\u0105gu tej godziny, a po za\u017cyciu Etizolamu zrelaksujesz si\u0119. Poniewa\u017c m\u00f3zg nie produkuje ju\u017c dopaminy, po za\u017cyciu stymulant\u00f3w cz\u0119sto pojawia si\u0119 uczucie niepokoju lub paniki. Etizolam pomaga spokojnie zasn\u0105\u0107 i unikn\u0105\u0107 niepokoju.<\/p>\n<h2>Kim s\u0105 u\u017cytkownicy Etizolam?<\/h2>\n<p>Etizolam jest stosowany w wielu dziedzinach. Pomy\u015blmy na przyk\u0142ad o zapracowanych dziennikarzach, adwokatach, ksi\u0119gowych lub DJ-ach. Ludzie z napi\u0119tym harmonogramem maj\u0105 du\u017co stresu ka\u017cdego dnia. Osoby te s\u0105 bardziej sk\u0142onne do przyjmowania lek\u00f3w lub czego\u015b podobnego, aby zasn\u0105\u0107 i zmniejszy\u0107 niepok\u00f3j\/stres.<\/p>\n<p>Istnieje r\u00f3wnie\u017c bardzo du\u017ca grupa imprezowicz\u00f3w, kt\u00f3rzy u\u017cywaj\u0105 Etizolamu. Obejmuje to osoby, kt\u00f3re u\u017cywaj\u0105 kokainy, 3mmc (lub 3cmc), speeda lub czego\u015b podobnego. Po d\u0142ugiej uczcie lub kameralnym dniu sp\u0119dzonym poza domem, zawsze towarzyszy im uczucie strachu. Aby z\u0142agodzi\u0107 niepok\u00f3j i nerwowo\u015b\u0107, bior\u0105 krzes\u0142o elektryczne, dzi\u0119ki czemu mog\u0105 si\u0119 zrelaksowa\u0107 i dobrze spa\u0107.<\/p>\n<h2>Czas trwania efektu<\/h2>\n<p>Lek zaczyna dzia\u0142a\u0107 w organizmie po oko\u0142o 30-60 minutach. Etizolam pozostaje we krwi u\u017cytkownika przez okres 6-8 godzin. W celu uzyskania dalszych informacji prosimy o kontakt <a href=\"https:\/\/rc-chemlab.net\/pl\/kontakt\/\">Skontaktuj si\u0119 z nami<\/a> z nami.<\/p>","protected":false},"excerpt":{"rendered":"<p>Etizolam kaufen Flunitrazolam ist eine Weiterentwicklung von Etizolam. Etizolam hat weniger bekannte Wirkungen als Oxazepam oder Diazepam. Die Substanz ist<\/p>","protected":false},"featured_media":10276,"comment_status":"open","ping_status":"closed","template":"","meta":{"_seopress_robots_primary_cat":"none","_seopress_titles_title":"Etizolam kaufen %%sep%% %%sitetitle%%","_seopress_titles_desc":"Etizolam kaufen - Flunitrazolam ist eine Weiterentwicklung von Etizolam. Etizolam hat weniger bekannte Wirkungen als Oxazepam oder Diazepam.","_seopress_robots_index":""},"product_brand":[],"product_cat":[140],"product_tag":[],"class_list":{"0":"post-168","1":"product","2":"type-product","3":"status-publish","4":"has-post-thumbnail","6":"product_cat-forschungschemikalien","8":"first","9":"instock","10":"featured","11":"taxable","12":"shipping-taxable","13":"purchasable","14":"product-type-variable"},"_links":{"self":[{"href":"https:\/\/rc-chemlab.net\/pl\/wp-json\/wp\/v2\/product\/168","targetHints":{"allow":["GET"]}}],"collection":[{"href":"https:\/\/rc-chemlab.net\/pl\/wp-json\/wp\/v2\/product"}],"about":[{"href":"https:\/\/rc-chemlab.net\/pl\/wp-json\/wp\/v2\/types\/product"}],"replies":[{"embeddable":true,"href":"https:\/\/rc-chemlab.net\/pl\/wp-json\/wp\/v2\/comments?post=168"}],"version-history":[{"count":2,"href":"https:\/\/rc-chemlab.net\/pl\/wp-json\/wp\/v2\/product\/168\/revisions"}],"predecessor-version":[{"id":10277,"href":"https:\/\/rc-chemlab.net\/pl\/wp-json\/wp\/v2\/product\/168\/revisions\/10277"}],"wp:featuredmedia":[{"embeddable":true,"href":"https:\/\/rc-chemlab.net\/pl\/wp-json\/wp\/v2\/media\/10276"}],"wp:attachment":[{"href":"https:\/\/rc-chemlab.net\/pl\/wp-json\/wp\/v2\/media?parent=168"}],"wp:term":[{"taxonomy":"product_brand","embeddable":true,"href":"https:\/\/rc-chemlab.net\/pl\/wp-json\/wp\/v2\/product_brand?post=168"},{"taxonomy":"product_cat","embeddable":true,"href":"https:\/\/rc-chemlab.net\/pl\/wp-json\/wp\/v2\/product_cat?post=168"},{"taxonomy":"product_tag","embeddable":true,"href":"https:\/\/rc-chemlab.net\/pl\/wp-json\/wp\/v2\/product_tag?post=168"}],"curies":[{"name":"wp","href":"https:\/\/api.w.org\/{rel}","templated":true}]}}