{"id":166,"date":"2020-03-16T09:14:43","date_gmt":"2020-03-16T09:14:43","guid":{"rendered":"https:\/\/demo.creativethemes.com\/blocksy\/modern-shop\/?post_type=product&#038;p=166"},"modified":"2024-04-15T00:17:02","modified_gmt":"2024-04-15T00:17:02","slug":"al-lad-blotter-kaufen","status":"publish","type":"product","link":"https:\/\/rc-chemlab.net\/pl\/product\/al-lad-blotter-kaufen\/","title":{"rendered":"AL-LAD 150MCG"},"content":{"rendered":"<h1>Kup AL LAD Blotter<\/h1>\n<p>Dietyloamid kwasu 6-allilo-6-nor-lizergowego, lepiej znany jako AL-LAD, to p\u00f3\u0142syntetyczna substancja pochodz\u0105ca od <a href=\"https:\/\/psychonautwiki.org\/wiki\/Lysergamides\">Klasa lizergamid\u00f3w<\/a>. AL-LAD zosta\u0142 po raz pierwszy zsyntetyzowany w 1984 roku. Sprzedajemy t\u0119 substancj\u0119 przetworzon\u0105 w bibu\u0142kach po 2x 150mcg ka\u017cda. Bibu\u0142ki to znaczki, na kt\u00f3rych substancja zosta\u0142a wysuszona. Ten produkt s\u0142u\u017cy wy\u0142\u0105cznie do cel\u00f3w badawczych i nie jest przeznaczony do spo\u017cycia. Dlatego nale\u017cy przechowywa\u0107 go w miejscu niedost\u0119pnym dla dzieci i zwierz\u0105t domowych, a przed u\u017cyciem zapozna\u0107 si\u0119 z instrukcjami bezpiecze\u0144stwa na naszej stronie internetowej. <a href=\"\/pl\/\">Strona internetowa<\/a>.<\/p>\n<p><strong>Uwaga!<\/strong> Nie sprzedajemy osobom poni\u017cej 21 roku \u017cycia. Produkt AL-LAD Blotters (2x150mcg) mo\u017ce by\u0107 szkodliwy dla zdrowia i nie nadaje si\u0119 do spo\u017cycia. Nale\u017cy pami\u0119ta\u0107, \u017ce nieprzestrzeganie naszych \u015brodk\u00f3w ostro\u017cno\u015bci mo\u017ce prowadzi\u0107 do powa\u017cnych zagro\u017ce\u0144 dla zdrowia. Dlatego nale\u017cy przestrzega\u0107 naszych instrukcji bezpiecze\u0144stwa.<\/p>","protected":false},"excerpt":{"rendered":"<p>AL LAD Blotter kaufen 6-Allyl-6-nor-Lysergs\u00e4urediethylamid, besser bekannt als AL-LAD, ist eine halbsynthetische Substanz aus der Klasse der Lysergamide. AL-LAD wurde<\/p>","protected":false},"featured_media":10292,"comment_status":"open","ping_status":"closed","template":"","meta":{"_seopress_robots_primary_cat":"none","_seopress_titles_title":"AL LAD Blotter kaufen %%sep%% %%sitetitle%%","_seopress_titles_desc":"6-Allyl-6-nor-Lysergs\u00e4urediethylamid, besser bekannt als AL-LAD, ist eine halbsynthetische Substanz aus der Klasse der Lysergamide.","_seopress_robots_index":""},"product_brand":[],"product_cat":[140],"product_tag":[],"class_list":{"0":"post-166","1":"product","2":"type-product","3":"status-publish","4":"has-post-thumbnail","6":"product_cat-forschungschemikalien","8":"first","9":"instock","10":"taxable","11":"shipping-taxable","12":"purchasable","13":"product-type-variable"},"_links":{"self":[{"href":"https:\/\/rc-chemlab.net\/pl\/wp-json\/wp\/v2\/product\/166","targetHints":{"allow":["GET"]}}],"collection":[{"href":"https:\/\/rc-chemlab.net\/pl\/wp-json\/wp\/v2\/product"}],"about":[{"href":"https:\/\/rc-chemlab.net\/pl\/wp-json\/wp\/v2\/types\/product"}],"replies":[{"embeddable":true,"href":"https:\/\/rc-chemlab.net\/pl\/wp-json\/wp\/v2\/comments?post=166"}],"version-history":[{"count":2,"href":"https:\/\/rc-chemlab.net\/pl\/wp-json\/wp\/v2\/product\/166\/revisions"}],"predecessor-version":[{"id":10293,"href":"https:\/\/rc-chemlab.net\/pl\/wp-json\/wp\/v2\/product\/166\/revisions\/10293"}],"wp:featuredmedia":[{"embeddable":true,"href":"https:\/\/rc-chemlab.net\/pl\/wp-json\/wp\/v2\/media\/10292"}],"wp:attachment":[{"href":"https:\/\/rc-chemlab.net\/pl\/wp-json\/wp\/v2\/media?parent=166"}],"wp:term":[{"taxonomy":"product_brand","embeddable":true,"href":"https:\/\/rc-chemlab.net\/pl\/wp-json\/wp\/v2\/product_brand?post=166"},{"taxonomy":"product_cat","embeddable":true,"href":"https:\/\/rc-chemlab.net\/pl\/wp-json\/wp\/v2\/product_cat?post=166"},{"taxonomy":"product_tag","embeddable":true,"href":"https:\/\/rc-chemlab.net\/pl\/wp-json\/wp\/v2\/product_tag?post=166"}],"curies":[{"name":"wp","href":"https:\/\/api.w.org\/{rel}","templated":true}]}}