{"id":164,"date":"2020-03-16T09:11:32","date_gmt":"2020-03-16T09:11:32","guid":{"rendered":"https:\/\/demo.creativethemes.com\/blocksy\/modern-shop\/?post_type=product&#038;p=164"},"modified":"2024-04-15T00:12:18","modified_gmt":"2024-04-15T00:12:18","slug":"flualprazolam-kaufen","status":"publish","type":"product","link":"https:\/\/rc-chemlab.net\/pl\/product\/flualprazolam-kaufen\/","title":{"rendered":"Flualprazolam"},"content":{"rendered":"<h1>Kup flualprazolam<\/h1>\n<p>Flualprazolam jest nowym <a href=\"https:\/\/checkit.wien\/warnung-synthetisches-opioid-in-benzodiazepin\/\">syntetyczna benzodiazepina<\/a>. Flualprazolam jest znany z silnego dzia\u0142ania uspokajaj\u0105cego, euforycznego i rozlu\u017aniaj\u0105cego mi\u0119\u015bnie.<\/p>\n<h2>Dawkowanie flualprazolamu<\/h2>\n<p>Nie ma zalecanej dawki, poniewa\u017c flualprazolam nie jest przeznaczony do spo\u017cycia przez ludzi, ale jest sprzedawany wy\u0142\u0105cznie do cel\u00f3w bada\u0144 naukowych.<\/p>\n<h2>Dzia\u0142anie flualprazolamu:<\/h2>\n<p>Efekty kliniczne wi\u0119kszo\u015bci nowych dopalaczy, takich jak flualprazolam, mo\u017cna opisa\u0107 jako halucynogenne, pobudzaj\u0105ce lub podobne do opioid\u00f3w. Kombinacja tych efekt\u00f3w jest cz\u0119sto osi\u0105gana poprzez zast\u0105pienie \u0142a\u0144cuch\u00f3w bocznych lekami projektowanymi. Odpowiednie raporty z do\u015bwiadcze\u0144 z flualprazolamem mo\u017cna znale\u017a\u0107 na odpowiednich forach i w wyszukiwarkach.<\/p>\n<h2>Skutki uboczne flualprazolamu<\/h2>\n<p>Podobnie jak w przypadku innych dopalaczy, za\u017cywanie flualprazolamu mo\u017ce prowadzi\u0107 do powa\u017cnych skutk\u00f3w ubocznych; substancja ta nie zosta\u0142a przebadana klinicznie ani dopuszczona do obrotu jako produkt konsumencki! Dlatego te\u017c flualprazolam nie jest zalecany do spo\u017cycia przez ludzi, a jedynie do bada\u0144 naukowych i test\u00f3w!<\/p>\n<h2>Przechowywanie i okres wa\u017cno\u015bci flualprazolamu<\/h2>\n<p>Flualprazolam nale\u017cy zawsze przechowywa\u0107 w temperaturze poni\u017cej 30 stopni Celsjusza i w oryginalnym opakowaniu. Chroni\u0107 przed bezpo\u015brednim dzia\u0142aniem promieni s\u0142onecznych i wilgoci. Okres trwa\u0142o\u015bci substancji czynnej wynosi co najmniej 1 rok przy prawid\u0142owym przechowywaniu. Prosz\u0119 <a href=\"https:\/\/rc-chemlab.net\/pl\/kontakt\/\">Skontaktuj si\u0119 z nami<\/a> w celu uzyskania dalszych informacji.<\/p>","protected":false},"excerpt":{"rendered":"<p>Flualprazolam Kaufen Flualprazolam ist ein neues synthetisches Benzodiazepin. Flualprazolam ist bekannt f\u00fcr seine stark sedierende, euphorisierende und muskelentspannende Wirkung. Dosierung<\/p>","protected":false},"featured_media":10289,"comment_status":"open","ping_status":"closed","template":"","meta":{"_seopress_robots_primary_cat":"none","_seopress_titles_title":"Flualprazolam Kaufen %%sep%% %%sitetitle%%","_seopress_titles_desc":"Flualprazolam ist ein neues synthetisches Benzodiazepin. Flualprazolam ist bekannt f\u00fcr seine stark sedierende, euphorisierende und muskelentspannende Wirkung.","_seopress_robots_index":""},"product_brand":[],"product_cat":[140],"product_tag":[],"class_list":{"0":"post-164","1":"product","2":"type-product","3":"status-publish","4":"has-post-thumbnail","6":"product_cat-forschungschemikalien","8":"first","9":"instock","10":"taxable","11":"shipping-taxable","12":"purchasable","13":"product-type-variable"},"_links":{"self":[{"href":"https:\/\/rc-chemlab.net\/pl\/wp-json\/wp\/v2\/product\/164","targetHints":{"allow":["GET"]}}],"collection":[{"href":"https:\/\/rc-chemlab.net\/pl\/wp-json\/wp\/v2\/product"}],"about":[{"href":"https:\/\/rc-chemlab.net\/pl\/wp-json\/wp\/v2\/types\/product"}],"replies":[{"embeddable":true,"href":"https:\/\/rc-chemlab.net\/pl\/wp-json\/wp\/v2\/comments?post=164"}],"version-history":[{"count":3,"href":"https:\/\/rc-chemlab.net\/pl\/wp-json\/wp\/v2\/product\/164\/revisions"}],"predecessor-version":[{"id":10290,"href":"https:\/\/rc-chemlab.net\/pl\/wp-json\/wp\/v2\/product\/164\/revisions\/10290"}],"wp:featuredmedia":[{"embeddable":true,"href":"https:\/\/rc-chemlab.net\/pl\/wp-json\/wp\/v2\/media\/10289"}],"wp:attachment":[{"href":"https:\/\/rc-chemlab.net\/pl\/wp-json\/wp\/v2\/media?parent=164"}],"wp:term":[{"taxonomy":"product_brand","embeddable":true,"href":"https:\/\/rc-chemlab.net\/pl\/wp-json\/wp\/v2\/product_brand?post=164"},{"taxonomy":"product_cat","embeddable":true,"href":"https:\/\/rc-chemlab.net\/pl\/wp-json\/wp\/v2\/product_cat?post=164"},{"taxonomy":"product_tag","embeddable":true,"href":"https:\/\/rc-chemlab.net\/pl\/wp-json\/wp\/v2\/product_tag?post=164"}],"curies":[{"name":"wp","href":"https:\/\/api.w.org\/{rel}","templated":true}]}}