{"id":162,"date":"2020-03-16T09:08:51","date_gmt":"2020-03-16T09:08:51","guid":{"rendered":"https:\/\/demo.creativethemes.com\/blocksy\/modern-shop\/?post_type=product&#038;p=162"},"modified":"2024-06-15T13:25:32","modified_gmt":"2024-06-15T13:25:32","slug":"4f-adb-kaufen","status":"publish","type":"product","link":"https:\/\/rc-chemlab.net\/pl\/product\/4f-adb-kaufen\/","title":{"rendered":"4F-ADB"},"content":{"rendered":"<h1>Kup 4F-ADB<\/h1>\n<h2>Co to jest proszek 4F-ADB?<\/h2>\n<p>4F-ADB to syntetyczny kannabinoid na bazie indazolu. Ma silny wp\u0142yw na receptory kannabinoidowe. Jest bardzo podobny do innych syntetycznych kannabinoid\u00f3w, takich jak 5F-ADB. Aby eksperymentowa\u0107 z tym kannabinoidem, potrzebujesz tylko ma\u0142ych dawek.<\/p>\n<p>Wynika to z tego, jak silna jest ta substancja chemiczna. Aby unikn\u0105\u0107 eksperymentowania, nale\u017cy dok\u0142adnie przestrzega\u0107 zasad bezpiecze\u0144stwa.<\/p>\n<h2>Kup 4F-ADB<\/h2>\n<p>4F-ADB najwy\u017cszej jako\u015bci jest sprzedawany przez Rc-Chemlab. Oferowany przez nas 4F-ADB jest dost\u0119pny w postaci proszku. Aby kupi\u0107 u nas 4F-ADB, musisz mie\u0107 uko\u0144czone 18 lat.<\/p>\n<p>Produkt nie jest przeznaczony dla ludzi ani zwierz\u0105t. Zosta\u0142 opracowany wy\u0142\u0105cznie do cel\u00f3w eksperymentalnych. Ponadto zakupu nale\u017cy dokona\u0107 w pe\u0142nej zgodno\u015bci z przepisami obowi\u0105zuj\u0105cymi w danym kraju.<\/p>\n<h2>Status prawny 4F-ADB<\/h2>\n<p>4F-ADB jest obecnie nieznany w wielu krajach i dlatego jest legalny w wielu miejscach. Mo\u017cna go jednak uzna\u0107 za analog 5F-ADB, co mo\u017ce uczyni\u0107 go nielegalnym w krajach o surowych przepisach dotycz\u0105cych analog\u00f3w, takich jak Stany Zjednoczone. Aby uzyska\u0107 wi\u0119cej informacji, prosimy o kontakt<a href=\"https:\/\/rc-chemlab.net\/pl\/kontakt\/\"> Kontakt z nami<\/a> na.<\/p>","protected":false},"excerpt":{"rendered":"<p>4F-ADB kaufen Was ist 4F-ADB Pulver? 4F-ADB ist ein synthetisches Indazol-basiertes Cannabinoid. Es wirkt sich stark auf die Cannabinoidrezeptoren aus.<\/p>","protected":false},"featured_media":10269,"comment_status":"open","ping_status":"closed","template":"","meta":{"_seopress_robots_primary_cat":"none","_seopress_titles_title":"4F-ADB kaufen %%sep%% %%sitetitle%%","_seopress_titles_desc":"4F-ADB kaufen - 4F-ADB ist ein synthetisches Indazol-basiertes Cannabinoid. Es wirkt sich stark auf die Cannabinoidrezeptoren aus.","_seopress_robots_index":""},"product_brand":[],"product_cat":[140],"product_tag":[],"class_list":{"0":"post-162","1":"product","2":"type-product","3":"status-publish","4":"has-post-thumbnail","6":"product_cat-forschungschemikalien","8":"first","9":"instock","10":"featured","11":"taxable","12":"shipping-taxable","13":"purchasable","14":"product-type-variable"},"_links":{"self":[{"href":"https:\/\/rc-chemlab.net\/pl\/wp-json\/wp\/v2\/product\/162","targetHints":{"allow":["GET"]}}],"collection":[{"href":"https:\/\/rc-chemlab.net\/pl\/wp-json\/wp\/v2\/product"}],"about":[{"href":"https:\/\/rc-chemlab.net\/pl\/wp-json\/wp\/v2\/types\/product"}],"replies":[{"embeddable":true,"href":"https:\/\/rc-chemlab.net\/pl\/wp-json\/wp\/v2\/comments?post=162"}],"version-history":[{"count":2,"href":"https:\/\/rc-chemlab.net\/pl\/wp-json\/wp\/v2\/product\/162\/revisions"}],"predecessor-version":[{"id":10270,"href":"https:\/\/rc-chemlab.net\/pl\/wp-json\/wp\/v2\/product\/162\/revisions\/10270"}],"wp:featuredmedia":[{"embeddable":true,"href":"https:\/\/rc-chemlab.net\/pl\/wp-json\/wp\/v2\/media\/10269"}],"wp:attachment":[{"href":"https:\/\/rc-chemlab.net\/pl\/wp-json\/wp\/v2\/media?parent=162"}],"wp:term":[{"taxonomy":"product_brand","embeddable":true,"href":"https:\/\/rc-chemlab.net\/pl\/wp-json\/wp\/v2\/product_brand?post=162"},{"taxonomy":"product_cat","embeddable":true,"href":"https:\/\/rc-chemlab.net\/pl\/wp-json\/wp\/v2\/product_cat?post=162"},{"taxonomy":"product_tag","embeddable":true,"href":"https:\/\/rc-chemlab.net\/pl\/wp-json\/wp\/v2\/product_tag?post=162"}],"curies":[{"name":"wp","href":"https:\/\/api.w.org\/{rel}","templated":true}]}}