{"id":159,"date":"2020-03-16T09:03:45","date_gmt":"2020-03-16T09:03:45","guid":{"rendered":"https:\/\/demo.creativethemes.com\/blocksy\/modern-shop\/?post_type=product&#038;p=159"},"modified":"2024-09-17T01:32:26","modified_gmt":"2024-09-17T01:32:26","slug":"3-fpm-kaufen","status":"publish","type":"product","link":"https:\/\/rc-chemlab.net\/pl\/product\/3-fpm-kaufen\/","title":{"rendered":"3-FPM"},"content":{"rendered":"<h1>Zakup 3-FPM<\/h1>\n<h2>Co to jest 3-FPM?<\/h2>\n<p>3FPM to skr\u00f3t od <a href=\"https:\/\/psychonautwiki.org\/wiki\/3-fpm\">3-Fluorofenmetrazyna<\/a>. 3-FPM jest stymulantem chemicznym do cel\u00f3w badawczych. 3-FPM nale\u017cy do klasy chemicznej fenylomorfoliny. Wyniki eksperyment\u00f3w z 3-FPM s\u0105 na og\u00f3\u0142 bardzo podobne i prawie identyczne jak w przypadku amfetaminy.<\/p>\n<p>Eksperymenty z 3-FPM generalnie prowadz\u0105 do zwi\u0119kszenia koncentracji i motywacji, przyspieszenia my\u015blenia i euforii. Wyniki te s\u0105 jednak cz\u0119sto opisywane jako mniej intensywne ni\u017c w przypadku amfetaminy lub innych stymulant\u00f3w. W wyniku zmniejszenia dawek 3-FPM, dwa wyniki by\u0142y mniej obecne: nerwowo\u015b\u0107 i bezsenno\u015b\u0107.<\/p>\n<h2>Gdzie mo\u017cna kupi\u0107 3-FPM?<\/h2>\n<p>W Chemical Planet oferujemy doskona\u0142y 3-FPM. Nasz 3-FPM jest dost\u0119pny w postaci granulatu i proszku. Mamy rozwi\u0105zanie dla ka\u017cdego preferowanego stanu chemicznego.<br \/>\nSprzedawany przez nas 3-FPM jest przeznaczony wy\u0142\u0105cznie do cel\u00f3w badawczych. Nie jest przeznaczony do u\u017cytku w pomieszczeniach. Ponadto, aby kupi\u0107 od nas 3-FPM, musisz mie\u0107 co najmniej 18 lat i musisz w pe\u0142ni przestrzega\u0107 przepis\u00f3w krajowych.<\/p>\n<h2>Status prawny 3-FPM<\/h2>\n<p>Kupno, sprzeda\u017c lub posiadanie 3-FPM jest nielegalne w Izraelu, Szwajcarii i USA. W Wielkiej Brytanii jest on uwa\u017cany za odpowiednik fenmetrazyny, kt\u00f3ra, gdy jest u\u017cywana do spo\u017cycia przez ludzi, jest narkotykiem z Wykazu II.<\/p>\n<p>Zawsze przechowywa\u0107 w ch\u0142odnym, suchym miejscu, aby zapewni\u0107 maksymalny okres trwa\u0142o\u015bci. Ten produkt jest przeznaczony wy\u0142\u0105cznie do cel\u00f3w kryminalistycznych i badawczych. Dlatego NIE jest przeznaczony do spo\u017cycia przez ludzi ani do jakichkolwiek test\u00f3w in vivo na zwierz\u0119tach lub \u017cywych organizmach. W celu uzyskania dalszych informacji prosimy o kontakt <a href=\"https:\/\/rc-chemlab.net\/pl\/kontakt\/\">Kontakt z nami<\/a> na.<\/p>","protected":false},"excerpt":{"rendered":"<p>3-FPM-Kaufen Was ist 3-FPM? 3FPM ist die Abk\u00fcrzung f\u00fcr 3-Fluorophenmetrazin. 3-FPM ist ein chemisches Stimulans f\u00fcr Forschungszwecke. 3-FPM ist eine<\/p>","protected":false},"featured_media":10264,"comment_status":"open","ping_status":"closed","template":"","meta":{"_seopress_robots_primary_cat":"none","_seopress_titles_title":"3-FPM-Kaufen %%sep%% %%sitetitle%%","_seopress_titles_desc":"3-FPM-Kaufen - 3FPM ist die Abk\u00fcrzung f\u00fcr 3-Fluorophenmetrazin. 3-FPM ist ein chemisches Stimulans f\u00fcr Forschungszwecke.","_seopress_robots_index":""},"product_brand":[],"product_cat":[140],"product_tag":[],"class_list":{"0":"post-159","1":"product","2":"type-product","3":"status-publish","4":"has-post-thumbnail","6":"product_cat-forschungschemikalien","8":"first","9":"instock","10":"featured","11":"taxable","12":"shipping-taxable","13":"purchasable","14":"product-type-variable"},"_links":{"self":[{"href":"https:\/\/rc-chemlab.net\/pl\/wp-json\/wp\/v2\/product\/159","targetHints":{"allow":["GET"]}}],"collection":[{"href":"https:\/\/rc-chemlab.net\/pl\/wp-json\/wp\/v2\/product"}],"about":[{"href":"https:\/\/rc-chemlab.net\/pl\/wp-json\/wp\/v2\/types\/product"}],"replies":[{"embeddable":true,"href":"https:\/\/rc-chemlab.net\/pl\/wp-json\/wp\/v2\/comments?post=159"}],"version-history":[{"count":4,"href":"https:\/\/rc-chemlab.net\/pl\/wp-json\/wp\/v2\/product\/159\/revisions"}],"predecessor-version":[{"id":10266,"href":"https:\/\/rc-chemlab.net\/pl\/wp-json\/wp\/v2\/product\/159\/revisions\/10266"}],"wp:featuredmedia":[{"embeddable":true,"href":"https:\/\/rc-chemlab.net\/pl\/wp-json\/wp\/v2\/media\/10264"}],"wp:attachment":[{"href":"https:\/\/rc-chemlab.net\/pl\/wp-json\/wp\/v2\/media?parent=159"}],"wp:term":[{"taxonomy":"product_brand","embeddable":true,"href":"https:\/\/rc-chemlab.net\/pl\/wp-json\/wp\/v2\/product_brand?post=159"},{"taxonomy":"product_cat","embeddable":true,"href":"https:\/\/rc-chemlab.net\/pl\/wp-json\/wp\/v2\/product_cat?post=159"},{"taxonomy":"product_tag","embeddable":true,"href":"https:\/\/rc-chemlab.net\/pl\/wp-json\/wp\/v2\/product_tag?post=159"}],"curies":[{"name":"wp","href":"https:\/\/api.w.org\/{rel}","templated":true}]}}