{"id":157,"date":"2020-03-16T09:02:10","date_gmt":"2020-03-16T09:02:10","guid":{"rendered":"https:\/\/demo.creativethemes.com\/blocksy\/modern-shop\/?post_type=product&#038;p=157"},"modified":"2024-11-16T20:01:58","modified_gmt":"2024-11-16T20:01:58","slug":"3-fma-kaufen","status":"publish","type":"product","link":"https:\/\/rc-chemlab.net\/pl\/product\/3-fma-kaufen\/","title":{"rendered":"3-FMA"},"content":{"rendered":"<h1>3-FMA Kupno<\/h1>\n<h2><strong><span data-contrast=\"auto\">Co to jest 3-FMA?<\/span><\/strong><\/h2>\n<p>3-FMA jest badanym zwi\u0105zkiem chemicznym z klasy podstawionych amfetamin. Struktury chemiczne 3-FMA i 4-FMA s\u0105 bardzo podobne do struktur 2-FMA, 3-FA, 4-FMA i 4-FA. 3-FMA jest skr\u00f3tem od 3-fluorometamfetaminy. Nie ma jeszcze wielu raport\u00f3w na temat wynik\u00f3w eksperyment\u00f3w z t\u0105 substancj\u0105 chemiczn\u0105, poniewa\u017c jest ona bardzo nowa.<\/p>\n<p>Dlatego podczas eksperymentowania z nim nale\u017cy przestrzega\u0107 \u015brodk\u00f3w bezpiecze\u0144stwa. Poprzednie raporty wykaza\u0142y jednak, \u017ce 3-FMA zapewnia stymulacj\u0119, wzmocnienie taktyczne, eufori\u0119 poznawcz\u0105, zniekszta\u0142cenie czasu, przyspieszenie proces\u00f3w my\u015blowych, czujno\u015b\u0107, wzmocnienie motywacji i wzmocnienie analizy. Podczas eksperymentowania z 3-FMA nale\u017cy nosi\u0107 okulary ochronne.<\/p>\n<h2><strong><span data-contrast=\"auto\">Gdzie mo\u017cna kupi\u0107 3-FMA?<\/span><\/strong><\/h2>\n<p>W Chemical Planet sprzedajemy najlepsze gatunki 3-FMA. Nasz 3-FMA jest zwykle dostarczany w postaci proszku. Czasami jednak dost\u0119pne s\u0105 alternatywne formaty. Je\u015bli chcesz kupi\u0107 3-FMA w innej formie, skontaktuj si\u0119 z nami.<\/p>\n<p>Aby kupi\u0107 3-FMA od nas, musisz mie\u0107 co najmniej 18 lat i w pe\u0142ni przestrzega\u0107 prawa swojego kraju. Akceptujemy zar\u00f3wno Bitcoin, jak i wszystkie g\u0142\u00f3wne karty kredytowe jako metody p\u0142atno\u015bci. Wysy\u0142ka tego samego dnia jest dost\u0119pna w wielu krajach.<\/p>\n<h2><strong><span data-contrast=\"auto\">3-FMA Legalno\u015b\u0107<\/span><\/strong><\/h2>\n<p>W USA 3-FMA jest najprawdopodobniej nielegalny, poniewa\u017c jest analogiem amfetaminy. W Wielkiej Brytanii 3-FMA jest uwa\u017cany za narkotyk klasy A. W Kanadzie 3-FMA jest narkotykiem z Wykazu 1. 3-FMA jest uwa\u017cany za substancj\u0119 kontrolowan\u0105 w Chinach. W Nowej Zelandii 3-FMA jest analogiem amfetaminy i jest nielegalny. W Niemczech jest to substancja kontrolowana. W celu uzyskania dalszych informacji prosimy o kontakt <a href=\"https:\/\/rc-chemlab.net\/pl\/kontakt\/\">Skontaktuj si\u0119 z nami<\/a> z nami.<\/p>","protected":false},"excerpt":{"rendered":"<p>3-FMA Kaufen Was ist 3-FMA? 3-FMA ist eine Forschungschemikalie der substituierten Amphetamine-Klasse. Die chemischen Strukturen von 3-FMA und 4-FMA \u00e4hneln<\/p>","protected":false},"featured_media":10260,"comment_status":"open","ping_status":"closed","template":"","meta":{"_seopress_robots_primary_cat":"none","_seopress_titles_title":"3-FMA kaufen %%sep%% %%sitetitle%%","_seopress_titles_desc":"3-FMA kaufen - 3-FMA ist eine Forschungschemikalie der substituierten Amphetamine-Klasse.","_seopress_robots_index":""},"product_brand":[],"product_cat":[140],"product_tag":[],"class_list":{"0":"post-157","1":"product","2":"type-product","3":"status-publish","4":"has-post-thumbnail","6":"product_cat-forschungschemikalien","8":"first","9":"instock","10":"featured","11":"taxable","12":"shipping-taxable","13":"purchasable","14":"product-type-variable"},"_links":{"self":[{"href":"https:\/\/rc-chemlab.net\/pl\/wp-json\/wp\/v2\/product\/157","targetHints":{"allow":["GET"]}}],"collection":[{"href":"https:\/\/rc-chemlab.net\/pl\/wp-json\/wp\/v2\/product"}],"about":[{"href":"https:\/\/rc-chemlab.net\/pl\/wp-json\/wp\/v2\/types\/product"}],"replies":[{"embeddable":true,"href":"https:\/\/rc-chemlab.net\/pl\/wp-json\/wp\/v2\/comments?post=157"}],"version-history":[{"count":3,"href":"https:\/\/rc-chemlab.net\/pl\/wp-json\/wp\/v2\/product\/157\/revisions"}],"predecessor-version":[{"id":10261,"href":"https:\/\/rc-chemlab.net\/pl\/wp-json\/wp\/v2\/product\/157\/revisions\/10261"}],"wp:featuredmedia":[{"embeddable":true,"href":"https:\/\/rc-chemlab.net\/pl\/wp-json\/wp\/v2\/media\/10260"}],"wp:attachment":[{"href":"https:\/\/rc-chemlab.net\/pl\/wp-json\/wp\/v2\/media?parent=157"}],"wp:term":[{"taxonomy":"product_brand","embeddable":true,"href":"https:\/\/rc-chemlab.net\/pl\/wp-json\/wp\/v2\/product_brand?post=157"},{"taxonomy":"product_cat","embeddable":true,"href":"https:\/\/rc-chemlab.net\/pl\/wp-json\/wp\/v2\/product_cat?post=157"},{"taxonomy":"product_tag","embeddable":true,"href":"https:\/\/rc-chemlab.net\/pl\/wp-json\/wp\/v2\/product_tag?post=157"}],"curies":[{"name":"wp","href":"https:\/\/api.w.org\/{rel}","templated":true}]}}